{"id":125,"date":"2023-01-04T18:49:28","date_gmt":"2023-01-04T17:49:28","guid":{"rendered":"https:\/\/consmontreal.esteri.it\/chi-siamo\/la-sede\/"},"modified":"2024-03-28T16:57:31","modified_gmt":"2024-03-28T15:57:31","slug":"la-sede","status":"publish","type":"page","link":"https:\/\/consmontreal.esteri.it\/fr\/chi-siamo\/la-sede\/","title":{"rendered":"Le si\u00e8ge"},"content":{"rendered":"<p><img decoding=\"async\" class=\"alignnone size-medium wp-image-122 img-fluid\" src=\"https:\/\/consmontreal.esteri.it\/wp-content\/uploads\/2023\/01\/foto_consolato_generale-montreal.jpg\" alt=\"foto Consolato Generale Montreal\" width=\"600\" srcset=\"https:\/\/consmontreal.esteri.it\/wp-content\/uploads\/2023\/01\/foto_consolato_generale-montreal.jpg 1139w, https:\/\/consmontreal.esteri.it\/wp-content\/uploads\/2023\/01\/foto_consolato_generale-montreal-300x199.jpg 300w, https:\/\/consmontreal.esteri.it\/wp-content\/uploads\/2023\/01\/foto_consolato_generale-montreal-1024x681.jpg 1024w, https:\/\/consmontreal.esteri.it\/wp-content\/uploads\/2023\/01\/foto_consolato_generale-montreal-768x510.jpg 768w\" sizes=\"(max-width: 1139px) 100vw, 1139px\" \/><\/p>\n<p><strong>Le Consulat G\u00e9n\u00e9ral d&#8217;Italie \u00e0 Montr\u00e9al<\/strong><\/p>\n<p>3489 Drummond<br \/>\nMontreal, Quebec H3G 1X6<br \/>\nTel.: +1 514-849-8351<br \/>\nFax: +1 514-499-9471<br \/>\nEmail: consolato.montreal@esteri.it<br \/>\nPEC:\u00a0<a href=\"mailto:con.montreal@cert.esteri.it\">con.montreal@cert.esteri.it<\/a><\/p>\n<div>\n<div id=\"gmap_canvas\"><a id=\"get-map-data\" class=\"google-map-code\" href=\"http:\/\/www.webdesign-muenchen.me\/\">Le Consulat G\u00e9n\u00e9ral d&#8217;Italie \u00e0 Montr\u00e9al<\/a><\/div>\n<\/div>\n","protected":false},"excerpt":{"rendered":"Le Consulat G\u00e9n\u00e9ral d&#8217;Italie \u00e0 Montr\u00e9al 3489 Drummond Montreal, Quebec H3G 1X6 Tel.: +1 514-849-8351 Fax: +1 514-499-9471 Email: consolato.montreal@esteri.it PEC:\u00a0con.montreal@cert.esteri.it Le Consulat G\u00e9n\u00e9ral d&#8217;Italie \u00e0 Montr\u00e9al","protected":false},"author":2,"featured_media":0,"parent":43,"menu_order":0,"comment_status":"closed","ping_status":"closed","template":"","meta":{"footnotes":""},"class_list":["post-125","page","type-page","status-publish","hentry"],"_links":{"self":[{"href":"https:\/\/consmontreal.esteri.it\/fr\/wp-json\/wp\/v2\/pages\/125","targetHints":{"allow":["GET"]}}],"collection":[{"href":"https:\/\/consmontreal.esteri.it\/fr\/wp-json\/wp\/v2\/pages"}],"about":[{"href":"https:\/\/consmontreal.esteri.it\/fr\/wp-json\/wp\/v2\/types\/page"}],"author":[{"embeddable":true,"href":"https:\/\/consmontreal.esteri.it\/fr\/wp-json\/wp\/v2\/users\/2"}],"replies":[{"embeddable":true,"href":"https:\/\/consmontreal.esteri.it\/fr\/wp-json\/wp\/v2\/comments?post=125"}],"version-history":[{"count":1,"href":"https:\/\/consmontreal.esteri.it\/fr\/wp-json\/wp\/v2\/pages\/125\/revisions"}],"predecessor-version":[{"id":2956,"href":"https:\/\/consmontreal.esteri.it\/fr\/wp-json\/wp\/v2\/pages\/125\/revisions\/2956"}],"up":[{"embeddable":true,"href":"https:\/\/consmontreal.esteri.it\/fr\/wp-json\/wp\/v2\/pages\/43"}],"wp:attachment":[{"href":"https:\/\/consmontreal.esteri.it\/fr\/wp-json\/wp\/v2\/media?parent=125"}],"curies":[{"name":"wp","href":"https:\/\/api.w.org\/{rel}","templated":true}]}}