{"id":139,"date":"2023-01-04T18:50:36","date_gmt":"2023-01-04T17:50:36","guid":{"rendered":"https:\/\/consmontreal.esteri.it\/chi-siamo\/contatti\/"},"modified":"2025-02-12T16:28:43","modified_gmt":"2025-02-12T15:28:43","slug":"contatti","status":"publish","type":"page","link":"https:\/\/consmontreal.esteri.it\/fr\/chi-siamo\/contatti\/","title":{"rendered":"Contacts"},"content":{"rendered":"<p><strong>PEC (Posta Elettronica Certificata<\/strong>)<br \/>\n<a href=\"mailto:con.montreal@cert.esteri.it\">con.montreal@cert.esteri.it<\/a><\/p>\n<p><strong>Courriel g\u00e9n\u00e9rale<\/strong><br \/>\n<a href=\"mailto:montreal.consolato@esteri.it\">montreal.consolato@esteri.it<\/a><br \/>\nTel: +1 514 849-8351<br \/>\nFax: +1 514 499-9471<\/p>\n<p><strong>Secr\u00e9tariat du Consul G\u00e9n\u00e9ral et du Consul Commercial<br \/>\n<\/strong><a href=\"mailto:montreal.segreteria@esteri.it\" target=\"_blank\" rel=\"noopener\">montreal.segreteria@esteri.it<br \/>\n<\/a>+1 514 849-7847<\/p>\n<p><strong>Administration (Bureau\u00a0 Comptable)<\/strong><br \/>\n<a href=\"mailto:montreal.amm@esteri.it\">montreal.amm@esteri.it<\/a><\/p>\n<div class=\"entry-content\">\n<p><strong>Bureau d&#8217;Enregistrement\/\u00c9tat Civil<br \/>\n<\/strong><a href=\"mailto:montreal.aire@esteri.it\" target=\"_blank\" rel=\"noopener\">montreal.aire@esteri.it<\/a><\/p>\n<p><strong>Citoyennet\u00e9<br \/>\n<\/strong><a href=\"mailto:montreal.cittadinanza@esteri.it\" target=\"_blank\" rel=\"noopener\">montreal.cittadinanza@esteri.it<\/a><\/p>\n<p><strong>Section \u00c9conomique\u00a0<\/strong><br \/>\n<a href=\"mailto:montreal.commerciale@esteri.it\">montreal.commerciale@esteri.it<\/a><\/p>\n<p><strong>\u00c9ducation<\/strong><br \/>\n<a href=\"mailto:montreal.scuola@esteri.it\">montreal.scuola@esteri.it<\/a><\/p>\n<p><strong>Bureau Notarial<\/strong><br \/>\n<a href=\"mailto:montreal.notarile@esteri.it\">montreal.notarile@esteri.it<\/a><\/p>\n<p><strong>Passeports<br \/>\n<\/strong><a href=\"mailto:montreal.passaporti@esteri.it\" target=\"_blank\" rel=\"noopener\">montreal.passaporti@esteri.it<\/a><\/p>\n<p><strong>Retraites\/Services Sociaux<br \/>\n<\/strong><a href=\"mailto:montreal.consolato@esteri.it\" target=\"_blank\" rel=\"noopener\">montreal.consolato@esteri.it<\/a><\/p>\n<p><strong>Visas<br \/>\n<\/strong><a href=\"mailto:montreal.visti@esteri.it\" target=\"_blank\" rel=\"noopener\">montreal.visti@esteri.it<\/a><\/p>\n<\/div>\n<footer class=\"entry-footer\"><\/footer>\n","protected":false},"excerpt":{"rendered":"PEC (Posta Elettronica Certificata) con.montreal@cert.esteri.it Courriel g\u00e9n\u00e9rale montreal.consolato@esteri.it Tel: +1 514 849-8351 Fax: +1 514 499-9471 Secr\u00e9tariat du Consul G\u00e9n\u00e9ral et du Consul Commercial montreal.segreteria@esteri.it +1 514 849-7847 Administration (Bureau\u00a0 Comptable) montreal.amm@esteri.it Bureau d&#8217;Enregistrement\/\u00c9tat Civil montreal.aire@esteri.it Citoyennet\u00e9 montreal.cittadinanza@esteri.it Section \u00c9conomique\u00a0 montreal.commerciale@esteri.it \u00c9ducation montreal.scuola@esteri.it Bureau Notarial montreal.notarile@esteri.it Passeports montreal.passaporti@esteri.it Retraites\/Services Sociaux montreal.consolato@esteri.it Visas montreal.visti@esteri.it","protected":false},"author":2,"featured_media":0,"parent":43,"menu_order":0,"comment_status":"closed","ping_status":"closed","template":"","meta":{"footnotes":""},"class_list":["post-139","page","type-page","status-publish","hentry"],"_links":{"self":[{"href":"https:\/\/consmontreal.esteri.it\/fr\/wp-json\/wp\/v2\/pages\/139","targetHints":{"allow":["GET"]}}],"collection":[{"href":"https:\/\/consmontreal.esteri.it\/fr\/wp-json\/wp\/v2\/pages"}],"about":[{"href":"https:\/\/consmontreal.esteri.it\/fr\/wp-json\/wp\/v2\/types\/page"}],"author":[{"embeddable":true,"href":"https:\/\/consmontreal.esteri.it\/fr\/wp-json\/wp\/v2\/users\/2"}],"replies":[{"embeddable":true,"href":"https:\/\/consmontreal.esteri.it\/fr\/wp-json\/wp\/v2\/comments?post=139"}],"version-history":[{"count":6,"href":"https:\/\/consmontreal.esteri.it\/fr\/wp-json\/wp\/v2\/pages\/139\/revisions"}],"predecessor-version":[{"id":4635,"href":"https:\/\/consmontreal.esteri.it\/fr\/wp-json\/wp\/v2\/pages\/139\/revisions\/4635"}],"up":[{"embeddable":true,"href":"https:\/\/consmontreal.esteri.it\/fr\/wp-json\/wp\/v2\/pages\/43"}],"wp:attachment":[{"href":"https:\/\/consmontreal.esteri.it\/fr\/wp-json\/wp\/v2\/media?parent=139"}],"curies":[{"name":"wp","href":"https:\/\/api.w.org\/{rel}","templated":true}]}}