{"id":152,"date":"2023-01-04T18:50:52","date_gmt":"2023-01-04T17:50:52","guid":{"rendered":"https:\/\/consmontreal.esteri.it\/chi-siamo\/la-rete-consolare\/"},"modified":"2025-06-26T15:46:06","modified_gmt":"2025-06-26T13:46:06","slug":"la-rete-consolare","status":"publish","type":"page","link":"https:\/\/consmontreal.esteri.it\/fr\/chi-siamo\/la-rete-consolare\/","title":{"rendered":"Le r\u00e9seau consulaire"},"content":{"rendered":"<p><strong>La circonscription territoriale du Consulat G\u00e9n\u00e9ral d&#8217;Italie \u00e0 Montr\u00e9al comprend le provinces suivantes:<\/strong><\/p>\n<ul>\n<li>Quebec (except\u00e9 la region de l&#8217;Outaouais)<\/li>\n<li>Nouvelle Ecosse<\/li>\n<li>Nouveau Brunswick<\/li>\n<li>Terreneuve et Labrador<\/li>\n<li>Ile du Prince Edouard<\/li>\n<li>Territoire du Nunavut<\/li>\n<\/ul>\n<p>Per v\u00e9rifier votre Consulat de comp\u00e9tence on vous prie de consulter: <a href=\"https:\/\/serviziconsolari.esteri.it\/\" target=\"_blank\" rel=\"noopener\"><strong>Portale dei Servizi Consolari<\/strong><\/a><\/p>\n<p>&nbsp;<\/p>\n<p><strong>CONSULATS HONORAIRES<\/strong><\/p>\n<p>QUEBEC &#8211; (QUEBEC)<br \/>\nConsul Honoraire : Diego Mantovani<br \/>\nAdresse : 564 avenue Murray, Qu\u00e9bec, QC G1S 4T7<br \/>\nTel. : +1-418-529-9801<br \/>\nEmail:\u00a0<a href=\"mailto:quebec.onorario@esteri.it\" target=\"_blank\" rel=\"noopener\">quebec.onorario@esteri.it<\/a><\/p>\n<p>HALIFAX &#8211; (NOVA SCOTIA)<br \/>\nConsul Honoraire : Marilisa Benigno<br \/>\nAdresse : 1574 Argyle Street Suite 7, Halifax, NS B3J 2B3<br \/>\nTel. : +1-902-422-0066<br \/>\nFax : +1-902-455-8958<br \/>\nEmail:\u00a0<a href=\"mailto:itconsul@eastlink.ca\" target=\"_blank\" rel=\"noopener\">itconsul@eastlink.ca<\/a><\/p>\n<p><strong>CORRESPONDANTS CONSULAIRES<\/strong><\/p>\n<p>MONCTON &#8211; (NEW BRUNSWICK)<br \/>\nCorr\u00e9spondant Consulaire : Francesco Calazzo<br \/>\nAdresse: 42 Princess Street, Moncton, NB E12C 2E4<br \/>\nTel.: +1-506-269-7127<br \/>\nEmail: <a href=\"mailto:francesco.calazzo@gmail.com\">francesco.calazzo@gmail.com<\/a><\/p>\n<p>ST. JOHN\u2019S &#8211; (NEWFOUNDLAND AND LABRADOR)<br \/>\nCorr\u00e9spondant Consulaire : Guido Del Rizzo<br \/>\nAdresse : POX 5993 St. John\u2019s, NFDL A1C 5X4<br \/>\nTel. : +1-709-368-8800<br \/>\nFax : +1-709-747-1083<br \/>\nEmail:\u00a0<a href=\"mailto:delcontracting@nl.rogers.com\" target=\"_blank\" rel=\"noopener\">delcontracting@nl.rogers.com<\/a><\/p>\n<p><strong>AMBASSADE ET CONSULATS AU CANADA<\/strong><\/p>\n<p><a title=\"Ambassade d'Italie a Ottawa\" href=\"https:\/\/ambottawa.esteri.it\/it\/\"><strong>Ambassade d&#8217;Italie \u00e0 Ottawa<\/strong><\/a><br \/>\n275 Slater Street, 21st Floor<br \/>\nOttawa, Ontario K1P 5H9<br \/>\nTel. (613) 232 2401<br \/>\nFax (613).233 1484<br \/>\nEmail:\u00a0<a href=\"mailto:ambasciata.ottawa@esteri.it\">ambasciata.ottawa@esteri.it<\/a><\/p>\n<p><a title=\"Consulat General de Toronto\" href=\"https:\/\/constoronto.esteri.it\/it\/\"><strong>Consulat G\u00e9n\u00e9ral de Toronto<\/strong><\/a><br \/>\n136 Beverley Street<br \/>\nTORONTO, Ontario M5T 1Y5<br \/>\nTel. (416) 977 1566<br \/>\nFax (416) 977 1119<br \/>\nE-mail:\u00a0<a href=\"mailto:archivio.toronto@esteri.it\">archivio.toronto@esteri.it<\/a><\/p>\n<p><a title=\"Consulat General de Vancouver\" href=\"https:\/\/consvancouver.esteri.it\/it\/\"><strong>Consulat G\u00e9n\u00e9ral de Vancouver<\/strong><\/a><br \/>\nStandard Building<br \/>\n1100-510 West Hastings Street<br \/>\nVANCOUVER, B.C. &#8211; V6B 1L8<br \/>\nTel. (604) 684-7288<br \/>\nFax. (604) 685-4263<br \/>\nE-mail:\u00a0<a href=\"mailto:consolato.vancouver@esteri.it\">consolato.vancouver@esteri.it<\/a><\/p>\n<p><strong>Guichet Consulaire de Edmonton<\/strong><br \/>\n2592 Commerce Place<br \/>\n10155-102 Street<br \/>\nEdmonton, Alberta T5J 4G8<br \/>\nTel. (780) 423.5153<br \/>\nFax (780) 423.5176<br \/>\nE-mail:\u00a0<a href=\"mailto:edmonton.vancouver@esteri.it\">edmonton.vancouver@esteri.it<\/a><\/p>\n<p><strong>INSTITUTS CULTURELS ITALIENS AU CANADA<\/strong><\/p>\n<p><a title=\"Institut Culturel Italien de Montreal\" href=\"https:\/\/iicmontreal.esteri.it\/it\/\"><strong>Institut Culturel Italien de Montr\u00e9al<\/strong><\/a><br \/>\n1200 Docteur Penfield Avenue<br \/>\nMONTR\u00c9AL, Qu\u00e9bec H3A 1A9<br \/>\nTel. (514) 849-3473<br \/>\nFax (514) 849-2569<\/p>\n<p><a title=\"Institut Culturel Italien de Toronto\" href=\"https:\/\/iictoronto.esteri.it\/it\/\"><strong>Institut Culturel Italien de Toronto<\/strong><\/a><br \/>\n496 Huron Street<br \/>\nTORONTO, Ontario M5R 2R3<br \/>\nTel. (416) 921-3802<br \/>\nFax (416) 962-2503<\/p>\n<p><strong>AUTRES ORGANISMES ITALIENS AU CANADA<\/strong><\/p>\n<p><a title=\"Delegation Commerciale Ityalienne Toronto\" href=\"https:\/\/www.italtrade.com\/countries\/americas\/canada_en\/toronto.htm\"><strong>D\u00e9l\u00e9gation Commerciale Italienne &#8211; Toronto<\/strong><\/a><br \/>\n438 University Avenue<br \/>\nSuite 1818, Box 112<br \/>\nTORONTO, Ontario M5G 2K8<br \/>\nTel. (416) 598-1566<br \/>\nFax (416) 598-1610<\/p>\n<p><a title=\"Delegation commerciale Italienne Montreal\" href=\"https:\/\/www.ice.gov.it\/paesi\/america\/canada\/ufficio2.htm?sede\"><strong>D\u00e9l\u00e9gation Commerciale Italienne &#8211; Montr\u00e9al<\/strong><\/a><br \/>\n1001, Boul. de Maisonneuve ouest, Bureau 930<br \/>\nMONTR\u00c9AL, Qu\u00e9bec H3A 3C8<br \/>\nTel. (514) 284-0265<br \/>\nFax (514) 284-0362<br \/>\nEmail:\u00a0<a href=\"mailto:montreal.montreal@ice.it\">montreal.montreal@ice.it<\/a><\/p>\n<p><a title=\"Bureau du Tourisme Italien\" href=\"https:\/\/www.italiantourism.com\/\"><strong>Bureau du Tourisme Italien<\/strong><\/a><br \/>\n175 Bloor Street East suite 907 &#8211; South Tower<br \/>\nTORONTO, Ontario M4W 3R8<\/p>\n","protected":false},"excerpt":{"rendered":"La circonscription territoriale du Consulat G\u00e9n\u00e9ral d&#8217;Italie \u00e0 Montr\u00e9al comprend le provinces suivantes: Quebec (except\u00e9 la region de l&#8217;Outaouais) Nouvelle Ecosse Nouveau Brunswick Terreneuve et Labrador Ile du Prince Edouard Territoire du Nunavut Per v\u00e9rifier votre Consulat de comp\u00e9tence on vous prie de consulter: Portale dei Servizi Consolari &nbsp; CONSULATS HONORAIRES QUEBEC &#8211; (QUEBEC) Consul [&hellip;]","protected":false},"author":2,"featured_media":0,"parent":43,"menu_order":0,"comment_status":"closed","ping_status":"closed","template":"","meta":{"footnotes":""},"class_list":["post-152","page","type-page","status-publish","hentry"],"_links":{"self":[{"href":"https:\/\/consmontreal.esteri.it\/fr\/wp-json\/wp\/v2\/pages\/152","targetHints":{"allow":["GET"]}}],"collection":[{"href":"https:\/\/consmontreal.esteri.it\/fr\/wp-json\/wp\/v2\/pages"}],"about":[{"href":"https:\/\/consmontreal.esteri.it\/fr\/wp-json\/wp\/v2\/types\/page"}],"author":[{"embeddable":true,"href":"https:\/\/consmontreal.esteri.it\/fr\/wp-json\/wp\/v2\/users\/2"}],"replies":[{"embeddable":true,"href":"https:\/\/consmontreal.esteri.it\/fr\/wp-json\/wp\/v2\/comments?post=152"}],"version-history":[{"count":6,"href":"https:\/\/consmontreal.esteri.it\/fr\/wp-json\/wp\/v2\/pages\/152\/revisions"}],"predecessor-version":[{"id":5276,"href":"https:\/\/consmontreal.esteri.it\/fr\/wp-json\/wp\/v2\/pages\/152\/revisions\/5276"}],"up":[{"embeddable":true,"href":"https:\/\/consmontreal.esteri.it\/fr\/wp-json\/wp\/v2\/pages\/43"}],"wp:attachment":[{"href":"https:\/\/consmontreal.esteri.it\/fr\/wp-json\/wp\/v2\/media?parent=152"}],"curies":[{"name":"wp","href":"https:\/\/api.w.org\/{rel}","templated":true}]}}