{"id":159,"date":"2023-01-04T18:51:08","date_gmt":"2023-01-04T17:51:08","guid":{"rendered":"https:\/\/consmontreal.esteri.it\/italia-e-canada\/diplomazia-culturale\/"},"modified":"2024-02-05T19:25:26","modified_gmt":"2024-02-05T18:25:26","slug":"diplomazia-culturale","status":"publish","type":"page","link":"https:\/\/consmontreal.esteri.it\/fr\/italia-e-canada\/diplomazia-culturale\/","title":{"rendered":"Diplomatie Culturelle"},"content":{"rendered":"<p class=\"boxLevel04\">Les relations culturelles entre l\u2019Italie et le Canada sont en \u00e9volution continue.<\/p>\n<p>Chaque ann\u00e9e, une s\u00e9rie d\u2019\u00e9v\u00e9nements d\u00e9di\u00e9s \u00e0 la culture et aux traditions de notre Pays sont organis\u00e9es dans les grandes villes canadiennes. \u00c0 titre d\u2019exemple, on peut citer la Semaine de la Cuisine italienne au Monde et la Semaine de la Langue italienne au Monde, les festivals de cin\u00e9ma d\u00e9di\u00e9s aux ma\u00eetres du cin\u00e9ma italien tels le Festival du film de l\u2019Union Europ\u00e9enne et l\u2019Italian Contemporary Film Festival, le plus grand festival du cin\u00e9ma italien contemporain \u00e0 l\u2019\u00e9tranger. \u00c0 ne pas oublier, la Journ\u00e9e du Design, les expositions artistiques et les rendez-vous d\u00e9sormais traditionnels des Semaines italiennes dans les communaut\u00e9s d\u2019origine italienne.<\/p>\n<p>Ces \u00e9v\u00e9nements, en m\u00e9langeant \u00e9l\u00e9ments artistiques, religieux, sportifs, sociaux, musicaux et gastronomiques, valorisent les traditions et le caract\u00e8re unique de notre Pays qui ont toujours fascin\u00e9 le monde entier.<\/p>\n<p><strong>Le Service Culturel de l\u2019Ambassade d\u2019Italie \u00e0 Ottawa<\/strong> joue un r\u00f4le important dans le renforcement des relations culturelles entre les deux Pays gr\u00e2ce \u00e0 une s\u00e9rie d\u2019activit\u00e9s dans les domaines de la promotion des langues, de la pr\u00e9servation du patrimoine culturel, cin\u00e9matographique et audiovisuel, litt\u00e9raire, musical et artistique.<\/p>\n<p>Pour plus d&#8217;informations, consultez le <a href=\"https:\/\/ambottawa.esteri.it\/fr\/italia-e-canada\/diplomazia-culturale\/\">site de l&#8217;Ambassade d&#8217;Italie \u00e0 Ottawa<\/a>.<\/p>\n","protected":false},"excerpt":{"rendered":"Les relations culturelles entre l\u2019Italie et le Canada sont en \u00e9volution continue. Chaque ann\u00e9e, une s\u00e9rie d\u2019\u00e9v\u00e9nements d\u00e9di\u00e9s \u00e0 la culture et aux traditions de notre Pays sont organis\u00e9es dans les grandes villes canadiennes. \u00c0 titre d\u2019exemple, on peut citer la Semaine de la Cuisine italienne au Monde et la Semaine de la Langue italienne [&hellip;]","protected":false},"author":2,"featured_media":0,"parent":38,"menu_order":0,"comment_status":"closed","ping_status":"closed","template":"","meta":{"footnotes":""},"class_list":["post-159","page","type-page","status-publish","hentry"],"_links":{"self":[{"href":"https:\/\/consmontreal.esteri.it\/fr\/wp-json\/wp\/v2\/pages\/159","targetHints":{"allow":["GET"]}}],"collection":[{"href":"https:\/\/consmontreal.esteri.it\/fr\/wp-json\/wp\/v2\/pages"}],"about":[{"href":"https:\/\/consmontreal.esteri.it\/fr\/wp-json\/wp\/v2\/types\/page"}],"author":[{"embeddable":true,"href":"https:\/\/consmontreal.esteri.it\/fr\/wp-json\/wp\/v2\/users\/2"}],"replies":[{"embeddable":true,"href":"https:\/\/consmontreal.esteri.it\/fr\/wp-json\/wp\/v2\/comments?post=159"}],"version-history":[{"count":1,"href":"https:\/\/consmontreal.esteri.it\/fr\/wp-json\/wp\/v2\/pages\/159\/revisions"}],"predecessor-version":[{"id":2358,"href":"https:\/\/consmontreal.esteri.it\/fr\/wp-json\/wp\/v2\/pages\/159\/revisions\/2358"}],"up":[{"embeddable":true,"href":"https:\/\/consmontreal.esteri.it\/fr\/wp-json\/wp\/v2\/pages\/38"}],"wp:attachment":[{"href":"https:\/\/consmontreal.esteri.it\/fr\/wp-json\/wp\/v2\/media?parent=159"}],"curies":[{"name":"wp","href":"https:\/\/api.w.org\/{rel}","templated":true}]}}