{"id":1600,"date":"2023-04-28T23:30:47","date_gmt":"2023-04-28T21:30:47","guid":{"rendered":"https:\/\/consmontreal.esteri.it\/?page_id=1600"},"modified":"2025-02-12T16:26:21","modified_gmt":"2025-02-12T15:26:21","slug":"numero-durgence","status":"publish","type":"page","link":"https:\/\/consmontreal.esteri.it\/fr\/chi-siamo\/la-sede\/numero-durgence\/","title":{"rendered":"Num\u00e9ro d&#8217;Urgence"},"content":{"rendered":"<p>Pour une assistance exclusivement r\u00e9serv\u00e9e aux <strong>citoyens italiens<\/strong> <strong>en cas d&#8217;urgence av\u00e9r\u00e9e<\/strong> en dehors des heures de bureau, les num\u00e9ros suivants sont disponibles:<\/p>\n<ul>\n<li><strong>Num\u00e9ro d&#8217;urgence du Consulat g\u00e9n\u00e9ral 001 (514) 240 9991<\/strong> fonctionnant du lundi au vendredi de 17 heures \u00e0 21 heures ; les jours f\u00e9ri\u00e9s de 9 heures \u00e0 21 heures.<\/li>\n<\/ul>\n<p><span style=\"text-decoration: underline;\">Les appels concernant les formalit\u00e9s consulaires ordinaires (passeports, visas, etc.) ne sont pas pris en compte.<\/span><\/p>\n<ul>\n<li><strong>Num\u00e9ro de l&#8217;agent de service du minist\u00e8re des affaires \u00e9trang\u00e8res et de la coop\u00e9ration internationale 0039 06 3691 2666<\/strong>, op\u00e9rationnel pour toutes les autres plages horaires.<\/li>\n<\/ul>\n<p>En cas de besoin r\u00e9el, le fonctionnaire de service du minist\u00e8re des Affaires \u00e9trang\u00e8res et de la Coop\u00e9ration internationale contactera rapidement les fonctionnaires du Consulat g\u00e9n\u00e9ral \u00e0 Montr\u00e9al.<\/p>\n<p>En cas <strong>d&#8217;accidents graves, de situations comportant des risques sanitaires imm\u00e9diats ou des dangers pour la s\u00e9curit\u00e9 des personnes<\/strong>, lorsqu&#8217;une assistance urgente est requise de la part des autorit\u00e9s sanitaires locales, de la police ou des pompiers, il est conseill\u00e9 d&#8217;<strong>appeler directement le num\u00e9ro d&#8217;appel d&#8217;urgence unique : 911.<\/strong><\/p>\n<p>&nbsp;<\/p>\n<p>&nbsp;<\/p>\n<p>&nbsp;<\/p>\n<p>&nbsp;<\/p>\n","protected":false},"excerpt":{"rendered":"Pour une assistance exclusivement r\u00e9serv\u00e9e aux citoyens italiens en cas d&#8217;urgence av\u00e9r\u00e9e en dehors des heures de bureau, les num\u00e9ros suivants sont disponibles: Num\u00e9ro d&#8217;urgence du Consulat g\u00e9n\u00e9ral 001 (514) 240 9991 fonctionnant du lundi au vendredi de 17 heures \u00e0 21 heures ; les jours f\u00e9ri\u00e9s de 9 heures \u00e0 21 heures. Les appels [&hellip;]","protected":false},"author":8,"featured_media":0,"parent":125,"menu_order":0,"comment_status":"closed","ping_status":"closed","template":"","meta":{"footnotes":""},"class_list":["post-1600","page","type-page","status-publish","hentry"],"_links":{"self":[{"href":"https:\/\/consmontreal.esteri.it\/fr\/wp-json\/wp\/v2\/pages\/1600","targetHints":{"allow":["GET"]}}],"collection":[{"href":"https:\/\/consmontreal.esteri.it\/fr\/wp-json\/wp\/v2\/pages"}],"about":[{"href":"https:\/\/consmontreal.esteri.it\/fr\/wp-json\/wp\/v2\/types\/page"}],"author":[{"embeddable":true,"href":"https:\/\/consmontreal.esteri.it\/fr\/wp-json\/wp\/v2\/users\/8"}],"replies":[{"embeddable":true,"href":"https:\/\/consmontreal.esteri.it\/fr\/wp-json\/wp\/v2\/comments?post=1600"}],"version-history":[{"count":3,"href":"https:\/\/consmontreal.esteri.it\/fr\/wp-json\/wp\/v2\/pages\/1600\/revisions"}],"predecessor-version":[{"id":4628,"href":"https:\/\/consmontreal.esteri.it\/fr\/wp-json\/wp\/v2\/pages\/1600\/revisions\/4628"}],"up":[{"embeddable":true,"href":"https:\/\/consmontreal.esteri.it\/fr\/wp-json\/wp\/v2\/pages\/125"}],"wp:attachment":[{"href":"https:\/\/consmontreal.esteri.it\/fr\/wp-json\/wp\/v2\/media?parent=1600"}],"curies":[{"name":"wp","href":"https:\/\/api.w.org\/{rel}","templated":true}]}}