{"id":173,"date":"2023-01-04T18:51:14","date_gmt":"2023-01-04T17:51:14","guid":{"rendered":"https:\/\/consmontreal.esteri.it\/italia-e-canada\/diplomazia-scientifica\/"},"modified":"2024-02-05T19:33:19","modified_gmt":"2024-02-05T18:33:19","slug":"diplomazia-scientifica","status":"publish","type":"page","link":"https:\/\/consmontreal.esteri.it\/fr\/italia-e-canada\/diplomazia-scientifica\/","title":{"rendered":"Diplomatie Scientifique"},"content":{"rendered":"<p>Dans le secteur scientifique et technologique, la collaboration entre l\u2019Italie et le Canada est solide et de longue dur\u00e9e, aussi gr\u00e2ce \u00e0 l\u2019Accord sur la Collaboration culturelle, sign\u00e9 \u00e0 Ottawa en 1984, qui promeut, entre autres, la mobilit\u00e9 des chercheurs et la r\u00e9alisation de projets communs. L\u2019Accord est ex\u00e9cut\u00e9 \u00e0 la suite de la ren\u00e9gociation tous les trois ans du Programme ex\u00e9cutif qui identifie les secteurs d\u2019int\u00e9r\u00eat majeur pour les deux pays.<\/p>\n<p>Pour plus d&#8217;informations sur la coop\u00e9ration scientifique entre l&#8217;Italie et le Canada, veuillez consulter la section d\u00e9di\u00e9e sur le <a href=\"https:\/\/ambottawa.esteri.it\/fr\/italia-e-canada\/diplomazia-scientifica\/\">site officiel de l&#8217;Ambassade d&#8217;Italie \u00e0 Ottawa<\/a>.<\/p>\n","protected":false},"excerpt":{"rendered":"Dans le secteur scientifique et technologique, la collaboration entre l\u2019Italie et le Canada est solide et de longue dur\u00e9e, aussi gr\u00e2ce \u00e0 l\u2019Accord sur la Collaboration culturelle, sign\u00e9 \u00e0 Ottawa en 1984, qui promeut, entre autres, la mobilit\u00e9 des chercheurs et la r\u00e9alisation de projets communs. L\u2019Accord est ex\u00e9cut\u00e9 \u00e0 la suite de la ren\u00e9gociation [&hellip;]","protected":false},"author":2,"featured_media":0,"parent":38,"menu_order":0,"comment_status":"closed","ping_status":"closed","template":"","meta":{"footnotes":""},"class_list":["post-173","page","type-page","status-publish","hentry"],"_links":{"self":[{"href":"https:\/\/consmontreal.esteri.it\/fr\/wp-json\/wp\/v2\/pages\/173","targetHints":{"allow":["GET"]}}],"collection":[{"href":"https:\/\/consmontreal.esteri.it\/fr\/wp-json\/wp\/v2\/pages"}],"about":[{"href":"https:\/\/consmontreal.esteri.it\/fr\/wp-json\/wp\/v2\/types\/page"}],"author":[{"embeddable":true,"href":"https:\/\/consmontreal.esteri.it\/fr\/wp-json\/wp\/v2\/users\/2"}],"replies":[{"embeddable":true,"href":"https:\/\/consmontreal.esteri.it\/fr\/wp-json\/wp\/v2\/comments?post=173"}],"version-history":[{"count":1,"href":"https:\/\/consmontreal.esteri.it\/fr\/wp-json\/wp\/v2\/pages\/173\/revisions"}],"predecessor-version":[{"id":2365,"href":"https:\/\/consmontreal.esteri.it\/fr\/wp-json\/wp\/v2\/pages\/173\/revisions\/2365"}],"up":[{"embeddable":true,"href":"https:\/\/consmontreal.esteri.it\/fr\/wp-json\/wp\/v2\/pages\/38"}],"wp:attachment":[{"href":"https:\/\/consmontreal.esteri.it\/fr\/wp-json\/wp\/v2\/media?parent=173"}],"curies":[{"name":"wp","href":"https:\/\/api.w.org\/{rel}","templated":true}]}}