{"id":223,"date":"2023-01-04T21:04:12","date_gmt":"2023-01-04T20:04:12","guid":{"rendered":"https:\/\/consmontreal.esteri.it\/italia-e-canada\/diplomazia-economica\/fare-affari-in-italia\/"},"modified":"2024-02-05T19:44:59","modified_gmt":"2024-02-05T18:44:59","slug":"fare-affari-in-italia","status":"publish","type":"page","link":"https:\/\/consmontreal.esteri.it\/fr\/italia-e-canada\/diplomazia-economica\/fare-affari-in-italia\/","title":{"rendered":"Faire des affaires en Italie"},"content":{"rendered":"<p>Si vous \u00eates int\u00e9ress\u00e9 \u00e0 faire des affaires en Italie, nous vous sugg\u00e9rons de consulter:<\/p>\n<ul>\n<li>Les guides\u00a0<a href=\"https:\/\/www.ice.it\/en\/sites\/default\/files\/2019-10\/guide_doing_business_2018_06112019.pdf\">\u201cDoing Business in Italy\u201d<\/a>\u00a0et \u00ab\u00a0<a href=\"https:\/\/www.ice.it\/en\/sites\/default\/files\/2019-10\/guide_invest_in_italy_2018_08112019.pdf\">Invest in Italy<\/a>\u00a0\u00bb par le Minist\u00e8re du D\u00e9veloppement \u00c9conomique;<\/li>\n<li>Les informations macro-\u00e9conomiques fournies par le\u00a0<a href=\"http:\/\/www.dt.mef.gov.it\/it\/index.html\">D\u00e9partement du Tr\u00e9sor du Minist\u00e8re de l\u2019\u00c9conomie et des Finances<\/a>;<\/li>\n<li>Les statistiques sur l\u2019\u00e9conomie italienne par la\u00a0<a href=\"https:\/\/www.bancaditalia.it\/statistiche\/index.html?com.dotmarketing.htmlpage.language=1\">Banque d\u2019Italie<\/a>;<\/li>\n<li><a href=\"http:\/\/italiastartupvisa.mise.gov.it\/\">Italia Startup Visa<\/a>\u00a0(seulement en anglais);<\/li>\n<li><a href=\"http:\/\/www.registroimprese.it\/home\">Registre des entreprises<\/a>, o\u00f9 vous pouvez trouver des informations officielles sur les entreprises ayant leur si\u00e8ge social ou leurs unit\u00e9s locales en Italie;<\/li>\n<li>Calendrier des salons commerciaux en Italie :\u00a0<a href=\"http:\/\/www.calendariofiereinternazionali.it\/\">http:\/\/www.calendariofiereinternazionali.it\/<\/a>.<\/li>\n<\/ul>\n","protected":false},"excerpt":{"rendered":"Si vous \u00eates int\u00e9ress\u00e9 \u00e0 faire des affaires en Italie, nous vous sugg\u00e9rons de consulter: Les guides\u00a0\u201cDoing Business in Italy\u201d\u00a0et \u00ab\u00a0Invest in Italy\u00a0\u00bb par le Minist\u00e8re du D\u00e9veloppement \u00c9conomique; Les informations macro-\u00e9conomiques fournies par le\u00a0D\u00e9partement du Tr\u00e9sor du Minist\u00e8re de l\u2019\u00c9conomie et des Finances; Les statistiques sur l\u2019\u00e9conomie italienne par la\u00a0Banque d\u2019Italie; Italia Startup Visa\u00a0(seulement [&hellip;]","protected":false},"author":2,"featured_media":0,"parent":161,"menu_order":0,"comment_status":"closed","ping_status":"closed","template":"","meta":{"footnotes":""},"class_list":["post-223","page","type-page","status-publish","hentry"],"_links":{"self":[{"href":"https:\/\/consmontreal.esteri.it\/fr\/wp-json\/wp\/v2\/pages\/223","targetHints":{"allow":["GET"]}}],"collection":[{"href":"https:\/\/consmontreal.esteri.it\/fr\/wp-json\/wp\/v2\/pages"}],"about":[{"href":"https:\/\/consmontreal.esteri.it\/fr\/wp-json\/wp\/v2\/types\/page"}],"author":[{"embeddable":true,"href":"https:\/\/consmontreal.esteri.it\/fr\/wp-json\/wp\/v2\/users\/2"}],"replies":[{"embeddable":true,"href":"https:\/\/consmontreal.esteri.it\/fr\/wp-json\/wp\/v2\/comments?post=223"}],"version-history":[{"count":1,"href":"https:\/\/consmontreal.esteri.it\/fr\/wp-json\/wp\/v2\/pages\/223\/revisions"}],"predecessor-version":[{"id":2380,"href":"https:\/\/consmontreal.esteri.it\/fr\/wp-json\/wp\/v2\/pages\/223\/revisions\/2380"}],"up":[{"embeddable":true,"href":"https:\/\/consmontreal.esteri.it\/fr\/wp-json\/wp\/v2\/pages\/161"}],"wp:attachment":[{"href":"https:\/\/consmontreal.esteri.it\/fr\/wp-json\/wp\/v2\/media?parent=223"}],"curies":[{"name":"wp","href":"https:\/\/api.w.org\/{rel}","templated":true}]}}