{"id":2428,"date":"2023-12-23T01:36:26","date_gmt":"2023-12-23T00:36:26","guid":{"rendered":"https:\/\/consmontreal.esteri.it\/?page_id=2428"},"modified":"2025-03-07T18:29:39","modified_gmt":"2025-03-07T17:29:39","slug":"c-i-e-carte-didentite-electronique","status":"publish","type":"page","link":"https:\/\/consmontreal.esteri.it\/fr\/servizi-consolari-e-visti\/servizi-per-il-cittadino-italiano\/c-i-e-carte-didentite-electronique\/","title":{"rendered":"C.I.E. (Carte d&#8217;Identit\u00e9 Electronique)"},"content":{"rendered":"<p>La C.I.E. est un document polyvalent : elle identifie le citoyen, est un document de voyage valide \u00e0 l\u2019interieur l&#8217;UE, indique le Code Fiscal et peut \u00eatre utilis\u00e9e sur le syst\u00e8me SPID (Sistema Pubblico di Identit\u00e0 Digitale), qui permet \u00e0 l&#8217;utilisateur d&#8217;acc\u00e9der \u00e0 plusieurs services fournis par l&#8217;Administration Publique Italienne.<\/p>\n<p><strong>CONDITIONS POUR DEMANDER LA C.I.E.<\/strong><\/p>\n<p>Pour demander la C.I.E., le requ\u00e9rant doit :<\/p>\n<ul>\n<li>\u00catre inscrit \u00e0 l&#8217;AIRE et r\u00e9sider dans la juridiction de ce Consulat G\u00e9n\u00e9ral<\/li>\n<li>Avoir son acte de naissance enregistr\u00e9 en Italie, car ces d\u00e9tails sont mentionn\u00e9s sur la C.I.E.<\/li>\n<li>Avoir un Code Fiscal. Les citoyens qui n&#8217;ont actuellement pas de CF attribu\u00e9 doivent suivre les instructions fournies sur <a href=\"https:\/\/consmontreal.esteri.it\/fr\/servizi-consolari-e-visti\/servizi-per-il-cittadino-italiano\/codice-fiscale\/\">le lien suivant<\/a>.<\/li>\n<li>\u00a0Avoir mis \u00e0 jour ses informations dans le Registre du Consulat G\u00e9n\u00e9ral, s&#8217;il y a eu des changements concernant l&#8217;adresse de r\u00e9sidence, l&#8217;\u00e9tat civil, la naissance d&#8217;enfants&#8230; En cas de tels changements, le requ\u00e9rant doit demander le service appropri\u00e9 (AIRE et\/ou \u00c9tat Civil : montreal.aire@esteri.it) avant de prendre rendez-vous pour la C.I.E<\/li>\n<\/ul>\n<p><strong>FORMALIT\u00c9S POUR LA D\u00c9LIVRANCE DE LA C.I.E. <\/strong><\/p>\n<p>Pour demander une C.I.E., un rendez-vous doit \u00eatre pris via le portail en ligne <a href=\"https:\/\/prenotami.esteri.it\/\">Prenot@mi<\/a>. VEUILLEZ NOTER que les coordonn\u00e9es personnelles utilis\u00e9es pour le rendez-vous doivent \u00eatre celles du citoyen demandant la C.I.E.<\/p>\n<p><strong>DOCUMENTS \u00c0 FOURNIR POUR LA D\u00c9LIVRANCE DE LA C.I.E.<\/strong><\/p>\n<ul>\n<li>Une photographie (format passeport canadien, 5 x 7 cm)<\/li>\n<li>Le <a href=\"https:\/\/consmontreal.esteri.it\/fr\/servizi-consolari-e-visti\/servizi-per-il-cittadino-italiano\/altri-servizi\/formulaires\/c-i-e-carte-didentite-electronique\/\">formulaire<\/a>, d\u00fbment rempli et sign\u00e9. Pour les <a href=\"https:\/\/consmontreal.esteri.it\/fr\/servizi-consolari-e-visti\/servizi-per-il-cittadino-italiano\/altri-servizi\/formulaires\/c-i-e-carte-didentite-electronique\/\">mineurs<\/a>, le formulaire doit \u00eatre sign\u00e9 par les deux parents<\/li>\n<li>Copie de <em>l\u2019estratto per riassunto dell\u2019atto di nascita<\/em> du demandeur (si vous n\u2019\u00eates pas en possession de ce document, vous devrez vous le procurer aupres de la commune d\u2019enregistrement aire\/commune de naissance);<\/li>\n<li>Copie de la carte de votre code fiscal ou copie du certificat du code fiscal;<\/li>\n<li>Copie de la carte d\u2019identit\u00e9 italienne en papier ou \u00e9lectronique en cours d\u2019expiration, ou une copie de votre passeport italien en cours de validit\u00e9, si vous le poss\u00e9der.<\/li>\n<li>\u00a0Le consentement \u00e9crit des deux parents dans le cas o\u00f9 le demandeur est une personne de moins de 18 ans:<\/li>\n<\/ul>\n<ol>\n<li>Si les parents sont citoyens italiens ou citoyens d&#8217;un pays de l&#8217;Union europ\u00e9enne (UE), ils peuvent signer le consentement dans le formulaire.<\/li>\n<li>Si l&#8217;un des parents est citoyen d&#8217;un pays tiers (non-UE), le document doit \u00eatre sign\u00e9 en personne \u00e0 : le Consulat G\u00e9n\u00e9ral de Montr\u00e9al, s&#8217;il r\u00e9side dans sa juridiction (un rendez-vous doit \u00eatre pris via le portail Prenot@mi) ; la Questura ou le Commissariato responsable, s&#8217;il r\u00e9side en Italie ; au Bureau Consulaire comp\u00e9tent pour le lieu o\u00f9 il r\u00e9side<\/li>\n<\/ol>\n<ul>\n<li>Les frais consulaires, qui peuvent \u00eatre r\u00e9gl\u00e9s en esp\u00e8ces ou par mandat poste au Consulat G\u00e9n\u00e9ral de Montr\u00e9al. Pour \u00e9valuer le montant d\u00fb, veuillez consulter le <a href=\"https:\/\/consmontreal.esteri.it\/fr\/servizi-consolari-e-visti\/servizi-per-il-cittadino-italiano\/altri-servizi\/albo-consolare\/tariffe-consolari\/\">Tableau Consulaire sur le lien suivant<\/a>, mis \u00e0 jour tous les trois mois.<\/li>\n<\/ul>\n<p>Le formulaire de demande de C.I.E. doit \u00eatre envoy\u00e9 par courriel \u00e0 l&#8217;adresse <a href=\"mailto:montreal.cie@esteri.it\">montreal.cie@esteri.it<\/a> imm\u00e9diatement apr\u00e8s avoir pris rendez-vous sur le portail Prenot@mi et doit \u00eatre apport\u00e9 le jour du rendez-vous.<\/p>\n<p><strong>MODES D&#8217;EXP\u00c9DITION DE LA C.I.E. <\/strong><\/p>\n<p>Veuillez noter que la C.I.E. n&#8217;est pas d\u00e9livr\u00e9e \u00e0 la m\u00eame date que le rendez-vous ; elle est exp\u00e9di\u00e9e \u00e0 l&#8217;adresse du demandeur par l&#8217;Istituto Poligrafico e Zecca dello Stato. Veuillez noter que en cas d&#8217;adresse de livraison incorrecte ou d&#8217;absence le jour de la livraison, l&#8217;enveloppe sera temporairement conserv\u00e9e au bureau de poste local. Apr\u00e8s cette p\u00e9riode, l&#8217;enveloppe sera renvoy\u00e9e \u00e0 l&#8217;Istituto Poligrafico e Zecca dello Stato, en Italie. Il est donc de la plus haute importance de fournir l&#8217;adresse correcte.<\/p>\n","protected":false},"excerpt":{"rendered":"La C.I.E. est un document polyvalent : elle identifie le citoyen, est un document de voyage valide \u00e0 l\u2019interieur l&#8217;UE, indique le Code Fiscal et peut \u00eatre utilis\u00e9e sur le syst\u00e8me SPID (Sistema Pubblico di Identit\u00e0 Digitale), qui permet \u00e0 l&#8217;utilisateur d&#8217;acc\u00e9der \u00e0 plusieurs services fournis par l&#8217;Administration Publique Italienne. CONDITIONS POUR DEMANDER LA C.I.E. [&hellip;]","protected":false},"author":16,"featured_media":0,"parent":188,"menu_order":0,"comment_status":"closed","ping_status":"closed","template":"","meta":{"footnotes":""},"class_list":["post-2428","page","type-page","status-publish","hentry"],"_links":{"self":[{"href":"https:\/\/consmontreal.esteri.it\/fr\/wp-json\/wp\/v2\/pages\/2428","targetHints":{"allow":["GET"]}}],"collection":[{"href":"https:\/\/consmontreal.esteri.it\/fr\/wp-json\/wp\/v2\/pages"}],"about":[{"href":"https:\/\/consmontreal.esteri.it\/fr\/wp-json\/wp\/v2\/types\/page"}],"author":[{"embeddable":true,"href":"https:\/\/consmontreal.esteri.it\/fr\/wp-json\/wp\/v2\/users\/16"}],"replies":[{"embeddable":true,"href":"https:\/\/consmontreal.esteri.it\/fr\/wp-json\/wp\/v2\/comments?post=2428"}],"version-history":[{"count":6,"href":"https:\/\/consmontreal.esteri.it\/fr\/wp-json\/wp\/v2\/pages\/2428\/revisions"}],"predecessor-version":[{"id":4719,"href":"https:\/\/consmontreal.esteri.it\/fr\/wp-json\/wp\/v2\/pages\/2428\/revisions\/4719"}],"up":[{"embeddable":true,"href":"https:\/\/consmontreal.esteri.it\/fr\/wp-json\/wp\/v2\/pages\/188"}],"wp:attachment":[{"href":"https:\/\/consmontreal.esteri.it\/fr\/wp-json\/wp\/v2\/media?parent=2428"}],"curies":[{"name":"wp","href":"https:\/\/api.w.org\/{rel}","templated":true}]}}