{"id":260,"date":"2023-01-04T21:19:35","date_gmt":"2023-01-04T20:19:35","guid":{"rendered":"https:\/\/consmontreal.esteri.it\/servizi-consolari-e-visti\/servizi-per-il-cittadino-italiano\/passaporti-e-carte-didentita\/"},"modified":"2026-04-03T00:38:06","modified_gmt":"2026-04-02T22:38:06","slug":"passaporti-e-carte-didentita","status":"publish","type":"page","link":"https:\/\/consmontreal.esteri.it\/fr\/servizi-consolari-e-visti\/servizi-per-il-cittadino-italiano\/passaporti-e-carte-didentita\/","title":{"rendered":"Passeports et cartes d&#8217;identit\u00e9"},"content":{"rendered":"<p>Chers compatriotes,<\/p>\n<p>Nous sommes conscients que, en raison de la forte demande, les rendez-vous pour le renouvellement du passeport s\u2019\u00e9puisent rapidement. Nous tenons \u00e0 vous signaler que nous mettons en \u0153uvre tous les efforts possibles pour renforcer davantage ce secteur important et r\u00e9duire les d\u00e9lais d\u2019attente pour les r\u00e9servations.<\/p>\n<p>En vous informant donc que de nouveaux rendez-vous pour les passeports sont mis \u00e0 disposition au d\u00e9but de chaque mois, nous vous remercions pour votre compr\u00e9hension et votre collaboration et vous invitons \u00e0 lire les informations importantes ci-dessous avant de r\u00e9server un cr\u00e9neau.<\/p>\n<p><strong>\u00a0<\/strong><\/p>\n<p><strong>INFORMATIONS IMPORTANTES\u00a0:<\/strong><\/p>\n<ul>\n<li>Majeurs<\/li>\n<li>Mineurs de moins de 12 ans<\/li>\n<li>Mineurs entre 12 et 18 ans<\/li>\n<\/ul>\n<p>La demande de d\u00e9livrance doit \u00eatre pr\u00e9sent\u00e9e aupr\u00e8s du bureau comp\u00e9tent au niveau territorial<strong> : en Italie, aupr\u00e8s des Questure ou des Commissariats ; \u00e0 l\u2019\u00e9tranger, aupr\u00e8s des Repr\u00e9sentations diplomatiques et consulaires. Il s\u2019agit donc d\u2019un service que notre Consulat g\u00e9n\u00e9ral offre aux compatriotes inscrits \u00e0 l\u2019AIRE aupr\u00e8s de ce Consulat g\u00e9n\u00e9ral.<\/strong><\/p>\n<p>Les inscrits \u00e0 l\u2019AIRE r\u00e9sidant dans les provinces du <strong>New Brunswick, de la Nouvelle-\u00c9cosse, de l\u2019\u00cele-du-Prince-\u00c9douard, de Terre-Neuve-et-Labrador <\/strong>peuvent \u00e9galement pr\u00e9senter leur demande de nouveau passeport aupr\u00e8s du Vice-consulat honoraire de Halifax. Le Vice-consul honoraire recevra le dossier et se chargera de la collecte des donn\u00e9es biom\u00e9triques (empreintes digitales, photo, signature). Pour des informations sur les circonscriptions et les contacts du R\u00e9seau honoraire, <u>cliquer ici<\/u>.<\/p>\n<p><strong>Uniquement pour les compatriotes \u00e0 partir de 70 ans, <\/strong>un service alternatif de prise de rendez-vous est disponible ; pour cela, veuillez consulter la page d\u00e9di\u00e9e au service<strong> : 70 Plus.<\/strong><\/p>\n<p><strong>\u00a0<\/strong><\/p>\n<p><strong>En cas de n\u00e9cessit\u00e9 av\u00e9r\u00e9e et non diff\u00e9rable <\/strong>(raisons de sant\u00e9, travail, vol ou perte du seul document de voyage, etc.), envoyer un e-mail \u00e0 <a href=\"mailto:passaporti.montreal@esteri.it\">passaporti.montreal@esteri.it<\/a>, en joignant tout document utile pour d\u00e9terminer et attester ladite n\u00e9cessit\u00e9.<\/p>\n<p><strong>Rel\u00e8vent des n\u00e9cessit\u00e9s av\u00e9r\u00e9es et non diff\u00e9rables :<\/strong><\/p>\n<ul>\n<li><strong> des n\u00e9cessit\u00e9s professionnelles improrogeables, <\/strong>attest\u00e9es par une demande motiv\u00e9e de l\u2019employeur ;<\/li>\n<li><strong> des besoins d\u2019\u00e9tude\/formation <\/strong>d\u00fbment document\u00e9s par l\u2019organisme\/institution\/universit\u00e9 concern\u00e9(e) ;<\/li>\n<li><strong> des raisons familiales graves ou de sant\u00e9 personnelle, <\/strong>certifi\u00e9es par le m\u00e9decin traitant ou par une structure sanitaire.<\/li>\n<\/ul>\n<p><u>En ce qui concerne les voyages de vacances ou de tourisme, il est vivement recommand\u00e9 aux usagers de v\u00e9rifier scrupuleusement la date d\u2019expiration de leur document de voyage avant d\u2019effectuer toute r\u00e9servation (a\u00e9rienne, h\u00f4teli\u00e8re, etc.).<\/u><\/p>\n<p><strong>Urgences : <\/strong>si vous vous trouvez dans une situation d\u2019urgence n\u00e9cessitant la d\u00e9livrance d\u2019un document de voyage dans les 24 heures, du lundi au vendredi, il convient de contacter le bureau des passeports par e-mail avec pour objet<strong> \u00ab URGENCE DOCUMENT DE VOYAGE \u00bb, <\/strong>en d\u00e9crivant la nature de l\u2019urgence et en fournissant les informations suivantes :<\/p>\n<ul>\n<li><strong> Nom et pr\u00e9nom<\/strong><\/li>\n<li><strong> Num\u00e9ro de t\u00e9l\u00e9phone<\/strong><\/li>\n<\/ul>\n<p>Le samedi, le dimanche et les jours f\u00e9ri\u00e9s, de 9h00 \u00e0 21h00, il convient en revanche de contacter, comme d\u2019habitude, le t\u00e9l\u00e9phone portable d\u2019urgence au +1 514 240-9991.<\/p>\n","protected":false},"excerpt":{"rendered":"Chers compatriotes, Nous sommes conscients que, en raison de la forte demande, les rendez-vous pour le renouvellement du passeport s\u2019\u00e9puisent rapidement. Nous tenons \u00e0 vous signaler que nous mettons en \u0153uvre tous les efforts possibles pour renforcer davantage ce secteur important et r\u00e9duire les d\u00e9lais d\u2019attente pour les r\u00e9servations. En vous informant donc que de [&hellip;]","protected":false},"author":2,"featured_media":0,"parent":188,"menu_order":0,"comment_status":"closed","ping_status":"closed","template":"","meta":{"footnotes":""},"class_list":["post-260","page","type-page","status-publish","hentry"],"_links":{"self":[{"href":"https:\/\/consmontreal.esteri.it\/fr\/wp-json\/wp\/v2\/pages\/260","targetHints":{"allow":["GET"]}}],"collection":[{"href":"https:\/\/consmontreal.esteri.it\/fr\/wp-json\/wp\/v2\/pages"}],"about":[{"href":"https:\/\/consmontreal.esteri.it\/fr\/wp-json\/wp\/v2\/types\/page"}],"author":[{"embeddable":true,"href":"https:\/\/consmontreal.esteri.it\/fr\/wp-json\/wp\/v2\/users\/2"}],"replies":[{"embeddable":true,"href":"https:\/\/consmontreal.esteri.it\/fr\/wp-json\/wp\/v2\/comments?post=260"}],"version-history":[{"count":3,"href":"https:\/\/consmontreal.esteri.it\/fr\/wp-json\/wp\/v2\/pages\/260\/revisions"}],"predecessor-version":[{"id":6261,"href":"https:\/\/consmontreal.esteri.it\/fr\/wp-json\/wp\/v2\/pages\/260\/revisions\/6261"}],"up":[{"embeddable":true,"href":"https:\/\/consmontreal.esteri.it\/fr\/wp-json\/wp\/v2\/pages\/188"}],"wp:attachment":[{"href":"https:\/\/consmontreal.esteri.it\/fr\/wp-json\/wp\/v2\/media?parent=260"}],"curies":[{"name":"wp","href":"https:\/\/api.w.org\/{rel}","templated":true}]}}