{"id":262,"date":"2023-01-04T21:20:01","date_gmt":"2023-01-04T20:20:01","guid":{"rendered":"https:\/\/consmontreal.esteri.it\/servizi-consolari-e-visti\/servizi-per-il-cittadino-italiano\/emergency-travel-documents-etd\/"},"modified":"2024-02-06T21:17:21","modified_gmt":"2024-02-06T20:17:21","slug":"emergency-travel-documents-etd","status":"publish","type":"page","link":"https:\/\/consmontreal.esteri.it\/fr\/servizi-consolari-e-visti\/servizi-per-il-cittadino-italiano\/emergency-travel-documents-etd\/","title":{"rendered":"Documents de voyage d&#8217;urgence (ETD)"},"content":{"rendered":"<p>Le citoyen italien qui a perdu son passeport (ou qui a \u00e9t\u00e9 victime de vol) peut solliciter aupr\u00e8s de ce Consulat G\u00e9n\u00e9ral la d\u00e9livrance d&#8217;un document provisoire de voyage (\u00e9galement appel\u00e9 Emergency Travel Document, ETD), valable uniquement pour le voyage de retour en Italie, ou dans le pays de r\u00e9sidence habituelle \u00e0 l&#8217;\u00e9tranger ou, seulement dans des cas exceptionnels, pour une destination diff\u00e9rente.<\/p>\n<p>Le Consulat G\u00e9n\u00e9ral proc\u00e9dera \u00e0 la d\u00e9livrance de l&#8217;ETD apr\u00e8s r\u00e9ception des documents suivants :<\/p>\n<ul>\n<li>Rapport d\u2019\u00e9v\u00e9nement de vol ou de perte du passeport faite aupr\u00e8s des autorit\u00e9s de police locales comp\u00e9tentes et d\u00e9claration de perte ou de vol du passeport ou d&#8217;un autre document de voyage, remise au Consulat G\u00e9n\u00e9ral sous forme d&#8217;auto-certification, conform\u00e9ment aux articles 46 et 47 et avec les avertissements de l&#8217;article 76 du D.P.R. 445\/2000;<\/li>\n<li>Deux photographies r\u00e9centes (max 6 mois), identiques, au format passeport europ\u00e9en (40-45 mm de hauteur sur 32-35 mm de largeur), avec le visage de face et centr\u00e9, avec une expression neutre, conform\u00e9ment \u00e0 ces sp\u00e9cifications.<\/li>\n<li>Billet de voyage;<\/li>\n<li>Paiement en esp\u00e8ces en dollars canadiens du co\u00fbt du document (article 13 de la<a href=\"https:\/\/consmontreal.esteri.it\/fr\/servizi-consolari-e-visti\/servizi-per-il-cittadino-italiano\/altri-servizi\/albo-consolare\/tariffe-consolari\/\"> Table des droits consulaires<\/a>).<\/li>\n<\/ul>\n<p>\u00c9tant donn\u00e9 qu&#8217;il s&#8217;agit d&#8217;une situation d&#8217;urgence, le rendez-vous peut \u00eatre par courriel, en \u00e9crivant \u00e0 : <a href=\"mailto:montreal.passaporti@esteri.it\">montreal.passaporti@esteri.it<\/a> ou par t\u00e9l\u00e9phone<\/p>\n<p>&nbsp;<\/p>\n","protected":false},"excerpt":{"rendered":"Le citoyen italien qui a perdu son passeport (ou qui a \u00e9t\u00e9 victime de vol) peut solliciter aupr\u00e8s de ce Consulat G\u00e9n\u00e9ral la d\u00e9livrance d&#8217;un document provisoire de voyage (\u00e9galement appel\u00e9 Emergency Travel Document, ETD), valable uniquement pour le voyage de retour en Italie, ou dans le pays de r\u00e9sidence habituelle \u00e0 l&#8217;\u00e9tranger ou, seulement [&hellip;]","protected":false},"author":2,"featured_media":0,"parent":188,"menu_order":0,"comment_status":"closed","ping_status":"closed","template":"","meta":{"footnotes":""},"class_list":["post-262","page","type-page","status-publish","hentry"],"_links":{"self":[{"href":"https:\/\/consmontreal.esteri.it\/fr\/wp-json\/wp\/v2\/pages\/262","targetHints":{"allow":["GET"]}}],"collection":[{"href":"https:\/\/consmontreal.esteri.it\/fr\/wp-json\/wp\/v2\/pages"}],"about":[{"href":"https:\/\/consmontreal.esteri.it\/fr\/wp-json\/wp\/v2\/types\/page"}],"author":[{"embeddable":true,"href":"https:\/\/consmontreal.esteri.it\/fr\/wp-json\/wp\/v2\/users\/2"}],"replies":[{"embeddable":true,"href":"https:\/\/consmontreal.esteri.it\/fr\/wp-json\/wp\/v2\/comments?post=262"}],"version-history":[{"count":2,"href":"https:\/\/consmontreal.esteri.it\/fr\/wp-json\/wp\/v2\/pages\/262\/revisions"}],"predecessor-version":[{"id":2420,"href":"https:\/\/consmontreal.esteri.it\/fr\/wp-json\/wp\/v2\/pages\/262\/revisions\/2420"}],"up":[{"embeddable":true,"href":"https:\/\/consmontreal.esteri.it\/fr\/wp-json\/wp\/v2\/pages\/188"}],"wp:attachment":[{"href":"https:\/\/consmontreal.esteri.it\/fr\/wp-json\/wp\/v2\/media?parent=262"}],"curies":[{"name":"wp","href":"https:\/\/api.w.org\/{rel}","templated":true}]}}