{"id":266,"date":"2023-01-04T21:20:51","date_gmt":"2023-01-04T20:20:51","guid":{"rendered":"https:\/\/consmontreal.esteri.it\/servizi-consolari-e-visti\/servizi-per-il-cittadino-italiano\/stato-civile\/"},"modified":"2023-01-04T21:32:56","modified_gmt":"2023-01-04T20:32:56","slug":"stato-civile","status":"publish","type":"page","link":"https:\/\/consmontreal.esteri.it\/fr\/servizi-consolari-e-visti\/servizi-per-il-cittadino-italiano\/stato-civile\/","title":{"rendered":"\u00c9tat Civil"},"content":{"rendered":"<p>L\u2019\u00c9tat Civil s\u2019occupe de l\u2019ensemble des faits et manifestations de volont\u00e9 inh\u00e9rentes \u00e0 la vie du\/de la citoyen\/ne: naissance, mariage ou union civile, divorce, mort, citoyennet\u00e9. L\u2019enregistrement de tels fait partie de la comp\u00e9tence de l\u2019Agent de l\u2019\u00c9tat Civil, dont les fonctions sont exerc\u00e9es en Italie par les Municipalit\u00e9s et par ce Consulat G\u00e9n\u00e9ral dans la circonscription.<\/p>\n","protected":false},"excerpt":{"rendered":"L\u2019\u00c9tat Civil s\u2019occupe de l\u2019ensemble des faits et manifestations de volont\u00e9 inh\u00e9rentes \u00e0 la vie du\/de la citoyen\/ne: naissance, mariage ou union civile, divorce, mort, citoyennet\u00e9. L\u2019enregistrement de tels fait partie de la comp\u00e9tence de l\u2019Agent de l\u2019\u00c9tat Civil, dont les fonctions sont exerc\u00e9es en Italie par les Municipalit\u00e9s et par ce Consulat G\u00e9n\u00e9ral dans [&hellip;]","protected":false},"author":2,"featured_media":0,"parent":188,"menu_order":0,"comment_status":"closed","ping_status":"closed","template":"","meta":{"footnotes":""},"class_list":["post-266","page","type-page","status-publish","hentry"],"_links":{"self":[{"href":"https:\/\/consmontreal.esteri.it\/fr\/wp-json\/wp\/v2\/pages\/266","targetHints":{"allow":["GET"]}}],"collection":[{"href":"https:\/\/consmontreal.esteri.it\/fr\/wp-json\/wp\/v2\/pages"}],"about":[{"href":"https:\/\/consmontreal.esteri.it\/fr\/wp-json\/wp\/v2\/types\/page"}],"author":[{"embeddable":true,"href":"https:\/\/consmontreal.esteri.it\/fr\/wp-json\/wp\/v2\/users\/2"}],"replies":[{"embeddable":true,"href":"https:\/\/consmontreal.esteri.it\/fr\/wp-json\/wp\/v2\/comments?post=266"}],"version-history":[{"count":0,"href":"https:\/\/consmontreal.esteri.it\/fr\/wp-json\/wp\/v2\/pages\/266\/revisions"}],"up":[{"embeddable":true,"href":"https:\/\/consmontreal.esteri.it\/fr\/wp-json\/wp\/v2\/pages\/188"}],"wp:attachment":[{"href":"https:\/\/consmontreal.esteri.it\/fr\/wp-json\/wp\/v2\/media?parent=266"}],"curies":[{"name":"wp","href":"https:\/\/api.w.org\/{rel}","templated":true}]}}