{"id":272,"date":"2023-01-04T21:22:07","date_gmt":"2023-01-04T20:22:07","guid":{"rendered":"https:\/\/consmontreal.esteri.it\/servizi-consolari-e-visti\/servizi-per-il-cittadino-italiano\/servizi-notarili\/"},"modified":"2024-03-01T17:07:11","modified_gmt":"2024-03-01T16:07:11","slug":"servizi-notarili","status":"publish","type":"page","link":"https:\/\/consmontreal.esteri.it\/fr\/servizi-consolari-e-visti\/servizi-per-il-cittadino-italiano\/servizi-notarili\/","title":{"rendered":"Services de notaire"},"content":{"rendered":"<p>Le\/la Consul\/e G\u00e9n\u00e9ral\/e, via l\u2019Equipe consulaire, assure certaines fonctions notariales pr\u00e9vues par le droit italien dans la Circonscription territoriale. Essentiellement il s\u2019agit de la r\u00e9ception d\u2019actes publics, comme des\u00a0<strong>procurations<\/strong>\u00a0et des\u00a0<strong>testaments<\/strong>, des\u00a0<strong>actes<\/strong>\u00a0<strong>notari\u00e9s<\/strong>, et des\u00a0<strong>authentifications<\/strong>\u00a0de\u00a0<strong>signatures<\/strong>\u00a0appos\u00e9es sur des textes \u00e9crits. De telles fonctions sont exerc\u00e9es exclusivement envers des citoyens\/nes italiens\/nes qui se trouvent \u00e0 l\u2019\u00e9tranger de fa\u00e7on permanente ou temporaire. Font exception les cas o\u00f9 participent \u00e0 l\u2019acte citoyens\/e et non citoyens\/e, dans la mesure o\u00f9 l\u2019\u00e9l\u00e9ment de la citoyennet\u00e9 italienne d\u2019au moins une des parties est consid\u00e9r\u00e9 \u00e9l\u00e9ment dominant.<\/p>\n<p>En alternative, le\/la citoyen\/ne italien\/ne \u00e0 l\u2019\u00e9tranger peut formaliser l\u2019acte chez un notaire public ou un avocat dont la signature devra ensuite \u00eatre l\u00e9galis\u00e9e\u00a0par le Minist\u00e8re de la Justice du Qu\u00e9bec (pour les actes d\u00e9livr\u00e9s au Qu\u00e9bec) ou par Global Affairs Canada \u00e0 Ottawa (pour les actes d\u00e9livr\u00e9s dans d&#8217;autres provinces).<\/p>\n<p>Pour de plus amples informations, on vous sugg\u00e8re de visiter la page \u00ab<a href=\"https:\/\/www.esteri.it\/mae\/it\/servizi\/italiani-all-estero\/attinotarili\" target=\"_blank\" rel=\"noopener\">Atti notarili<\/a>\u00bb du MAECI.<\/p>\n","protected":false},"excerpt":{"rendered":"Le\/la Consul\/e G\u00e9n\u00e9ral\/e, via l\u2019Equipe consulaire, assure certaines fonctions notariales pr\u00e9vues par le droit italien dans la Circonscription territoriale. Essentiellement il s\u2019agit de la r\u00e9ception d\u2019actes publics, comme des\u00a0procurations\u00a0et des\u00a0testaments, des\u00a0actes\u00a0notari\u00e9s, et des\u00a0authentifications\u00a0de\u00a0signatures\u00a0appos\u00e9es sur des textes \u00e9crits. De telles fonctions sont exerc\u00e9es exclusivement envers des citoyens\/nes italiens\/nes qui se trouvent \u00e0 l\u2019\u00e9tranger de fa\u00e7on permanente [&hellip;]","protected":false},"author":2,"featured_media":0,"parent":188,"menu_order":0,"comment_status":"closed","ping_status":"closed","template":"","meta":{"footnotes":""},"class_list":["post-272","page","type-page","status-publish","hentry"],"_links":{"self":[{"href":"https:\/\/consmontreal.esteri.it\/fr\/wp-json\/wp\/v2\/pages\/272","targetHints":{"allow":["GET"]}}],"collection":[{"href":"https:\/\/consmontreal.esteri.it\/fr\/wp-json\/wp\/v2\/pages"}],"about":[{"href":"https:\/\/consmontreal.esteri.it\/fr\/wp-json\/wp\/v2\/types\/page"}],"author":[{"embeddable":true,"href":"https:\/\/consmontreal.esteri.it\/fr\/wp-json\/wp\/v2\/users\/2"}],"replies":[{"embeddable":true,"href":"https:\/\/consmontreal.esteri.it\/fr\/wp-json\/wp\/v2\/comments?post=272"}],"version-history":[{"count":1,"href":"https:\/\/consmontreal.esteri.it\/fr\/wp-json\/wp\/v2\/pages\/272\/revisions"}],"predecessor-version":[{"id":2832,"href":"https:\/\/consmontreal.esteri.it\/fr\/wp-json\/wp\/v2\/pages\/272\/revisions\/2832"}],"up":[{"embeddable":true,"href":"https:\/\/consmontreal.esteri.it\/fr\/wp-json\/wp\/v2\/pages\/188"}],"wp:attachment":[{"href":"https:\/\/consmontreal.esteri.it\/fr\/wp-json\/wp\/v2\/media?parent=272"}],"curies":[{"name":"wp","href":"https:\/\/api.w.org\/{rel}","templated":true}]}}