{"id":278,"date":"2023-01-04T21:23:36","date_gmt":"2023-01-04T20:23:36","guid":{"rendered":"https:\/\/consmontreal.esteri.it\/servizi-consolari-e-visti\/servizi-per-il-cittadino-italiano\/codice-fiscale\/"},"modified":"2025-05-03T01:11:49","modified_gmt":"2025-05-02T23:11:49","slug":"codice-fiscale","status":"publish","type":"page","link":"https:\/\/consmontreal.esteri.it\/fr\/servizi-consolari-e-visti\/servizi-per-il-cittadino-italiano\/codice-fiscale\/","title":{"rendered":"Codice fiscale (num\u00e9ro d&#8217;assurance sociale italien)"},"content":{"rendered":"<ol>\n<li><strong>Ce qu&#8217;il est<\/strong><\/li>\n<li><strong>\u00c0 quoi sert-il ?<\/strong><\/li>\n<li><strong>Comment le demander ?<\/strong><\/li>\n<\/ol>\n<p>&nbsp;<\/p>\n<ol>\n<li><strong>Ce qu&#8217;il est<\/strong><\/li>\n<\/ol>\n<p>Le code fiscal est le code alphanum\u00e9rique d\u00e9livr\u00e9 par l&#8217;Agence italienne du revenu (Agenzia delle Entrate) pour identifier le citoyen (italien ou \u00e9tranger) dans les relations avec les administrations publiques italiennes, les personnes priv\u00e9es et les entit\u00e9s. Pour les personnes physiques, le code fiscal est d\u00e9termin\u00e9 sur la base des donn\u00e9es personnelles.<\/p>\n<ol start=\"2\">\n<li><strong>\u00c0 quoi sert-il ?<\/strong><\/li>\n<\/ol>\n<p>Toute activit\u00e9 administrative (paiement d&#8217;imp\u00f4ts, de droits, de taxes, etc.) ou de n\u00e9gociation (acceptation d&#8217;h\u00e9ritages, contrats avec des entit\u00e9s publiques ou priv\u00e9es, demande de financement, parrainage, location ou pr\u00eat de biens immobiliers, etc.) requiert l&#8217;indication du code fiscal de la personne qui l&#8217;effectue.<\/p>\n<ol start=\"3\">\n<li><strong>Comment le demander ?<\/strong><\/li>\n<\/ol>\n<p><strong>Les citoyens italiens r\u00e9sidant \u00e0 l&#8217;\u00e9tranger<\/strong> peuvent demander le code fiscal <strong>aupr\u00e8s de l&#8217;office consulaire<\/strong>, ainsi que <strong>directement aupr\u00e8s des bureaux de l&#8217;Agence italienne du revenu<\/strong> dans toute l&#8217;Italie, conform\u00e9ment \u00e0 l&#8217;art. 1 du d\u00e9cret minist\u00e9riel d&#8217;application n\u00b0 281 du 17 mai 2001, compte tenu de la vaste et vaste distribution des bureaux de l&#8217;Agence italienne du revenu.<\/p>\n<p><strong>Les citoyens \u00e9trangers ne r\u00e9sidant pas en Italie peuvent d\u00e9l\u00e9guer<\/strong> express\u00e9ment une personne pour pr\u00e9senter le formulaire de demande de code fiscal directement aux bureaux de l&#8217;Agence italienne du revenu situ\u00e9s sur l&#8217;ensemble du territoire italien.<\/p>\n<p><strong>CITOYENS ITALIENS AVEC R\u00c9SIDENCE \u00c9TRANG\u00c8RE ENREGISTR\u00c9S AUPR\u00c8S DE L&#8217;AIRE<\/strong><\/p>\n<p>Les citoyens italiens majeurs enregistr\u00e9s aupr\u00e8s de l&#8217;AIRE peuvent <strong>demander le Code fiscal<\/strong>, pour eux-m\u00eames et pour leurs enfants mineurs, par le biais du portail en ligne Fast-it en acc\u00e9dant au service concern\u00e9 et en suivant les instructions. Toujours \u00e0 travers le <strong>portail Fast-it<\/strong>, il sera possible de t\u00e9l\u00e9charger le certificat d&#8217;attribution du Code fiscal, une fois que le traitement du dossier sera termin\u00e9.<\/p>\n<p><strong><em>Comment proc\u00e9der ?<\/em><\/strong><\/p>\n<ol>\n<li>Connectez-vous au <a href=\"https:\/\/serviziconsolari.esteri.it\/#_blank\">portail Fast It<\/a> ;<\/li>\n<li>Cliquez sur \u00ab Registre Consulaire et AIRE \u00bb et ensuite sur \u00ab Attribution du Code Fiscal \u00bb ;<\/li>\n<li>Confirmez les donn\u00e9es et lancez la demande ;<\/li>\n<li>Une fois la demande trait\u00e9e par le Consulat, vous pouvez t\u00e9l\u00e9charger personnellement le certificat d&#8217;attribution du Code fiscal.<\/li>\n<\/ol>\n<p><strong><em>Si vous ne parvenez pas \u00e0 t\u00e9l\u00e9charger le certificat d&#8217;attribution du Code fiscal :<\/em><\/strong><\/p>\n<ol>\n<li>Inscrivez-vous sur le <a href=\"https:\/\/serviziconsolari.esteri.it\/#_blank\">portail FAST IT<\/a>, ou connectez-vous si vous avez d\u00e9j\u00e0 un compte actif ;<\/li>\n<li>Demander l&#8217;\u00ab Association en ligne \u00bb en cliquant sur \u00ab Registre consulaire et AIRE \u00bb puis sur \u00ab Visualiser votre fiche personnelle \u00bb ;<\/li>\n<li>Vous recevrez le message de r\u00e9ussite de l&#8217;association dans votre bo\u00eete de r\u00e9ception.<\/li>\n<li>Connectez-vous \u00e0 nouveau au portail et t\u00e9l\u00e9chargez le certificat.<\/li>\n<\/ol>\n<p>Les citoyens adultes inscrits \u00e0 l&#8217;AIRE qui poss\u00e8dent d\u00e9j\u00e0 le code fiscal <strong>peuvent t\u00e9l\u00e9charger directement le certificat d&#8217;attribution du code fiscal<\/strong> \u00e0 travers le portail en ligne <a href=\"https:\/\/serviziconsolari.esteri.it\/#_blank\">Fast-it<\/a> en acc\u00e9dant au service concern\u00e9 et en suivant les instructions fournies pour demander le code fiscal ; dans ce cas, l&#8217;intervention du Consulat ne sera pas n\u00e9cessaire pour d\u00e9livrer le certificat.<\/p>\n<p><strong>CITOYENS \u00c9TRANGERS NON R\u00c9SIDENTS EN ITALIE<\/strong><\/p>\n<p>Les citoyens \u00e9trangers non-r\u00e9sidents en Italie doivent <strong>d\u00e9l\u00e9guer<\/strong> express\u00e9ment une personne pour pr\u00e9senter le formulaire de demande de code fiscal directement aux bureaux de l&#8217; l&#8217;Agence italienne du revenu situ\u00e9s dans toute l&#8217;Italie, conform\u00e9ment \u00e0 l&#8217;article 1 du d\u00e9cret minist\u00e9riel d&#8217;application n\u00b0 281 du 17 mai 2001. 1 du d\u00e9cret minist\u00e9riel d&#8217;application n\u00b0 281 du 17 mai 2001.<\/p>\n<p>Les adresses des bureaux de l&#8217;Agence italienne du revenu sont disponibles sur le site <a href=\"www.agenziaentrate.it\">www.agenziaentrate.it<\/a><\/p>\n<p>Le code fiscal peut \u00eatre demand\u00e9 par le citoyen \u00e9tranger aupr\u00e8s de <strong>l&#8217;Office consulaire italien comp\u00e9tent pour la r\u00e9sidence<\/strong> uniquement dans les cas o\u00f9 le Code fiscal est n\u00e9cessaire pour les proc\u00e9dures \u00e0 effectuer en ligne et\/ou pour lesquels l&#8217;\u00e9tranger n&#8217;est pas en mesure de d\u00e9l\u00e9guer une personne pour pr\u00e9senter la demande \u00e0 l&#8217;Agence italienne du revenu : dans ces cas, l&#8217;Office consulaire transmettra la demande \u00e0 l&#8217;Agence italienne du revenu en Italie.<\/p>\n<p>La demande de code fiscal, si vous r\u00e9sidez dans cette juridiction consulaire, peut \u00eatre demand\u00e9e sur pr\u00e9sentation des documents suivants, soit en personne, soit en les envoyant par courrier \u00e9lectronique \u00e0 l&#8217;adresse <a href=\"mailto:montreal.consolato@esteri.it\">montreal.consolato@esteri.it<\/a> :<\/p>\n<ul>\n<li><strong><a href=\"https:\/\/consmontreal.esteri.it\/wp-content\/uploads\/2023\/05\/modello-editabile-AA4_8_AA4-8-fra.pdf\">le formulaire<\/a><\/strong> de demande, d\u00fbment compl\u00e9t\u00e9<\/li>\n<li>votre pi\u00e8ce d&#8217;identit\u00e9 avec photo en cours de validit\u00e9 (de pr\u00e9f\u00e9rence votre passeport)<\/li>\n<li>votre acte de naissance, pour confirmer vos informations personnelles<\/li>\n<li>votre certificat de mariage (si votre pi\u00e8ce d&#8217;identit\u00e9 avec photo n&#8217;est qu&#8217;\u00e0 votre nom de femme mari\u00e9e)<\/li>\n<\/ul>\n<p>&nbsp;<\/p>\n<p><strong>Les \u00e9tudiants<\/strong> qui ont besoin du code fiscal pour la pr\u00e9inscription \u00e0 l&#8217;universit\u00e9 peuvent l&#8217;obtenir automatiquement sur le <strong>portail <a href=\"https:\/\/www.universitaly.it\/\">UNIVERSITALY<\/a><\/strong> lors de la demande de pr\u00e9inscription. L&#8217;attribution du code fiscal peut \u00eatre effectu\u00e9e : par les \u00e9tudiants extracommunautaires aupr\u00e8s du guichet unique de l&#8217;immigration (Sportello Unico dell&#8217;Immigrazione) ou de la pr\u00e9fecture de police (Questura) au moment de la demande de permis de s\u00e9jour ; par les \u00e9tudiants de l&#8217;Union europ\u00e9enne aupr\u00e8s de l&#8217;Agence italienne du revenu en pr\u00e9sentant le formulaire AA4\/8.<\/p>\n<p><strong>Les citoyens \u00e9trangers qui ont besoin du code fiscal pour l&#8217;achat d&#8217;un bien immobilier ou d&#8217;autres actifs commerciaux\/financiers<\/strong> en Italie peuvent d\u00e9l\u00e9guer l&#8217;un de leurs repr\u00e9sentants pour demander en leur nom le code fiscal \u00e0 l&#8217;Agence italienne du revenu.<\/p>\n<p><strong>Les citoyens de pays non membres de l&#8217;UE qui ont l&#8217;intention de rester en Italie<\/strong> se voient attribuer le code fiscal :<\/p>\n<p>&#8211; par le guichet unique de l&#8217;immigration, pr\u00e9sent dans chaque pr\u00e9fecture et charg\u00e9 de d\u00e9livrer l&#8217;autorisation d&#8217;entr\u00e9e (nulla osta) aux citoyens \u00e9trangers qui demandent un permis de s\u00e9jour pour l&#8217;emploi ou le regroupement familial ;<\/p>\n<p>&#8211; par la pr\u00e9fecture de police, bureau de la police nationale, pour les citoyens \u00e9trangers qui demandent d&#8217;autres types de permis de s\u00e9jour.<\/p>\n<p><strong>Les citoyens des pays de l&#8217;UE qui ont l&#8217;intention de s\u00e9journer en Italie<\/strong> peuvent demander le code fiscal en pr\u00e9sentant le formulaire AA4\/8 \u00e0 un bureau territorial de l&#8217;Agence italienne du revenu. La demande doit \u00eatre motiv\u00e9e et accompagn\u00e9e d&#8217;un document en cours de validit\u00e9 (passeport ou carte d&#8217;identit\u00e9 valable pour l&#8217;expatriation).<\/p>\n<p>Les citoyens \u00e9trangers qui ont besoin du code fiscal pour <strong>entamer une proc\u00e9dure judiciaire en Italie<\/strong> peuvent inclure parmi les pouvoirs attribu\u00e9s \u00e0 l&#8217;avocat \u00e0 qui ils confient la t\u00e2che de demander le code fiscal aupr\u00e8s de n&#8217;importe quel bureau de l&#8217;Agence italienne du revenu ; les adresses des bureaux de l&#8217;Agence italienne du revenu peuvent \u00eatre trouv\u00e9es sur le site <a href=\"www.agenziaentrate.it\">www.agenziaentrate.it<\/a>.<\/p>\n<p>&nbsp;<\/p>\n<p>&nbsp;<\/p>\n","protected":false},"excerpt":{"rendered":"Ce qu&#8217;il est \u00c0 quoi sert-il ? Comment le demander ? &nbsp; Ce qu&#8217;il est Le code fiscal est le code alphanum\u00e9rique d\u00e9livr\u00e9 par l&#8217;Agence italienne du revenu (Agenzia delle Entrate) pour identifier le citoyen (italien ou \u00e9tranger) dans les relations avec les administrations publiques italiennes, les personnes priv\u00e9es et les entit\u00e9s. Pour les personnes [&hellip;]","protected":false},"author":2,"featured_media":0,"parent":188,"menu_order":0,"comment_status":"closed","ping_status":"closed","template":"","meta":{"footnotes":""},"class_list":["post-278","page","type-page","status-publish","hentry"],"_links":{"self":[{"href":"https:\/\/consmontreal.esteri.it\/fr\/wp-json\/wp\/v2\/pages\/278","targetHints":{"allow":["GET"]}}],"collection":[{"href":"https:\/\/consmontreal.esteri.it\/fr\/wp-json\/wp\/v2\/pages"}],"about":[{"href":"https:\/\/consmontreal.esteri.it\/fr\/wp-json\/wp\/v2\/types\/page"}],"author":[{"embeddable":true,"href":"https:\/\/consmontreal.esteri.it\/fr\/wp-json\/wp\/v2\/users\/2"}],"replies":[{"embeddable":true,"href":"https:\/\/consmontreal.esteri.it\/fr\/wp-json\/wp\/v2\/comments?post=278"}],"version-history":[{"count":2,"href":"https:\/\/consmontreal.esteri.it\/fr\/wp-json\/wp\/v2\/pages\/278\/revisions"}],"predecessor-version":[{"id":5146,"href":"https:\/\/consmontreal.esteri.it\/fr\/wp-json\/wp\/v2\/pages\/278\/revisions\/5146"}],"up":[{"embeddable":true,"href":"https:\/\/consmontreal.esteri.it\/fr\/wp-json\/wp\/v2\/pages\/188"}],"wp:attachment":[{"href":"https:\/\/consmontreal.esteri.it\/fr\/wp-json\/wp\/v2\/media?parent=278"}],"curies":[{"name":"wp","href":"https:\/\/api.w.org\/{rel}","templated":true}]}}