{"id":284,"date":"2023-01-04T21:25:10","date_gmt":"2023-01-04T20:25:10","guid":{"rendered":"https:\/\/consmontreal.esteri.it\/servizi-consolari-e-visti\/servizi-per-il-cittadino-straniero\/visti\/"},"modified":"2026-01-23T15:18:06","modified_gmt":"2026-01-23T14:18:06","slug":"visti","status":"publish","type":"page","link":"https:\/\/consmontreal.esteri.it\/fr\/servizi-consolari-e-visti\/servizi-per-il-cittadino-straniero\/visti\/","title":{"rendered":"Visas"},"content":{"rendered":"<p>ATTENTION: NOUS N\u2019ACCEPTONS PLUS LES DEMANDES POSTALES<\/p>\n<p>QUI A BESOIN D\u2019UN VISA?<br \/>\nSur https:\/\/vistoperitalia.esteri.it vous trouverez si vous avez besoin d\u2019un visa sur la base de votre nationalit\u00e9, la dur\u00e9e et la raison de votre s\u00e9jour.<\/p>\n<p>NOTE: Si vous d\u00e9tenez l\u2019un des documents suivants: un passeport canadien, ou un Document de Voyage pour R\u00e9fugi\u00e9s, vous n\u2019avez PAS besoin d\u2019un visa pour de courts s\u00e9jours allant jusqu\u2019\u00e0 90 jours\/180 jours.<\/p>\n<p>SI JE VOYAGE EGALEMENT DANS D\u2019AUTRE PAYS SCHENGEN, PEUX-T-ON FAIRE LA DEMANDE AU CONSULAT GENERAL D\u2019ITALIE?<br \/>\nOui, si l\u2019Italie est le pays o\u00f9 vous passez le plus grand nombre de jours, OU si vous passez un nombre \u00e9gal de jours dans chaque pays ET que l\u2019Italie est votre port d\u2019entr\u00e9e.<\/p>\n<p>COMMENT PRENDRE RENDEZ-VOUS?<br \/>\nVous devez prendre un rendez-vous \u00e0 travers Prenot@Mi pour chaque personne de 12 ans et plus afin de demander tout type de visa. Consultez r\u00e9guli\u00e8rement le portail aux alentours de 18:00, heure locale, pour des ouvertures, car nous recevons un haut volume de demandes.<\/p>\n<p>QUELS SONT LES DOCUMENTS REQUIS?<br \/>\nSur https:\/\/vistoperitalia.esteri.it vous trouverez la liste des documents requis ainsi que tous les formulaires en r\u00e9pondant \u00e0 4 questions faciles.<\/p>\n<p>N.B. Les pr\u00e9-requis sp\u00e9cifiques du visa Vacances-Travail pour les canadiens de 18-35 ans sont les ressources financi\u00e8res de minimum 5,000$, et l\u2019assurance pour frais m\u00e9dicaux.<br \/>\nN\u2019oubliez pas d\u2019inclure une enveloppe Xpresposst de Postes Canada pour le retour du passeport et du visa. Il est de votre responsabilit\u00e9 de compiler votre adresse compl\u00e8te INCLUANT LE NUMERO D\u2019APPARTEMENT.<\/p>\n<p>QUELS SONT LES FRAIS ET COMMENT PAYER?<br \/>\nLes frais sont \u00e9tablis \u00e0 chaque trimestre, et sont payables en dollars canadiens, en esp\u00e8ces, ou par Mandat au nom de \u201cConsulat G\u00e9n\u00e9ral d\u2019Italie\u201d. Veuillez consulter <a href=\"https:\/\/consmontreal.esteri.it\/fr\/servizi-consolari-e-visti\/servizi-per-il-cittadino-italiano\/altri-servizi\/albo-consolare\/tariffe-consolari\/\">l\u2019onglet suivant<\/a><\/p>\n<p>QUAND FAIRE LA DEMANDE?<br \/>\nIl est d\u2019usage de faire la demande 6 semaines avant le d\u00e9part pour obtenir les meilleurs r\u00e9sultats. Selon notre R\u00e8glementation il est possible de faire la demande jusqu\u2019\u00e0 6 mois avant, et pas moins de 15 jours civils avant.<br \/>\nSi vous devez ravoir le passeport avant, par exemple pour un autre voyage avant d\u2019aller en Italie, il est de votre responsabilit\u00e9 de nous fournir tous les billets a\u00e9riens.<\/p>\n<p>ALLEZ-VOUS CONFIRMER L\u2019ENVOI DE MON PASSEPORT ET DU VISA?<br \/>\nVous devez conserver le num\u00e9ro de suivi d\u2019Xpresspost pour verifier en-ligne sur le site de Postes Canada, puisque ce service n\u2019est pas offert par le Consulat.<\/p>\n<p>COMMENT NOUS CONTACTER?<br \/>\nVous pouvez \u00e9crire \u00e0 visti.montreal@esteri.it si le contenu de cette page n\u2019a pas r\u00e9pondu \u00e0 vos questions.<br \/>\nVeuillez \u00e9crire votre adresse e-mail en majuscules sur le formulaire.<\/p>\n","protected":false},"excerpt":{"rendered":"ATTENTION: NOUS N\u2019ACCEPTONS PLUS LES DEMANDES POSTALES QUI A BESOIN D\u2019UN VISA? Sur https:\/\/vistoperitalia.esteri.it vous trouverez si vous avez besoin d\u2019un visa sur la base de votre nationalit\u00e9, la dur\u00e9e et la raison de votre s\u00e9jour. NOTE: Si vous d\u00e9tenez l\u2019un des documents suivants: un passeport canadien, ou un Document de Voyage pour R\u00e9fugi\u00e9s, vous [&hellip;]","protected":false},"author":2,"featured_media":0,"parent":186,"menu_order":0,"comment_status":"closed","ping_status":"closed","template":"","meta":{"footnotes":""},"class_list":["post-284","page","type-page","status-publish","hentry"],"_links":{"self":[{"href":"https:\/\/consmontreal.esteri.it\/fr\/wp-json\/wp\/v2\/pages\/284","targetHints":{"allow":["GET"]}}],"collection":[{"href":"https:\/\/consmontreal.esteri.it\/fr\/wp-json\/wp\/v2\/pages"}],"about":[{"href":"https:\/\/consmontreal.esteri.it\/fr\/wp-json\/wp\/v2\/types\/page"}],"author":[{"embeddable":true,"href":"https:\/\/consmontreal.esteri.it\/fr\/wp-json\/wp\/v2\/users\/2"}],"replies":[{"embeddable":true,"href":"https:\/\/consmontreal.esteri.it\/fr\/wp-json\/wp\/v2\/comments?post=284"}],"version-history":[{"count":7,"href":"https:\/\/consmontreal.esteri.it\/fr\/wp-json\/wp\/v2\/pages\/284\/revisions"}],"predecessor-version":[{"id":6142,"href":"https:\/\/consmontreal.esteri.it\/fr\/wp-json\/wp\/v2\/pages\/284\/revisions\/6142"}],"up":[{"embeddable":true,"href":"https:\/\/consmontreal.esteri.it\/fr\/wp-json\/wp\/v2\/pages\/186"}],"wp:attachment":[{"href":"https:\/\/consmontreal.esteri.it\/fr\/wp-json\/wp\/v2\/media?parent=284"}],"curies":[{"name":"wp","href":"https:\/\/api.w.org\/{rel}","templated":true}]}}