{"id":286,"date":"2023-01-04T21:25:51","date_gmt":"2023-01-04T20:25:51","guid":{"rendered":"https:\/\/consmontreal.esteri.it\/servizi-consolari-e-visti\/servizi-per-il-cittadino-straniero\/cittadinanza\/"},"modified":"2025-10-06T22:07:31","modified_gmt":"2025-10-06T20:07:31","slug":"cittadinanza","status":"publish","type":"page","link":"https:\/\/consmontreal.esteri.it\/fr\/servizi-consolari-e-visti\/servizi-per-il-cittadino-straniero\/cittadinanza\/","title":{"rendered":"Citoyennet\u00e9"},"content":{"rendered":"<p>Est citoyen\/ne italien\/ne qui nait de p\u00e8re ou de m\u00e8re citoyen\/ne italien\/ne, ind\u00e9pendamment du lieu de naissance (ius sanguinis). La femme transmet la citoyennet\u00e9 \u00e0 partir du premier janvier 1948. Avant cette date, seul\/e qui est n\u00e9\/e de p\u00e8re italien peut recevoir la citoyennet\u00e9.<\/p>\n<p>L&#8217;enfant mineur d&#8217;un citoyen italien acquiert automatiquement la nationalit\u00e9 italienne. La transcription de son acte de naissance est un service assur\u00e9 par le service de l&#8217;<a href=\"https:\/\/consmontreal.esteri.it\/fr\/servizi-consolari-e-visti\/servizi-per-il-cittadino-italiano\/stato-civile\/\">\u00c9tat civil<\/a>.<\/p>\n<p>Seul qui r\u00e9side l\u00e9galement et de fa\u00e7on stable dans la Circonscription consulaire peut pr\u00e9senter une demande de reconnaissance de citoyennet\u00e9<em>\u00a0ius sanguinis<\/em>\u00a0aupr\u00e8s de ce Consulat G\u00e9n\u00e9ral.<\/p>\n<p><strong>Nota Bene<\/strong>: l\u2019enfant mineur d\u2019un\/e citoyen\/ne italien\/ne est automatiquement citoyen\/ne italien\/ne. La transcription de l\u2019acte de naissance relatif est un service de la Section de l\u2019Etat Civil.<\/p>\n","protected":false},"excerpt":{"rendered":"Est citoyen\/ne italien\/ne qui nait de p\u00e8re ou de m\u00e8re citoyen\/ne italien\/ne, ind\u00e9pendamment du lieu de naissance (ius sanguinis). La femme transmet la citoyennet\u00e9 \u00e0 partir du premier janvier 1948. Avant cette date, seul\/e qui est n\u00e9\/e de p\u00e8re italien peut recevoir la citoyennet\u00e9. L&#8217;enfant mineur d&#8217;un citoyen italien acquiert automatiquement la nationalit\u00e9 italienne. La [&hellip;]","protected":false},"author":2,"featured_media":0,"parent":186,"menu_order":0,"comment_status":"closed","ping_status":"closed","template":"","meta":{"footnotes":""},"class_list":["post-286","page","type-page","status-publish","hentry"],"_links":{"self":[{"href":"https:\/\/consmontreal.esteri.it\/fr\/wp-json\/wp\/v2\/pages\/286","targetHints":{"allow":["GET"]}}],"collection":[{"href":"https:\/\/consmontreal.esteri.it\/fr\/wp-json\/wp\/v2\/pages"}],"about":[{"href":"https:\/\/consmontreal.esteri.it\/fr\/wp-json\/wp\/v2\/types\/page"}],"author":[{"embeddable":true,"href":"https:\/\/consmontreal.esteri.it\/fr\/wp-json\/wp\/v2\/users\/2"}],"replies":[{"embeddable":true,"href":"https:\/\/consmontreal.esteri.it\/fr\/wp-json\/wp\/v2\/comments?post=286"}],"version-history":[{"count":4,"href":"https:\/\/consmontreal.esteri.it\/fr\/wp-json\/wp\/v2\/pages\/286\/revisions"}],"predecessor-version":[{"id":5910,"href":"https:\/\/consmontreal.esteri.it\/fr\/wp-json\/wp\/v2\/pages\/286\/revisions\/5910"}],"up":[{"embeddable":true,"href":"https:\/\/consmontreal.esteri.it\/fr\/wp-json\/wp\/v2\/pages\/186"}],"wp:attachment":[{"href":"https:\/\/consmontreal.esteri.it\/fr\/wp-json\/wp\/v2\/media?parent=286"}],"curies":[{"name":"wp","href":"https:\/\/api.w.org\/{rel}","templated":true}]}}