{"id":38,"date":"2023-01-04T12:24:33","date_gmt":"2023-01-04T11:24:33","guid":{"rendered":"https:\/\/consmontreal.esteri.it\/italia-e-canada\/"},"modified":"2024-02-05T19:04:02","modified_gmt":"2024-02-05T18:04:02","slug":"italia-e-canada","status":"publish","type":"page","link":"https:\/\/consmontreal.esteri.it\/fr\/italia-e-canada\/","title":{"rendered":"Italie et Canada"},"content":{"rendered":"<p>Les relations d\u2019amiti\u00e9 entre l\u2019Italie et le Canada sont caract\u00e9ris\u00e9es par des liens anciens, comme en t\u00e9moignent la pr\u00e9sence d\u2019une communaut\u00e9 importante et dynamique d\u2019Italo-Canadiens dans le pays et les \u00e9changes de visites officielles de plus en plus fr\u00e9quents. Au cours des derni\u00e8res ann\u00e9es, la coop\u00e9ration bilat\u00e9rale, qui \u00e9tait d\u00e9j\u00e0 tr\u00e8s solide, s\u2019est renforc\u00e9e dans diff\u00e9rents domaines: de la sph\u00e8re politique \u00e0 la sph\u00e8re commerciale, scientifique et culturelle, gr\u00e2ce \u00e0 de nombreuses initiatives visant \u00e0 promouvoir la tradition et l\u2019innovation, la science et l\u2019art, ainsi que le patrimoine linguistique et culturel de l\u2019Italie au Canada.<\/p>\n<p>Au niveau multilat\u00e9ral, l\u2019Italie et le Canada entretiennent une coop\u00e9ration \u00e9troite au sein d\u2019organisations telles que les Nations unies, l\u2019OTAN et le G7, sur la base d\u2019une convergence d\u2019int\u00e9r\u00eats et de sensibilit\u00e9s similaires concernant les principaux d\u00e9fis mondiaux, comme la lutte contre le changement climatique, la protection de l\u2019environnement, le respect des droits de l\u2019homme et de l\u2019\u00e9galit\u00e9 des sexes, la promotion de l\u2019autonomisation des femmes et l\u2019abolition de la peine de mort. En particulier, la centralit\u00e9 du G7 \u2013 dont l\u2019Italie a assum\u00e9 la Pr\u00e9sidence cette ann\u00e9e et sera suivie du Canada en 2025 \u2013 face \u00e0 l\u2019agression russe contre l\u2019Ukraine a contribu\u00e9 \u00e0 renforcer et \u00e0 structurer davantage les contacts d\u00e9j\u00e0 fr\u00e9quents entre les deux pays. Le \u00ab\u00a0passage du t\u00e9moin\u00a0\u00bb de la Pr\u00e9sidence du G7 de l\u2019Italie au Canada repr\u00e9sentera donc un moment crucial pour donner un tournant strat\u00e9gique aux relations italo-canadiennes.<\/p>\n<p><strong>En 2022, l\u2019Italie et le Canada ont c\u00e9l\u00e9br\u00e9 le 75e anniversaire de l\u2019\u00e9tablissement des relations diplomatiques bilat\u00e9rales.<\/strong><\/p>\n<p>Pour plus d&#8217;informations, consultez le site de l&#8217;<a href=\"https:\/\/ambottawa.esteri.it\/fr\/\">Ambassade d&#8217;Italie \u00e0 Ottawa<\/a>.<\/p>\n","protected":false},"excerpt":{"rendered":"Les relations d\u2019amiti\u00e9 entre l\u2019Italie et le Canada sont caract\u00e9ris\u00e9es par des liens anciens, comme en t\u00e9moignent la pr\u00e9sence d\u2019une communaut\u00e9 importante et dynamique d\u2019Italo-Canadiens dans le pays et les \u00e9changes de visites officielles de plus en plus fr\u00e9quents. Au cours des derni\u00e8res ann\u00e9es, la coop\u00e9ration bilat\u00e9rale, qui \u00e9tait d\u00e9j\u00e0 tr\u00e8s solide, s\u2019est renforc\u00e9e dans [&hellip;]","protected":false},"author":1,"featured_media":0,"parent":0,"menu_order":0,"comment_status":"closed","ping_status":"closed","template":"","meta":{"footnotes":""},"class_list":["post-38","page","type-page","status-publish","hentry"],"_links":{"self":[{"href":"https:\/\/consmontreal.esteri.it\/fr\/wp-json\/wp\/v2\/pages\/38","targetHints":{"allow":["GET"]}}],"collection":[{"href":"https:\/\/consmontreal.esteri.it\/fr\/wp-json\/wp\/v2\/pages"}],"about":[{"href":"https:\/\/consmontreal.esteri.it\/fr\/wp-json\/wp\/v2\/types\/page"}],"author":[{"embeddable":true,"href":"https:\/\/consmontreal.esteri.it\/fr\/wp-json\/wp\/v2\/users\/1"}],"replies":[{"embeddable":true,"href":"https:\/\/consmontreal.esteri.it\/fr\/wp-json\/wp\/v2\/comments?post=38"}],"version-history":[{"count":3,"href":"https:\/\/consmontreal.esteri.it\/fr\/wp-json\/wp\/v2\/pages\/38\/revisions"}],"predecessor-version":[{"id":2337,"href":"https:\/\/consmontreal.esteri.it\/fr\/wp-json\/wp\/v2\/pages\/38\/revisions\/2337"}],"wp:attachment":[{"href":"https:\/\/consmontreal.esteri.it\/fr\/wp-json\/wp\/v2\/media?parent=38"}],"curies":[{"name":"wp","href":"https:\/\/api.w.org\/{rel}","templated":true}]}}