{"id":40,"date":"2023-01-04T12:24:18","date_gmt":"2023-01-04T11:24:18","guid":{"rendered":"https:\/\/consmontreal.esteri.it\/servizi-consolari-e-visti\/"},"modified":"2024-02-06T21:36:20","modified_gmt":"2024-02-06T20:36:20","slug":"servizi-consolari-e-visti","status":"publish","type":"page","link":"https:\/\/consmontreal.esteri.it\/fr\/servizi-consolari-e-visti\/","title":{"rendered":"Services consulaires et visas"},"content":{"rendered":"<p>En faisant d\u00e9filer le menu d\u00e9roulant situ\u00e9 \u00e0 droite de la page, vous pourrez consulter et acc\u00e9der aux diff\u00e9rents services offerts par le consulat.<\/p>\n","protected":false},"excerpt":{"rendered":"En faisant d\u00e9filer le menu d\u00e9roulant situ\u00e9 \u00e0 droite de la page, vous pourrez consulter et acc\u00e9der aux diff\u00e9rents services offerts par le consulat.","protected":false},"author":1,"featured_media":0,"parent":0,"menu_order":0,"comment_status":"closed","ping_status":"closed","template":"","meta":{"footnotes":""},"class_list":["post-40","page","type-page","status-publish","hentry"],"_links":{"self":[{"href":"https:\/\/consmontreal.esteri.it\/fr\/wp-json\/wp\/v2\/pages\/40","targetHints":{"allow":["GET"]}}],"collection":[{"href":"https:\/\/consmontreal.esteri.it\/fr\/wp-json\/wp\/v2\/pages"}],"about":[{"href":"https:\/\/consmontreal.esteri.it\/fr\/wp-json\/wp\/v2\/types\/page"}],"author":[{"embeddable":true,"href":"https:\/\/consmontreal.esteri.it\/fr\/wp-json\/wp\/v2\/users\/1"}],"replies":[{"embeddable":true,"href":"https:\/\/consmontreal.esteri.it\/fr\/wp-json\/wp\/v2\/comments?post=40"}],"version-history":[{"count":1,"href":"https:\/\/consmontreal.esteri.it\/fr\/wp-json\/wp\/v2\/pages\/40\/revisions"}],"predecessor-version":[{"id":2439,"href":"https:\/\/consmontreal.esteri.it\/fr\/wp-json\/wp\/v2\/pages\/40\/revisions\/2439"}],"wp:attachment":[{"href":"https:\/\/consmontreal.esteri.it\/fr\/wp-json\/wp\/v2\/media?parent=40"}],"curies":[{"name":"wp","href":"https:\/\/api.w.org\/{rel}","templated":true}]}}