{"id":43,"date":"2023-01-04T12:24:03","date_gmt":"2023-01-04T11:24:03","guid":{"rendered":"https:\/\/consmontreal.esteri.it\/chi-siamo\/"},"modified":"2025-04-17T19:44:56","modified_gmt":"2025-04-17T17:44:56","slug":"chi-siamo","status":"publish","type":"page","link":"https:\/\/consmontreal.esteri.it\/fr\/chi-siamo\/","title":{"rendered":"Qui sommes-nous"},"content":{"rendered":"<p><strong>Consulat G\u00e9n\u00e9ral d&#8217;Italie \u00e0 Montr\u00e9al<\/strong><\/p>\n<p>3489 Rue Drummond<br \/>\nMontr\u00e9al, Quebec H3G 1X6<br \/>\nCANADA<br \/>\nT\u00e9l.: +1 514-849-8351<br \/>\nT\u00e9l\u00e9copieur : +1 514-499-9471<br \/>\nCourriel:\u00a0<a href=\"mailto:montreal.consolato@esteri.it\">montreal.consolato@esteri.it<\/a><\/p>\n<p>Le Consulat G\u00e9n\u00e9ral est ouvert au public du lundi au vendredi de 9h00 \u00e0 13h00,\u00a0<strong>sur rendez-vous uniquement<\/strong>, \u00e0 convenir via le syst\u00e8me\u00a0<a href=\"https:\/\/consmontreal.esteri.it\/consolato_montreal\/fr\/la_comunicazione\/dal_consolato\/prenot-mi.html\">&#8220;Prenot@mi&#8221;<\/a>\u00a0ou en \u00e9crivant aux e-mails des Services individuels\u00a0<a href=\"https:\/\/consmontreal.esteri.it\/fr\/chi-siamo\/contatti\/\">indiqu\u00e9s ici<\/a>.<a href=\"mailto:montreal.consolato@esteri.it\"><br \/>\n<\/a><\/p>\n<p><strong>INFORMATIONS SUR LES CONTR\u00d4LES DE S\u00c9CURIT\u00c9 POUR CEUX QUI SOUHAITENT ACC\u00c9DER AU CONSULAT<\/strong><\/p>\n<p>Pour des raisons de s\u00e9curit\u00e9, tous les visiteurs souhaitant acc\u00e9der aux bureaux du Consulat seront soumis \u00e0 des contr\u00f4les de s\u00e9curit\u00e9 pr\u00e9alables. Tous les objets accompagnants seront \u00e9galement contr\u00f4l\u00e9s \u00e0 l&#8217;aide d&#8217;\u00e9quipements appropri\u00e9s. Toute personne refusant de se soumettre aux contr\u00f4les de s\u00e9curit\u00e9 ne sera pas autoris\u00e9e \u00e0 acc\u00e9der aux bureaux du Consulat.<\/p>\n<p><strong>Remarque :<\/strong> Les accompagnateurs ne sont pas admis, \u00e0 l&#8217;exception des mineurs, des personnes \u00e0 mobilit\u00e9 r\u00e9duite et des personnes \u00e2g\u00e9es accompagn\u00e9es d&#8217;un membre de leur famille.<\/p>\n<p><strong>LES OBJETS SUIVANTS NE POURRONT PAS \u00caTRE INTRODUITS DANS LE CONSULAT PAR LES VISITEURS :<\/strong><\/p>\n<ul>\n<li>Nourriture et boissons ;<\/li>\n<li>Armes et\/ou objets pouvant \u00eatre utilis\u00e9s comme armes ;<\/li>\n<li>Appareils d&#8217;enregistrement de tout type, y compris ordinateurs portables, t\u00e9l\u00e9phones portables, enregistreurs\/lecteurs audio, et autres ;<\/li>\n<li>Valises, sacs, bagages de tout type devront \u00eatre d\u00e9pos\u00e9s dans les casiers s\u00e9curis\u00e9s pr\u00e9vus \u00e0 l&#8217;entr\u00e9e de la zone de s\u00e9curit\u00e9.<\/li>\n<\/ul>\n<p><strong>Numero en cas d&#8217;urgence:<\/strong><\/p>\n<p>De 15h00 \u00e0 21h00 le vendredi et de 9h00 \u00e0 21h00 le samedi, dimanche et les <a href=\"https:\/\/consmontreal.esteri.it\/it\/chi-siamo\/la-sede\/calendario-delle-festivita-2024\/\" target=\"_blank\" rel=\"noopener\"><strong>jours f\u00e9ri\u00e9s<\/strong><\/a>, seulement en cas d&#8217;urgence, composer le\u00a0514 240-9991 (de l&#8217;Italie composer le 001-514-240-9991).<\/p>\n","protected":false},"excerpt":{"rendered":"Consulat G\u00e9n\u00e9ral d&#8217;Italie \u00e0 Montr\u00e9al 3489 Rue Drummond Montr\u00e9al, Quebec H3G 1X6 CANADA T\u00e9l.: +1 514-849-8351 T\u00e9l\u00e9copieur : +1 514-499-9471 Courriel:\u00a0montreal.consolato@esteri.it Le Consulat G\u00e9n\u00e9ral est ouvert au public du lundi au vendredi de 9h00 \u00e0 13h00,\u00a0sur rendez-vous uniquement, \u00e0 convenir via le syst\u00e8me\u00a0&#8220;Prenot@mi&#8221;\u00a0ou en \u00e9crivant aux e-mails des Services individuels\u00a0indiqu\u00e9s ici. INFORMATIONS SUR LES CONTR\u00d4LES [&hellip;]","protected":false},"author":1,"featured_media":0,"parent":0,"menu_order":0,"comment_status":"closed","ping_status":"closed","template":"","meta":{"footnotes":""},"class_list":["post-43","page","type-page","status-publish","hentry"],"_links":{"self":[{"href":"https:\/\/consmontreal.esteri.it\/fr\/wp-json\/wp\/v2\/pages\/43","targetHints":{"allow":["GET"]}}],"collection":[{"href":"https:\/\/consmontreal.esteri.it\/fr\/wp-json\/wp\/v2\/pages"}],"about":[{"href":"https:\/\/consmontreal.esteri.it\/fr\/wp-json\/wp\/v2\/types\/page"}],"author":[{"embeddable":true,"href":"https:\/\/consmontreal.esteri.it\/fr\/wp-json\/wp\/v2\/users\/1"}],"replies":[{"embeddable":true,"href":"https:\/\/consmontreal.esteri.it\/fr\/wp-json\/wp\/v2\/comments?post=43"}],"version-history":[{"count":6,"href":"https:\/\/consmontreal.esteri.it\/fr\/wp-json\/wp\/v2\/pages\/43\/revisions"}],"predecessor-version":[{"id":5073,"href":"https:\/\/consmontreal.esteri.it\/fr\/wp-json\/wp\/v2\/pages\/43\/revisions\/5073"}],"wp:attachment":[{"href":"https:\/\/consmontreal.esteri.it\/fr\/wp-json\/wp\/v2\/media?parent=43"}],"curies":[{"name":"wp","href":"https:\/\/api.w.org\/{rel}","templated":true}]}}