{"id":488,"date":"2023-05-01T21:19:12","date_gmt":"2023-05-01T19:19:12","guid":{"rendered":"https:\/\/consmontreal.esteri.it\/?page_id=488"},"modified":"2023-05-01T21:41:34","modified_gmt":"2023-05-01T19:41:34","slug":"sinscrire-a-la-i-r-e","status":"publish","type":"page","link":"https:\/\/consmontreal.esteri.it\/fr\/servizi-consolari-e-visti\/servizi-per-il-cittadino-italiano\/anagrafe-degli-italiani-residenti-allestero-aire\/sinscrire-a-la-i-r-e\/","title":{"rendered":"S&#8217;inscrire \u00e0 l\u2019A.I.R.E."},"content":{"rendered":"<p><strong>Comment s\u2019inscrire \u00e0 l\u2019A.I.R.E.?<\/strong><\/p>\n<p>L\u2019inscription \u00e0 l\u2019A.I.R.E. se fait \u00e0 travers le Portail des Services Consulaires\u00a0<a href=\"https:\/\/serviziconsolari.esteri.it\/ScoFE\/index.sco\" target=\"_blank\" rel=\"noopener\">FAST IT<\/a>. L\u2019usager enregistr\u00e9 peut demander l\u2019inscription dans la cat\u00e9gorie \u00abAnagrafe consolare\/A.I.R.E.\/Elettorale\u00bb, en acc\u00e9dant au service \u00abRichiedere l\u2019iscrizione all\u2019A.I.R.E.\u00bb<\/p>\n<p>Pour mener \u00e0 bien la proc\u00e9dure, les documents suivants seront demand\u00e9s:<\/p>\n<ol>\n<li>Un\u00a0<strong>document d\u2019identit\u00e9 en cours de validit\u00e9<\/strong>, ainsi que ceux d\u2019\u00e9ventuels membres de la famille vivant sous le m\u00eame toit,<\/li>\n<li>La\u00a0<strong>documentation d\u00e9montrant la r\u00e9sidence dans notre Circonscription consulaire<\/strong>\u00a0(ex. permis de conduire canadien, factures de services publics, etc.),<\/li>\n<\/ol>\n","protected":false},"excerpt":{"rendered":"Comment s\u2019inscrire \u00e0 l\u2019A.I.R.E.? L\u2019inscription \u00e0 l\u2019A.I.R.E. se fait \u00e0 travers le Portail des Services Consulaires\u00a0FAST IT. L\u2019usager enregistr\u00e9 peut demander l\u2019inscription dans la cat\u00e9gorie \u00abAnagrafe consolare\/A.I.R.E.\/Elettorale\u00bb, en acc\u00e9dant au service \u00abRichiedere l\u2019iscrizione all\u2019A.I.R.E.\u00bb Pour mener \u00e0 bien la proc\u00e9dure, les documents suivants seront demand\u00e9s: Un\u00a0document d\u2019identit\u00e9 en cours de validit\u00e9, ainsi que ceux d\u2019\u00e9ventuels [&hellip;]","protected":false},"author":5,"featured_media":0,"parent":264,"menu_order":0,"comment_status":"closed","ping_status":"closed","template":"","meta":{"footnotes":""},"class_list":["post-488","page","type-page","status-publish","hentry"],"_links":{"self":[{"href":"https:\/\/consmontreal.esteri.it\/fr\/wp-json\/wp\/v2\/pages\/488","targetHints":{"allow":["GET"]}}],"collection":[{"href":"https:\/\/consmontreal.esteri.it\/fr\/wp-json\/wp\/v2\/pages"}],"about":[{"href":"https:\/\/consmontreal.esteri.it\/fr\/wp-json\/wp\/v2\/types\/page"}],"author":[{"embeddable":true,"href":"https:\/\/consmontreal.esteri.it\/fr\/wp-json\/wp\/v2\/users\/5"}],"replies":[{"embeddable":true,"href":"https:\/\/consmontreal.esteri.it\/fr\/wp-json\/wp\/v2\/comments?post=488"}],"version-history":[{"count":0,"href":"https:\/\/consmontreal.esteri.it\/fr\/wp-json\/wp\/v2\/pages\/488\/revisions"}],"up":[{"embeddable":true,"href":"https:\/\/consmontreal.esteri.it\/fr\/wp-json\/wp\/v2\/pages\/264"}],"wp:attachment":[{"href":"https:\/\/consmontreal.esteri.it\/fr\/wp-json\/wp\/v2\/media?parent=488"}],"curies":[{"name":"wp","href":"https:\/\/api.w.org\/{rel}","templated":true}]}}