{"id":498,"date":"2023-05-01T23:00:22","date_gmt":"2023-05-01T21:00:22","guid":{"rendered":"https:\/\/consmontreal.esteri.it\/?page_id=498"},"modified":"2023-05-01T23:01:56","modified_gmt":"2023-05-01T21:01:56","slug":"communiquer-un-changement-dadresse-ou-de-circonscription-consulaire","status":"publish","type":"page","link":"https:\/\/consmontreal.esteri.it\/fr\/servizi-consolari-e-visti\/servizi-per-il-cittadino-italiano\/anagrafe-degli-italiani-residenti-allestero-aire\/communiquer-un-changement-dadresse-ou-de-circonscription-consulaire\/","title":{"rendered":"Communiquer un changement d\u2019adresse ou de Circonscription consulaire"},"content":{"rendered":"<p><strong>Comment communiquer une variation d\u2019adresse \u00e0 l\u2019int\u00e9rieur de la m\u00eame Circonscription consulaire ou un transfert \u00e0 une autre Circonscription consulaire?<\/strong><\/p>\n<p>Apr\u00e8s s&#8217;\u00eatre inscrits\/es \u00e0 l\u2019A.I.R.E.,<strong>\u00a0les citoyens\/es doivent maintenir \u00e0 jour leur position au Registre<\/strong>, en communiquant sans d\u00e9lai tout changement de leur r\u00e9sidence \u00e0 l\u2019\u00e9tranger. Le d\u00e9faut de la mise \u00e0 jour des informations relatives \u00e0 l\u2019adresse rend impossible le contact avec le\/la citoyen\/ne ainsi que la r\u00e9ception du pli \u00e9lectoral en cas d\u2019\u00e9lections.<\/p>\n<p>Le\u00a0<strong>changement d\u2019adresse<\/strong>\u00a0doit \u00eatre communiqu\u00e9 \u00e0 travers le Portail\u00a0<a href=\"https:\/\/serviziconsolarionline.esteri.it\/ScoFE\/index.sco\" target=\"_blank\" rel=\"noopener\">FAST IT<\/a>. Pour ce faire, il faut cliquer sur \u00abAnagrafe consolare\/A.I.R.E.\/Elettorale\u00bb et ensuite sur \u00abComunicare la variazione della propria residenza\u00bb.<\/p>\n<p>Pour mener \u00e0 bien la proc\u00e9dure les documents suivants seront demand\u00e9s:<\/p>\n<ol>\n<li>Un\u00a0<strong>document d\u2019identit\u00e9 en cours de validit\u00e9<\/strong>, ainsi que ceux des membres de la famille qui habitent sous le m\u00eame\u00a0toit,<\/li>\n<li>La\u00a0<strong>documentation prouvant la r\u00e9sidence dans notre Circonscription consulaire<\/strong>\u00a0(ex. permis de conduire, factures de services publics, etc.).<\/li>\n<\/ol>\n","protected":false},"excerpt":{"rendered":"Comment communiquer une variation d\u2019adresse \u00e0 l\u2019int\u00e9rieur de la m\u00eame Circonscription consulaire ou un transfert \u00e0 une autre Circonscription consulaire? Apr\u00e8s s&#8217;\u00eatre inscrits\/es \u00e0 l\u2019A.I.R.E.,\u00a0les citoyens\/es doivent maintenir \u00e0 jour leur position au Registre, en communiquant sans d\u00e9lai tout changement de leur r\u00e9sidence \u00e0 l\u2019\u00e9tranger. Le d\u00e9faut de la mise \u00e0 jour des informations relatives [&hellip;]","protected":false},"author":5,"featured_media":0,"parent":264,"menu_order":0,"comment_status":"closed","ping_status":"closed","template":"","meta":{"footnotes":""},"class_list":["post-498","page","type-page","status-publish","hentry"],"_links":{"self":[{"href":"https:\/\/consmontreal.esteri.it\/fr\/wp-json\/wp\/v2\/pages\/498","targetHints":{"allow":["GET"]}}],"collection":[{"href":"https:\/\/consmontreal.esteri.it\/fr\/wp-json\/wp\/v2\/pages"}],"about":[{"href":"https:\/\/consmontreal.esteri.it\/fr\/wp-json\/wp\/v2\/types\/page"}],"author":[{"embeddable":true,"href":"https:\/\/consmontreal.esteri.it\/fr\/wp-json\/wp\/v2\/users\/5"}],"replies":[{"embeddable":true,"href":"https:\/\/consmontreal.esteri.it\/fr\/wp-json\/wp\/v2\/comments?post=498"}],"version-history":[{"count":0,"href":"https:\/\/consmontreal.esteri.it\/fr\/wp-json\/wp\/v2\/pages\/498\/revisions"}],"up":[{"embeddable":true,"href":"https:\/\/consmontreal.esteri.it\/fr\/wp-json\/wp\/v2\/pages\/264"}],"wp:attachment":[{"href":"https:\/\/consmontreal.esteri.it\/fr\/wp-json\/wp\/v2\/media?parent=498"}],"curies":[{"name":"wp","href":"https:\/\/api.w.org\/{rel}","templated":true}]}}