{"id":506,"date":"2023-05-01T23:30:17","date_gmt":"2023-05-01T21:30:17","guid":{"rendered":"https:\/\/consmontreal.esteri.it\/?page_id=506"},"modified":"2023-05-01T23:36:57","modified_gmt":"2023-05-01T21:36:57","slug":"portail-fast-it","status":"publish","type":"page","link":"https:\/\/consmontreal.esteri.it\/fr\/servizi-consolari-e-visti\/servizi-per-il-cittadino-italiano\/anagrafe-degli-italiani-residenti-allestero-aire\/portail-fast-it\/","title":{"rendered":"Portail Fast It"},"content":{"rendered":"<p><strong>Veuillez noter que le portail informatique &#8220;Fast It&#8221; (Farnesina Servizi Telematici pour les Italiens \u00e0 l\u2019\u00e9tranger), disponible en langue italienne,\u00a0est actif aupr\u00e8s du Consulat d\u2019Italie \u00e0 Montr\u00e9al, apr\u00e8s enregistrement de l\u2019utilisateur,\u00a0\u00e1 l&#8217;adresse suivant\u00a0:<\/strong><\/p>\n<p><a href=\"https:\/\/serviziconsolarionline.esteri.it\/ScoFE\/index.sco\" target=\"_blank\" rel=\"noopener\">https:\/\/serviziconsolarionline.esteri.it<\/a><\/p>\n<p>&#8220;Fast It&#8221;est une plateforme num\u00e9rique r\u00e9alis\u00e9e par le Minist\u00e8re des Affaires Etrang\u00e8res et de la Coop\u00e9ration Internationale, pour permettre aux compatriotes r\u00e9sidant \u00e0 l\u2019\u00e9tranger de s\u2019inscrire \u00e0 l\u2019A.I.R.E. et de communiquer rapidement tout changement d\u2019adresse et de circonscription consulaire.<\/p>\n<p><strong>Consultation des donn\u00e9es consulaires<\/strong><\/p>\n<p>Ce n\u2019est qu\u2019\u00e0 la premi\u00e8re consultation des donn\u00e9es consulaires qu\u2019il sera demand\u00e9 d\u2019effectuer la &#8220;Association en ligne&#8221; du profil Fast It avec la fiche Consulaire, en t\u00e9l\u00e9chargeant une pi\u00e8ce d\u2019identit\u00e9. (Proc\u00e9dure illustr\u00e9e dans le\u00a0<a href=\"https:\/\/consmontreal.esteri.it\/wp-content\/uploads\/2023\/05\/associazioneonline.pdf\" target=\"_blank\" rel=\"noopener\">Tutoriel en format PDF<\/a>.)<\/p>\n<p><strong>Les documents \u00e0 pr\u00e9parer avant d\u2019utiliser les services de &#8220;Inscription \u00e0 l\u2019Aire&#8221; (m\u00eame en cas de changement de circonscription consulaire) et de &#8220;Changement de r\u00e9sidence&#8221; dans la m\u00eame circonscription que le portail &#8220;Fast It&#8221; sont les suivants :<\/strong><\/p>\n<ol>\n<li>copie du passeport italien ou copie de la carte d\u2019identit\u00e9 en cours de validit\u00e9;<\/li>\n<li>preuve de r\u00e9sidence stable et l\u00e9gale \u00e0 l\u2019\u00e9tranger (par ex. inscription aupr\u00e8s des autorit\u00e9s canadiennes, ou autre preuve l\u00e9gale de sa r\u00e9sidence).<\/li>\n<\/ol>\n<p>N\u2019oubliez pas d\u2019inclure dans le formulaire les autres membres du m\u00e9nage r\u00e9sidant \u00e0 la m\u00eame adresse (ex. conjoint et enfants) et leurs documents.<\/p>\n<p>Il est recommand\u00e9 que tous les membres majeurs de la famille remplissent un formulaire d\u2019inscription ou apposent leur signature sous celle du requ\u00e9rant. Dans le cas d\u2019un conjoint \u00e9tranger, il convient \u00e9galement de joindre une photocopie de sa pi\u00e8ce d\u2019identit\u00e9.<\/p>\n<p>Les demandes qui ne r\u00e9pondent pas aux crit\u00e8res indiqu\u00e9s seront rejet\u00e9es par l\u2019op\u00e9rateur.<\/p>\n<p>Les demandes initi\u00e9s \u00e0 travers &#8220;Fast It&#8221; sont consultables en ligne, et il est soin de l\u2019individu se connecter avec son compte et mot de passe pour en conna\u00eetre l\u2019\u00e9tat.<\/p>\n","protected":false},"excerpt":{"rendered":"Veuillez noter que le portail informatique &#8220;Fast It&#8221; (Farnesina Servizi Telematici pour les Italiens \u00e0 l\u2019\u00e9tranger), disponible en langue italienne,\u00a0est actif aupr\u00e8s du Consulat d\u2019Italie \u00e0 Montr\u00e9al, apr\u00e8s enregistrement de l\u2019utilisateur,\u00a0\u00e1 l&#8217;adresse suivant\u00a0: https:\/\/serviziconsolarionline.esteri.it &#8220;Fast It&#8221;est une plateforme num\u00e9rique r\u00e9alis\u00e9e par le Minist\u00e8re des Affaires Etrang\u00e8res et de la Coop\u00e9ration Internationale, pour permettre aux compatriotes [&hellip;]","protected":false},"author":5,"featured_media":0,"parent":264,"menu_order":0,"comment_status":"closed","ping_status":"closed","template":"","meta":{"footnotes":""},"class_list":["post-506","page","type-page","status-publish","hentry"],"_links":{"self":[{"href":"https:\/\/consmontreal.esteri.it\/fr\/wp-json\/wp\/v2\/pages\/506","targetHints":{"allow":["GET"]}}],"collection":[{"href":"https:\/\/consmontreal.esteri.it\/fr\/wp-json\/wp\/v2\/pages"}],"about":[{"href":"https:\/\/consmontreal.esteri.it\/fr\/wp-json\/wp\/v2\/types\/page"}],"author":[{"embeddable":true,"href":"https:\/\/consmontreal.esteri.it\/fr\/wp-json\/wp\/v2\/users\/5"}],"replies":[{"embeddable":true,"href":"https:\/\/consmontreal.esteri.it\/fr\/wp-json\/wp\/v2\/comments?post=506"}],"version-history":[{"count":0,"href":"https:\/\/consmontreal.esteri.it\/fr\/wp-json\/wp\/v2\/pages\/506\/revisions"}],"up":[{"embeddable":true,"href":"https:\/\/consmontreal.esteri.it\/fr\/wp-json\/wp\/v2\/pages\/264"}],"wp:attachment":[{"href":"https:\/\/consmontreal.esteri.it\/fr\/wp-json\/wp\/v2\/media?parent=506"}],"curies":[{"name":"wp","href":"https:\/\/api.w.org\/{rel}","templated":true}]}}