{"id":5488,"date":"2025-07-09T23:02:12","date_gmt":"2025-07-09T21:02:12","guid":{"rendered":"https:\/\/consmontreal.esteri.it\/?page_id=5488"},"modified":"2025-07-09T23:04:06","modified_gmt":"2025-07-09T21:04:06","slug":"acquisition-de-la-citoyennete-pour-les-enfants-mineurs-vivant-avec-un-parent-non-citoyen-depuis-leur-naissance","status":"publish","type":"page","link":"https:\/\/consmontreal.esteri.it\/fr\/servizi-consolari-e-visti\/servizi-per-il-cittadino-straniero\/cittadinanza\/acquisition-de-la-citoyennete-pour-les-enfants-mineurs-vivant-avec-un-parent-non-citoyen-depuis-leur-naissance\/","title":{"rendered":"Acquisition de la citoyennet\u00e9 pour les enfants mineurs vivant avec un parent non-citoyen depuis leur naissance"},"content":{"rendered":"<p>L&#8217;article 14 de la loi n\u00b0 91\/1992, modifi\u00e9e par le d\u00e9cret-loi n\u00b0 36\/2025 converti par la loi n\u00b0 74\/2025, stipule que pour acqu\u00e9rir la citoyennet\u00e9 de cette mani\u00e8re, <strong>l&#8217;enfant de citoyens italiens non de naissance doit avoir r\u00e9sid\u00e9 l\u00e9galement en Italie pendant au moins deux ann\u00e9es continues au moment de l&#8217;acquisition ou de la r\u00e9acquisition de la citoyennet\u00e9 italienne par le parent<\/strong> (si l&#8217;enfant est \u00e2g\u00e9 de moins de deux ans, il doit avoir r\u00e9sid\u00e9 en Italie depuis sa naissance).<\/p>\n<p>Il est pr\u00e9cis\u00e9 que :<\/p>\n<ul>\n<li>Dans le cas o\u00f9 la demande de reconnaissance de la citoyennet\u00e9 iure communicatione, en raison de la mani\u00e8re dont elle est pr\u00e9sent\u00e9e, tombe dans les exceptions identifi\u00e9es aux lettres a), a-bis) ou b) de l&#8217;article 3-bis de la loi n\u00b0 91\/1992 (c&#8217;est-\u00e0-dire demande &#8211; administrative ou judiciaire &#8211; pr\u00e9sent\u00e9e avant le 27 mars 2025, ou demande pr\u00e9sent\u00e9e au rendez-vous indiqu\u00e9 avant le 27 mars 2025), la discipline pr\u00e9c\u00e9dente s&#8217;appliquera.<\/li>\n<li>Si la demande de reconnaissance de la citoyennet\u00e9 iure communicatione a \u00e9t\u00e9 d\u00e9pos\u00e9e \u00e0 partir du 28 mars 2025, il est n\u00e9cessaire que le parent qui transmet la citoyennet\u00e9 soit exclusivement citoyen italien ou qu&#8217;il ait r\u00e9sid\u00e9 en Italie pendant les deux ann\u00e9es pr\u00e9c\u00e9dant la naissance de l&#8217;enfant.<\/li>\n<li>Si <strong>l&#8217;acquisition ou la r\u00e9acquisition de la citoyennet\u00e9 par le parent a lieu \u00e0 partir du 24 mai 2025<\/strong>, l&#8217;enfant qui cohabite avec le parent qui acquiert ou r\u00e9acquiert la citoyennet\u00e9 italienne doit avoir r\u00e9sid\u00e9 en Italie pendant au moins deux ans avant la naturalisation du parent. <strong>Dans ce cas, la comp\u00e9tence pour v\u00e9rifier l&#8217;acquisition de la citoyennet\u00e9 par l&#8217;enfant incombera \u00e0 la municipalit\u00e9 italienne de r\u00e9sidence.<\/strong><\/li>\n<\/ul>\n","protected":false},"excerpt":{"rendered":"L&#8217;article 14 de la loi n\u00b0 91\/1992, modifi\u00e9e par le d\u00e9cret-loi n\u00b0 36\/2025 converti par la loi n\u00b0 74\/2025, stipule que pour acqu\u00e9rir la citoyennet\u00e9 de cette mani\u00e8re, l&#8217;enfant de citoyens italiens non de naissance doit avoir r\u00e9sid\u00e9 l\u00e9galement en Italie pendant au moins deux ann\u00e9es continues au moment de l&#8217;acquisition ou de la r\u00e9acquisition [&hellip;]","protected":false},"author":30,"featured_media":0,"parent":286,"menu_order":0,"comment_status":"closed","ping_status":"closed","template":"","meta":{"footnotes":""},"class_list":["post-5488","page","type-page","status-publish","hentry"],"_links":{"self":[{"href":"https:\/\/consmontreal.esteri.it\/fr\/wp-json\/wp\/v2\/pages\/5488","targetHints":{"allow":["GET"]}}],"collection":[{"href":"https:\/\/consmontreal.esteri.it\/fr\/wp-json\/wp\/v2\/pages"}],"about":[{"href":"https:\/\/consmontreal.esteri.it\/fr\/wp-json\/wp\/v2\/types\/page"}],"author":[{"embeddable":true,"href":"https:\/\/consmontreal.esteri.it\/fr\/wp-json\/wp\/v2\/users\/30"}],"replies":[{"embeddable":true,"href":"https:\/\/consmontreal.esteri.it\/fr\/wp-json\/wp\/v2\/comments?post=5488"}],"version-history":[{"count":1,"href":"https:\/\/consmontreal.esteri.it\/fr\/wp-json\/wp\/v2\/pages\/5488\/revisions"}],"predecessor-version":[{"id":5491,"href":"https:\/\/consmontreal.esteri.it\/fr\/wp-json\/wp\/v2\/pages\/5488\/revisions\/5491"}],"up":[{"embeddable":true,"href":"https:\/\/consmontreal.esteri.it\/fr\/wp-json\/wp\/v2\/pages\/286"}],"wp:attachment":[{"href":"https:\/\/consmontreal.esteri.it\/fr\/wp-json\/wp\/v2\/media?parent=5488"}],"curies":[{"name":"wp","href":"https:\/\/api.w.org\/{rel}","templated":true}]}}