{"id":5532,"date":"2025-07-10T20:34:17","date_gmt":"2025-07-10T18:34:17","guid":{"rendered":"https:\/\/consmontreal.esteri.it\/?page_id=5532"},"modified":"2025-11-17T18:17:45","modified_gmt":"2025-11-17T17:17:45","slug":"reacquisition-de-la-citoyennete-italienne","status":"publish","type":"page","link":"https:\/\/consmontreal.esteri.it\/fr\/servizi-consolari-e-visti\/servizi-per-il-cittadino-straniero\/cittadinanza\/reacquisition-de-la-citoyennete-italienne\/","title":{"rendered":"R\u00e9acquisition de la citoyennet\u00e9 italienne"},"content":{"rendered":"<p>La\u00a0<a href=\"https:\/\/www.normattiva.it\/uri-res\/N2Ls?urn:nir:stato:legge:2025;74\">Loi de conversion n. 74\/2025<\/a>\u00a0du\u00a0<a href=\"https:\/\/www.normattiva.it\/uri-res\/N2Ls?urn:nir:stato:decreto.legge:2025;36\">D\u00e9cret-Loi 36\/2025<\/a>\u00a0a modifi\u00e9 l\u2019article 17, alin\u00e9a 1, de la\u00a0<a href=\"https:\/\/www.normattiva.it\/uri-res\/N2Ls?urn:nir:stato:legge:1992-02-05;91!vig\">Loi n. 91\/1992<\/a>, permettant aux anciens citoyens \u00e9galement r\u00e9sidents \u00e0 l\u2019\u00e9tranger, dans certains cas et pour une p\u00e9riode limit\u00e9e, de r\u00e9acqu\u00e9rir\u00a0 la citoyennet\u00e9 italienne en pr\u00e9sentant une d\u00e9claration sp\u00e9cifique qui doit \u00eatre\u00a0<strong>faite par l\u2019int\u00e9ress\u00e9 personnellement devant les fonctionnaires consulaires comp\u00e9tents.<\/strong><\/p>\n<p><strong><u>EFFETS DE LA R\u00c9ACQUISITION\u00a0<\/u><\/strong><\/p>\n<p>La d\u00e9claration de r\u00e9acquisition\u00a0<strong><u>n\u2019a pas d\u2019effet r\u00e9troactif<\/u><\/strong>\u00a0: l\u2019ancien citoyen r\u00e9acquiert la citoyennet\u00e9 italienne \u00e0 partir du jour SUIVANT la d\u00e9claration.<\/p>\n<p><strong><u>TRANSMISSION DE LA CITOYENNET\u00c9 AUX DESCENDANTS \u00a0<\/u><\/strong><\/p>\n<p>Avec l\u2019entr\u00e9e en vigueur de la nouvelle l\u00e9gislation, la r\u00e9acquisition de la citoyennet\u00e9\u00a0<strong>NE PERMET PAS<\/strong>\u00a0l\u2019acquisition automatique de la citoyennet\u00e9 par les enfants, m\u00eame si mineurs (clairement, cela vaut aussi pour les adultes) et cohabitants, s\u2019ils r\u00e9sident \u00e0 l\u2019\u00e9tranger.<\/p>\n<p><strong><u>CONDITIONS DE LA R\u00c9ACQUISITION\u00a0<\/u><\/strong><\/p>\n<p>La d\u00e9claration de r\u00e9acquisition par l\u2019ancien citoyen doit \u00eatre pr\u00e9sent\u00e9e, avec les documents requis,\u00a0<strong>entre le 1er\u00a0juillet\u00a02025 et le 31\u00a0d\u00e9cembre\u00a02027<\/strong>.<\/p>\n<p><strong><u>QUI PEUT<\/u><\/strong><u>\u00a0<strong>R\u00c9ACQUERIR<\/strong>\u00a0<strong>LA CITOYENNET\u00c9 ITALIENNE<\/strong><\/u><\/p>\n<p>Les exigences suivantes sont requises\u00a0:<\/p>\n<ol>\n<li>l\u2019int\u00e9ress\u00e9 doit \u00eatre\u00a0<strong>n\u00e9 en Italie ou, s\u2019il est n\u00e9<\/strong>\u00a0<strong>hors d\u2019Italie, avoir r\u00e9sid\u00e9 en Italie pendant au moins deux ann\u00e9es cons\u00e9cutives<\/strong>;<\/li>\n<li>l\u2019int\u00e9ress\u00e9\u00a0<strong>a perdu sa nationalit\u00e9 avant le 16\u00a0ao\u00fbt\u00a01992.<\/strong><\/li>\n<\/ol>\n<p><strong><u>DOCUMENTATION N\u00c9CESSAIRE POUR LA\u00a0R\u00c9ACQUISITION\u00a0<\/u><\/strong><\/p>\n<p><strong>ATTENTION<\/strong>\u00a0<strong>:<\/strong>\u00a0<strong>Le Consulat NE REDONNE PAS les documents soumis.<\/strong><\/p>\n<ol>\n<li><strong>Demande de r\u00e9acquisition\u00a0<\/strong>(<a href=\"https:\/\/consmontreal.esteri.it\/it\/servizi-consolari-e-visti\/servizi-per-il-cittadino-italiano\/altri-servizi\/modulistica\/cittadinanza\/\">Cliquez sur le lien\u00a0<\/a>), remplie.<\/li>\n<li><strong>Passeport canadien et preuve de r\u00e9sidence<\/strong>\u00a0dans la circonscription consulaire (permis de conduire ou facture d\u2019\u00e9lectricit\u00e9).<\/li>\n<li>Tous les documents d\u2019identit\u00e9 italiens en votre possession, m\u00eame s\u2019ils ont expir\u00e9.<\/li>\n<li><strong>Droit consulaire de Euro 250\u00a0<\/strong>pour la d\u00e9claration de r\u00e9acquisition de la citoyennet\u00e9\u00a0<strong>\u00e0 payer le jour du rendez-vous en dollars canadiens\u00a0<\/strong>en esp\u00e8ces ou par money order\/bank draft au nom du Consulat General d\u2019Italie \u00e0 Montr\u00e9al. Pour v\u00e9rifier le montant exact en dollars canadiens, consultez la section d\u00e9di\u00e9e,\u00a0<a href=\"https:\/\/consmontreal.esteri.it\/fr\/servizi-consolari-e-visti\/servizi-per-il-cittadino-italiano\/altri-servizi\/albo-consolare\/tariffe-consolari\/\">https:\/\/consmontreal.esteri.it\/fr\/servizi-consolari-e-visti\/servizi-per-il-cittadino-italiano\/altri-servizi\/albo-consolare\/tariffe-consolari\/<\/a>\u00a0.<\/li>\n<li><strong>Si n\u00e9s en Italie\u00a0: Extrait de l\u2019acte de naissance avec annotations marginales\u00a0<\/strong>(NON un simple certificat de naissance) d\u00e9livr\u00e9 r\u00e9cemment par la Commune italienne de naissance.<\/li>\n<li><strong>Si n\u00e9s \u00e0 l\u2019\u00e9tranger\u00a0:<\/strong><\/li>\n<\/ol>\n<p>6a)<strong>\u00a0Extrait de l\u2019acte de naissance \u00e9tranger<\/strong>\u00a0apostill\u00e9 et traduction en italien.<\/p>\n<p>6b)<strong>\u00a0certificat historique de r\u00e9sidence<\/strong>\u00a0d\u00e9livr\u00e9 par la derni\u00e8re Commune italienne de r\u00e9sidence.<\/p>\n<p>7.<strong> Dans tous les cas : Certificat historique de citoyennet\u00e9<\/strong> d\u00e9livr\u00e9 par la Commune italienne de naissance ou de derni\u00e8re r\u00e9sidence en Italie.<\/p>\n<p>8.<strong> Dans tous les cas : Original du Certificat de naturalisation \u00e9trang\u00e8re<\/strong>\u00a0qui doit obligatoirement mentionner ces donn\u00e9es essentielles\u00a0:<\/p>\n<ul>\n<li>Pr\u00e9nom<\/li>\n<li>Nom*<\/li>\n<li>Date de naissance<\/li>\n<li>Date (jour, mois et ann\u00e9e) d\u2019octroi de la citoyennet\u00e9 canadienne<\/li>\n<\/ul>\n<p>Si l\u2019int\u00e9ress\u00e9 \u00e9tait mineur au moment de la naturalisation, les originaux des <strong>certificats de naturalisation des parents n\u00e9s italiens<\/strong> devront AUSSI \u00eatre pr\u00e9sent\u00e9s. Il est rappel\u00e9 que jusqu\u2019au 9 mars 1975, l\u2019\u00e2ge de la majorit\u00e9 en Italie \u00e9tait atteint \u00e0 21 ans.<\/p>\n<p>*<strong>ATTENTION<\/strong>!: pour les\u00a0<strong>DAMES<\/strong>, si le nom de jeune fille n\u2019appara\u00eet pas sur le certificat de naturalisation \u00e9trang\u00e8re, mais il apparaitre seulement celui de mari\u00e9e, il faudra pr\u00e9senter pour les mariages au Canada (ou dans d\u2019autres pays) M\u00caME le\u00a0<strong>certificat de mariage<\/strong>\u00a0(<a href=\"https:\/\/consmontreal.esteri.it\/fr\/servizi-consolari-e-visti\/servizi-per-il-cittadino-italiano\/stato-civile\/mariage-union-civile\/\">https:\/\/consmontreal.esteri.it\/fr\/servizi-consolari-e-visti\/servizi-per-il-cittadino-italiano\/stato-civile\/mariage-union-civile\/<\/a>\u00a0\u00a0). Les certificats de mariage d\u00e9livr\u00e9s par des autorit\u00e9s religieuses NE PEUVENT PAS \u00eatre utilis\u00e9s.<\/p>\n<p>Dans le cas o\u00f9 le certificat de naturalisation \u00e9trang\u00e8re en votre possession NE MONTRE PAS toutes les donn\u00e9es OBLIGATOIRES de A \u00e0 D\u00a0:<\/p>\n<ol>\n<li>a) il est possible d\u2019AJOUTER, s\u2019il int\u00e8gre les donn\u00e9es n\u00e9cessaires manquantes, <strong>le certificat de citoyennet\u00e9 \u201cwallet size\u201d<\/strong>;<\/li>\n<\/ol>\n<p>OU<\/p>\n<ol>\n<li>b) au lieu des deux certificats susmentionn\u00e9s, vous pouvez pr\u00e9senter une \u201cRecherche dans les dossiers de la citoyennet\u00e9\u201d ou un \u201c<a href=\"https:\/\/www.canada.ca\/en\/treasury-board-secretariat\/services\/access-information-privacy.html\">Access to information<\/a>\u201d \u00e0 demander \u00e0 Immigration et Citoyennet\u00e9 Canada (<a href=\"https:\/\/www.cic.gc.ca\/\">https:\/\/www.cic.gc.ca\/<\/a>) .<\/li>\n<\/ol>\n<p><strong>COMMENT PR\u00c9SENTER, OBTENIR LE RENDEZ-VOUS ET PAYER<\/strong><\/p>\n<p>Une fois en possession de TOUS les documents mentionn\u00e9s ci-dessus, il faudra envoyer \u00e0 l\u2019adresse e-mail\u00a0:\u00a0<a href=\"mailto:montreal.cittadinanza@esteri.it\">montreal.cittadinanza@esteri.it<\/a>\u00a0une demande de rendez-vous en joignant:<\/p>\n<p>\u2013\u00a0 la demande de r\u00e9acquisition d\u00fbment remplie et sign\u00e9e (<a href=\"https:\/\/consmontreal.esteri.it\/fr\/servizi-consolari-e-visti\/servizi-per-il-cittadino-italiano\/altri-servizi\/formulaires\/709-2\/\">lien au document<\/a>)<\/p>\n<p>\u2013\u00a0 une pi\u00e8ce d\u2019identit\u00e9 (passeport ou permis de conduire)<\/p>\n<p>Le rendez-vous et les modalit\u00e9s de pr\u00e9sentation de la demande de r\u00e9acquisition et de remise des documents originaux seront communiqu\u00e9s par ce Consulat \u00e0 l\u2019adresse e-mail que vous aurez indiqu\u00e9e.<\/p>\n","protected":false},"excerpt":{"rendered":"La\u00a0Loi de conversion n. 74\/2025\u00a0du\u00a0D\u00e9cret-Loi 36\/2025\u00a0a modifi\u00e9 l\u2019article 17, alin\u00e9a 1, de la\u00a0Loi n. 91\/1992, permettant aux anciens citoyens \u00e9galement r\u00e9sidents \u00e0 l\u2019\u00e9tranger, dans certains cas et pour une p\u00e9riode limit\u00e9e, de r\u00e9acqu\u00e9rir\u00a0 la citoyennet\u00e9 italienne en pr\u00e9sentant une d\u00e9claration sp\u00e9cifique qui doit \u00eatre\u00a0faite par l\u2019int\u00e9ress\u00e9 personnellement devant les fonctionnaires consulaires comp\u00e9tents. EFFETS DE LA [&hellip;]","protected":false},"author":30,"featured_media":0,"parent":286,"menu_order":3,"comment_status":"closed","ping_status":"closed","template":"","meta":{"footnotes":""},"class_list":["post-5532","page","type-page","status-publish","hentry"],"_links":{"self":[{"href":"https:\/\/consmontreal.esteri.it\/fr\/wp-json\/wp\/v2\/pages\/5532","targetHints":{"allow":["GET"]}}],"collection":[{"href":"https:\/\/consmontreal.esteri.it\/fr\/wp-json\/wp\/v2\/pages"}],"about":[{"href":"https:\/\/consmontreal.esteri.it\/fr\/wp-json\/wp\/v2\/types\/page"}],"author":[{"embeddable":true,"href":"https:\/\/consmontreal.esteri.it\/fr\/wp-json\/wp\/v2\/users\/30"}],"replies":[{"embeddable":true,"href":"https:\/\/consmontreal.esteri.it\/fr\/wp-json\/wp\/v2\/comments?post=5532"}],"version-history":[{"count":5,"href":"https:\/\/consmontreal.esteri.it\/fr\/wp-json\/wp\/v2\/pages\/5532\/revisions"}],"predecessor-version":[{"id":6033,"href":"https:\/\/consmontreal.esteri.it\/fr\/wp-json\/wp\/v2\/pages\/5532\/revisions\/6033"}],"up":[{"embeddable":true,"href":"https:\/\/consmontreal.esteri.it\/fr\/wp-json\/wp\/v2\/pages\/286"}],"wp:attachment":[{"href":"https:\/\/consmontreal.esteri.it\/fr\/wp-json\/wp\/v2\/media?parent=5532"}],"curies":[{"name":"wp","href":"https:\/\/api.w.org\/{rel}","templated":true}]}}