{"id":718,"date":"2023-05-05T00:06:10","date_gmt":"2023-05-04T22:06:10","guid":{"rendered":"https:\/\/consmontreal.esteri.it\/?page_id=718"},"modified":"2025-03-13T23:28:38","modified_gmt":"2025-03-13T22:28:38","slug":"fonctions-de-notaire","status":"publish","type":"page","link":"https:\/\/consmontreal.esteri.it\/fr\/servizi-consolari-e-visti\/servizi-per-il-cittadino-italiano\/altri-servizi\/formulaires\/fonctions-de-notaire\/","title":{"rendered":"Fonctions de Notaire"},"content":{"rendered":"<p><a href=\"https:\/\/consmontreal.esteri.it\/wp-content\/uploads\/2025\/03\/LISTA-NOTAI-2025.pdf\" target=\"_blank\" rel=\"noopener\">Liste de notaires italiens exer\u00e7ant \u00e0 Montr\u00e9al<\/a><br \/>\n<a href=\"https:\/\/consmontreal.esteri.it\/wp-content\/uploads\/2023\/04\/lista_notai_in_altre_province_della_circoscrizione_consolare_2022.pdf\" target=\"_blank\" rel=\"noopener\">Liste de notaires exer\u00e7ant dans d&#8217;autres provinces de notre circonscription<\/a><\/p>\n<p><a href=\"https:\/\/consmontreal.esteri.it\/wp-content\/uploads\/2023\/12\/LISTA-AVVOCATI-ITALIANI-praticanti-a-MONTREAL-dicembre-2023.pdf\" target=\"_blank\" rel=\"noopener\">Liste des avocats italiens exer\u00e7ant \u00e0 Montreal<\/a><\/p>\n","protected":false},"excerpt":{"rendered":"Liste de notaires italiens exer\u00e7ant \u00e0 Montr\u00e9al Liste de notaires exer\u00e7ant dans d&#8217;autres provinces de notre circonscription Liste des avocats italiens exer\u00e7ant \u00e0 Montreal","protected":false},"author":5,"featured_media":0,"parent":700,"menu_order":4,"comment_status":"closed","ping_status":"closed","template":"","meta":{"footnotes":""},"class_list":["post-718","page","type-page","status-publish","hentry"],"_links":{"self":[{"href":"https:\/\/consmontreal.esteri.it\/fr\/wp-json\/wp\/v2\/pages\/718","targetHints":{"allow":["GET"]}}],"collection":[{"href":"https:\/\/consmontreal.esteri.it\/fr\/wp-json\/wp\/v2\/pages"}],"about":[{"href":"https:\/\/consmontreal.esteri.it\/fr\/wp-json\/wp\/v2\/types\/page"}],"author":[{"embeddable":true,"href":"https:\/\/consmontreal.esteri.it\/fr\/wp-json\/wp\/v2\/users\/5"}],"replies":[{"embeddable":true,"href":"https:\/\/consmontreal.esteri.it\/fr\/wp-json\/wp\/v2\/comments?post=718"}],"version-history":[{"count":6,"href":"https:\/\/consmontreal.esteri.it\/fr\/wp-json\/wp\/v2\/pages\/718\/revisions"}],"predecessor-version":[{"id":4753,"href":"https:\/\/consmontreal.esteri.it\/fr\/wp-json\/wp\/v2\/pages\/718\/revisions\/4753"}],"up":[{"embeddable":true,"href":"https:\/\/consmontreal.esteri.it\/fr\/wp-json\/wp\/v2\/pages\/700"}],"wp:attachment":[{"href":"https:\/\/consmontreal.esteri.it\/fr\/wp-json\/wp\/v2\/media?parent=718"}],"curies":[{"name":"wp","href":"https:\/\/api.w.org\/{rel}","templated":true}]}}