{"id":817,"date":"2023-05-04T20:22:38","date_gmt":"2023-05-04T18:22:38","guid":{"rendered":"https:\/\/consmontreal.esteri.it\/?page_id=817"},"modified":"2023-05-11T01:42:33","modified_gmt":"2023-05-10T23:42:33","slug":"reconnaissance-academique","status":"publish","type":"page","link":"https:\/\/consmontreal.esteri.it\/fr\/servizi-consolari-e-visti\/servizi-per-il-cittadino-italiano\/istruzione\/reconnaissance-academique\/","title":{"rendered":"Reconnaissance acad\u00e9mique"},"content":{"rendered":"<p>Les titres universitaires \u00e9trangers ne sont pas automatiquement reconnus en Italie : il est donc n\u00e9cessaire d\u2019en demander l\u2019\u00e9quivalence et d\u2019entreprendre un parcours sp\u00e9cifique selon le besoin. Le parcours est diff\u00e9rent selon ses propres n\u00e9cessit\u00e9s ; si l\u2019on d\u00e9sire une valeur l\u00e9gale de son dipl\u00f4me \u00e0 travers la reconnaissance acad\u00e9mique ou bien si l\u2019on d\u00e9sire acc\u00e9der aux concours publics ou autres besoins sp\u00e9cifiques.<\/p>\n<p>Il faut avant tout, pour la reconnaissance des dipl\u00f4mes canadiens, d\u00e9poser une demande de d\u00e9claration de valeur aupr\u00e8s du bureau consulaire italien comp\u00e9tent pour le territoire o\u00f9 est reconnue l\u2019\u00e9cole ou l\u2019universit\u00e9 qui a d\u00e9livr\u00e9 le titre.<\/p>\n<p>La d\u00e9claration de valeur permet alors d\u2019acc\u00e9der \u00e0 l\u2019\u00e9quivalence \u00e9ventuelle de la part des autorit\u00e9s comp\u00e9tentes en Italie et, selon les cas, il est conseill\u00e9 de s\u2019adresser aussi bien au Minist\u00e8re de l\u2019instruction publique, de l\u2019Universit\u00e9 et de la recherche que directement aupr\u00e8s des universit\u00e9s. Il est possible de consulter la liste des universit\u00e9s sur le site internet\u00a0<a href=\"https:\/\/www.miur.gov.it\/\">https:\/\/www.miur.gov.it\/<\/a>\u00a0. Pour participer aux concours, il sera n\u00e9cessaire de s\u2019adresser \u00e0 la Pr\u00e9sidence du Conseil des Ministres, aupr\u00e8s du D\u00e9partement de la Fonction Publique \u2013 Bureau P.P.A. \u2013 Service de Recrutement, Corso Vittorio Emanuele II, 116 \u2013 00186 Rome, E-mail : servizioreclutamento@funzionepubblica.it<\/p>\n","protected":false},"excerpt":{"rendered":"Les titres universitaires \u00e9trangers ne sont pas automatiquement reconnus en Italie : il est donc n\u00e9cessaire d\u2019en demander l\u2019\u00e9quivalence et d\u2019entreprendre un parcours sp\u00e9cifique selon le besoin. Le parcours est diff\u00e9rent selon ses propres n\u00e9cessit\u00e9s ; si l\u2019on d\u00e9sire une valeur l\u00e9gale de son dipl\u00f4me \u00e0 travers la reconnaissance acad\u00e9mique ou bien si l\u2019on d\u00e9sire [&hellip;]","protected":false},"author":5,"featured_media":0,"parent":813,"menu_order":4,"comment_status":"closed","ping_status":"closed","template":"","meta":{"footnotes":""},"class_list":["post-817","page","type-page","status-publish","hentry"],"_links":{"self":[{"href":"https:\/\/consmontreal.esteri.it\/fr\/wp-json\/wp\/v2\/pages\/817","targetHints":{"allow":["GET"]}}],"collection":[{"href":"https:\/\/consmontreal.esteri.it\/fr\/wp-json\/wp\/v2\/pages"}],"about":[{"href":"https:\/\/consmontreal.esteri.it\/fr\/wp-json\/wp\/v2\/types\/page"}],"author":[{"embeddable":true,"href":"https:\/\/consmontreal.esteri.it\/fr\/wp-json\/wp\/v2\/users\/5"}],"replies":[{"embeddable":true,"href":"https:\/\/consmontreal.esteri.it\/fr\/wp-json\/wp\/v2\/comments?post=817"}],"version-history":[{"count":0,"href":"https:\/\/consmontreal.esteri.it\/fr\/wp-json\/wp\/v2\/pages\/817\/revisions"}],"up":[{"embeddable":true,"href":"https:\/\/consmontreal.esteri.it\/fr\/wp-json\/wp\/v2\/pages\/813"}],"wp:attachment":[{"href":"https:\/\/consmontreal.esteri.it\/fr\/wp-json\/wp\/v2\/media?parent=817"}],"curies":[{"name":"wp","href":"https:\/\/api.w.org\/{rel}","templated":true}]}}