{"id":831,"date":"2023-05-11T18:26:40","date_gmt":"2023-05-11T16:26:40","guid":{"rendered":"https:\/\/consmontreal.esteri.it\/?page_id=831"},"modified":"2024-03-01T17:35:20","modified_gmt":"2024-03-01T16:35:20","slug":"procurations","status":"publish","type":"page","link":"https:\/\/consmontreal.esteri.it\/fr\/servizi-consolari-e-visti\/servizi-per-il-cittadino-italiano\/servizi-notarili\/procurations\/","title":{"rendered":"Procurations"},"content":{"rendered":"<p>La\u00a0<strong>procuration<\/strong>\u00a0est l\u2019instrument juridique \u00e0 travers lequel un sujet (repr\u00e9sent\u00e9) donne \u00e0 un autre sujet (repr\u00e9sentant) le pouvoir d\u2019agir en son nom et consid\u00e9ration dans l\u2019accomplissement des actes judiciaires dont les effets surviendront directement en charge de repr\u00e9sent\u00e9.<\/p>\n<p>Les procurations peuvent \u00eatre\u00a0<strong>sp\u00e9ciales<\/strong>\u00a0ou\u00a0<strong>g\u00e9n\u00e9rales<\/strong>, selon qu\u2019elles sont donn\u00e9es pour l\u2019ex\u00e9cution de fonctions sp\u00e9cifiques ou pour la r\u00e9alisation d\u2019activit\u00e9s non d\u00e9termin\u00e9es au pr\u00e9alable. La procuration n\u2019a pas d\u2019effet si elle n\u2019est pas donn\u00e9e dans les formes prescrites pour l\u2019acte qui doit \u00eatre conclu.<\/p>\n<p>Le\/la citoyen\/e italien\/e qui doit s\u2019adresser \u00e0 ce Consulat G\u00e9n\u00e9ral pour donner une procuration devra:<\/p>\n<ol>\n<li>Prendre rendez-vous avec l\u2019application informatique \u00ab<a href=\"https:\/\/prenotami.esteri.it\/\">Prenot@mi<\/a>\u00bb;<\/li>\n<li>Envoyer \u00e0 montr\u00e9al.notarile@esteri.it les informations suivantes et pour lui\/elle-m\u00eame que pour le\/la procurateur\/trice: nom et pr\u00e9nom (si femme mari\u00e9e le nom d\u2019origine); date et lieu de naissance; r\u00e9sidence, adresse incluse, citoyennet\u00e9, code fiscal italien.<\/li>\n<li>Sp\u00e9cifier la typologie de procuration (sp\u00e9ciale ou g\u00e9n\u00e9rale) que vous d\u00e9sirez accorder.<\/li>\n<\/ol>\n<p>Il sera utile d\u2019ajouter au courriel en pi\u00e8ce jointe\u00a0<strong>l\u2019\u00e9bauche de procuration<\/strong>\u00a0en format Word pr\u00e9par\u00e9e par votre notaire ou avocat en Italie avec toutes les donn\u00e9es n\u00e9cessaires.<\/p>\n<p>Qui d\u00e9sire donner une procuration doit compara\u00eetre personnellement le jour du rendez-vous, muni d\u2019un document d\u2019identit\u00e9 valide.<\/p>\n<p>Pour l\u2019\u00e9mission de la\u00a0<strong>procuration sp\u00e9ciale<\/strong>\u00a0le\u00a0<strong>tarif consulaire art.18<\/strong>\u00a0s\u2019applique; pour l\u2019\u00e9mission de la\u00a0<strong>procuration g\u00e9n\u00e9rale<\/strong>\u00a0on applique les tarifs consulaires\u00a0<strong>art.17A et 25<\/strong>\u00a0de la\u00a0<a href=\"https:\/\/consmontreal.esteri.it\/fr\/servizi-consolari-e-visti\/servizi-per-il-cittadino-italiano\/altri-servizi\/albo-consolare\/tariffe-consolari\/\" target=\"_blank\" rel=\"noopener\">table de tarifs consulaires<\/a>. Le paiement se fait en esp\u00e8ces et en dollars canadiens.<\/p>\n<p>&#8211; Le citoyen \u00e9tranger devra plut\u00f4t contacter l&#8217;un des\u00a0<a href=\"https:\/\/consmontreal.esteri.it\/fr\/servizi-consolari-e-visti\/servizi-per-il-cittadino-italiano\/altri-servizi\/formulaires\/fonctions-de-notaire\/\" target=\"_blank\" rel=\"noopener\">notaires italiens comp\u00e9tents<\/a> et<strong> ensuite faire l\u00e9galiser (apostiller) le document par le Minist\u00e8re de la Justice du Qu\u00e9bec<\/strong> afin de le rendre valable en Italie.<\/p>\n<p><strong>Nota bene:<\/strong><\/p>\n<p>Les\u00a0<strong>procurations relatives \u00e0 des actes de division et de donation<\/strong>\u00a0(procuration \u00e0 donner, procuration \u00e0 accepter une donation) doivent \u00eatre r\u00e9dig\u00e9es devant la pr\u00e9sence de deux t\u00e9moins de citoyennet\u00e9 italienne et munis de documents d\u2019identit\u00e9 valides (carte d\u2019identit\u00e9 italienne ou passeport italien), non li\u00e9s par obligations de parent\u00e9, ni entre eux ni avec le\/la mandant\/e, et non int\u00e9ress\u00e9s \u00e0 l\u2019acte.<\/p>\n<p>Lorsqu\u2019on donne une\u00a0<strong>procuration sp\u00e9ciale pour le transfert de la propri\u00e9t\u00e9 ou d\u2019un autre droit r\u00e9el sur les biens immobiliers<\/strong>, ceux-ci doivent \u00eatre identifi\u00e9s par des informations cadastrales pr\u00e9cises.<\/p>\n<p>En cas de\u00a0<strong>procurations pour succession suite au d\u00e9c\u00e8s<\/strong>, l\u2019int\u00e9ress\u00e9\/e doit \u00e9galement fournir nom et nom de famille, date et lieu de naissance, date et lieu de d\u00e9c\u00e8s, citoyennet\u00e9, sans oublier la derni\u00e8re adresse de r\u00e9sidence de la personne dont il s\u2019agit.<\/p>\n<p>Les actes de caract\u00e8re patrimonial mis en place par des\u00a0<strong>sujets mari\u00e9s en r\u00e9gime de communion des biens<\/strong>\u00a0doivent \u00eatre sign\u00e9s par les deux conjoints.<\/p>\n<p>Les\u00a0<strong>citoyens d\u2019autres nationalit\u00e9s<\/strong> qui ont besoin de donner une procuration ou les citoyens italiens qui d\u00e9sirent signer la procuration chez un\/e notaire ou un\/e avocat\/e canadien\/ne, peuvent s\u2019adresser aux professionnels dont la signature est d\u00e9pos\u00e9e au Consulat G\u00e9n\u00e9ral. La signature devra \u00eatre ensuite <strong>apostill\u00e9e par le Minist\u00e8re de la Justice du Qu\u00e9bec.<\/strong><\/p>\n<p>Le\/la requ\u00e9rante verra \u00e0 la\u00a0<strong>traduction de la procuration<\/strong>\u00a0et \u00e0 la<strong> l\u00e9galisation (apostille)<\/strong>\u00a0successive <strong>par le Minist\u00e8re de la Justice du Qu\u00e9bec<\/strong>. Une liste de traducteurs\/trices agr\u00e9\u00e9s\/e dont les signatures sont d\u00e9pos\u00e9es dans ce Bureau Consulaire est disponible \u00e0\u00a0<a href=\"https:\/\/consmontreal.esteri.it\/fr\/servizi-consolari-e-visti\/servizi-per-il-cittadino-italiano\/altri-servizi\/formulaires\/731-2\/\" target=\"_blank\" rel=\"noopener\">ce lien<\/a>.<\/p>\n","protected":false},"excerpt":{"rendered":"La\u00a0procuration\u00a0est l\u2019instrument juridique \u00e0 travers lequel un sujet (repr\u00e9sent\u00e9) donne \u00e0 un autre sujet (repr\u00e9sentant) le pouvoir d\u2019agir en son nom et consid\u00e9ration dans l\u2019accomplissement des actes judiciaires dont les effets surviendront directement en charge de repr\u00e9sent\u00e9. Les procurations peuvent \u00eatre\u00a0sp\u00e9ciales\u00a0ou\u00a0g\u00e9n\u00e9rales, selon qu\u2019elles sont donn\u00e9es pour l\u2019ex\u00e9cution de fonctions sp\u00e9cifiques ou pour la r\u00e9alisation d\u2019activit\u00e9s [&hellip;]","protected":false},"author":5,"featured_media":0,"parent":272,"menu_order":0,"comment_status":"closed","ping_status":"closed","template":"","meta":{"footnotes":""},"class_list":["post-831","page","type-page","status-publish","hentry"],"_links":{"self":[{"href":"https:\/\/consmontreal.esteri.it\/fr\/wp-json\/wp\/v2\/pages\/831","targetHints":{"allow":["GET"]}}],"collection":[{"href":"https:\/\/consmontreal.esteri.it\/fr\/wp-json\/wp\/v2\/pages"}],"about":[{"href":"https:\/\/consmontreal.esteri.it\/fr\/wp-json\/wp\/v2\/types\/page"}],"author":[{"embeddable":true,"href":"https:\/\/consmontreal.esteri.it\/fr\/wp-json\/wp\/v2\/users\/5"}],"replies":[{"embeddable":true,"href":"https:\/\/consmontreal.esteri.it\/fr\/wp-json\/wp\/v2\/comments?post=831"}],"version-history":[{"count":1,"href":"https:\/\/consmontreal.esteri.it\/fr\/wp-json\/wp\/v2\/pages\/831\/revisions"}],"predecessor-version":[{"id":2850,"href":"https:\/\/consmontreal.esteri.it\/fr\/wp-json\/wp\/v2\/pages\/831\/revisions\/2850"}],"up":[{"embeddable":true,"href":"https:\/\/consmontreal.esteri.it\/fr\/wp-json\/wp\/v2\/pages\/272"}],"wp:attachment":[{"href":"https:\/\/consmontreal.esteri.it\/fr\/wp-json\/wp\/v2\/media?parent=831"}],"curies":[{"name":"wp","href":"https:\/\/api.w.org\/{rel}","templated":true}]}}