{"id":858,"date":"2023-05-11T19:45:03","date_gmt":"2023-05-11T17:45:03","guid":{"rendered":"https:\/\/consmontreal.esteri.it\/?page_id=858"},"modified":"2023-05-11T19:59:06","modified_gmt":"2023-05-11T17:59:06","slug":"testament","status":"publish","type":"page","link":"https:\/\/consmontreal.esteri.it\/fr\/servizi-consolari-e-visti\/servizi-per-il-cittadino-italiano\/servizi-notarili\/testament\/","title":{"rendered":"Testament"},"content":{"rendered":"<p>Le\/la citoyen\/e italien\/e qui d\u00e9sire s\u2019adresser \u00e0 ce Consulat G\u00e9n\u00e9ral pour avoir des informations\u00a0 au sujet du testament devra prendre rendez-vous via l\u2019application \u00ab<a href=\"https:\/\/prenotami.esteri.it\/\">Prenot@mi<\/a>\u00bb.<\/p>\n","protected":false},"excerpt":{"rendered":"Le\/la citoyen\/e italien\/e qui d\u00e9sire s\u2019adresser \u00e0 ce Consulat G\u00e9n\u00e9ral pour avoir des informations\u00a0 au sujet du testament devra prendre rendez-vous via l\u2019application \u00abPrenot@mi\u00bb.","protected":false},"author":5,"featured_media":0,"parent":272,"menu_order":0,"comment_status":"closed","ping_status":"closed","template":"","meta":{"footnotes":""},"class_list":["post-858","page","type-page","status-publish","hentry"],"_links":{"self":[{"href":"https:\/\/consmontreal.esteri.it\/fr\/wp-json\/wp\/v2\/pages\/858","targetHints":{"allow":["GET"]}}],"collection":[{"href":"https:\/\/consmontreal.esteri.it\/fr\/wp-json\/wp\/v2\/pages"}],"about":[{"href":"https:\/\/consmontreal.esteri.it\/fr\/wp-json\/wp\/v2\/types\/page"}],"author":[{"embeddable":true,"href":"https:\/\/consmontreal.esteri.it\/fr\/wp-json\/wp\/v2\/users\/5"}],"replies":[{"embeddable":true,"href":"https:\/\/consmontreal.esteri.it\/fr\/wp-json\/wp\/v2\/comments?post=858"}],"version-history":[{"count":0,"href":"https:\/\/consmontreal.esteri.it\/fr\/wp-json\/wp\/v2\/pages\/858\/revisions"}],"up":[{"embeddable":true,"href":"https:\/\/consmontreal.esteri.it\/fr\/wp-json\/wp\/v2\/pages\/272"}],"wp:attachment":[{"href":"https:\/\/consmontreal.esteri.it\/fr\/wp-json\/wp\/v2\/media?parent=858"}],"curies":[{"name":"wp","href":"https:\/\/api.w.org\/{rel}","templated":true}]}}