{"id":864,"date":"2023-05-11T20:08:19","date_gmt":"2023-05-11T18:08:19","guid":{"rendered":"https:\/\/consmontreal.esteri.it\/?page_id=864"},"modified":"2025-07-09T02:05:17","modified_gmt":"2025-07-09T00:05:17","slug":"legalisations","status":"publish","type":"page","link":"https:\/\/consmontreal.esteri.it\/fr\/servizi-consolari-e-visti\/servizi-per-il-cittadino-italiano\/servizi-notarili\/legalisations\/","title":{"rendered":"L\u00e9galisations"},"content":{"rendered":"<p>La Convention sur Apostille est entr\u00e9e en vigueur au Canada <strong>le 11 janvier 2024<\/strong>. Cela signifie que <strong>les demandes de l\u00e9galisation des signatures de notaires sur les procurations, des signatures d&#8217;avocats sur les procurations et des documents d&#8217;\u00e9tat civil doivent \u00eatre envoy\u00e9es au minist\u00e8re de la Justice du Qu\u00e9bec<\/strong> (pour les documents d\u00e9livr\u00e9s au <strong>Qu\u00e9bec<\/strong>) et \u00e0 Global Affairs Canada \u00e0 Ottawa (pour les documents d\u00e9livr\u00e9s dans les p<strong>rovinces du Nouveau-Brunswick, de Terre-Neuve-et-Labrador, de la Nouvelle-\u00c9cosse, du Nunavut et de l&#8217;\u00cele-du-Prince-\u00c9douard<\/strong>).<\/p>\n<p><strong>Le Consulat continuera \u00e0 l\u00e9galiser les signatures des traducteurs de r\u00e9f\u00e9rence.<\/strong><\/p>\n","protected":false},"excerpt":{"rendered":"La Convention sur Apostille est entr\u00e9e en vigueur au Canada le 11 janvier 2024. Cela signifie que les demandes de l\u00e9galisation des signatures de notaires sur les procurations, des signatures d&#8217;avocats sur les procurations et des documents d&#8217;\u00e9tat civil doivent \u00eatre envoy\u00e9es au minist\u00e8re de la Justice du Qu\u00e9bec (pour les documents d\u00e9livr\u00e9s au Qu\u00e9bec) [&hellip;]","protected":false},"author":5,"featured_media":0,"parent":272,"menu_order":0,"comment_status":"closed","ping_status":"closed","template":"","meta":{"footnotes":""},"class_list":["post-864","page","type-page","status-publish","hentry"],"_links":{"self":[{"href":"https:\/\/consmontreal.esteri.it\/fr\/wp-json\/wp\/v2\/pages\/864","targetHints":{"allow":["GET"]}}],"collection":[{"href":"https:\/\/consmontreal.esteri.it\/fr\/wp-json\/wp\/v2\/pages"}],"about":[{"href":"https:\/\/consmontreal.esteri.it\/fr\/wp-json\/wp\/v2\/types\/page"}],"author":[{"embeddable":true,"href":"https:\/\/consmontreal.esteri.it\/fr\/wp-json\/wp\/v2\/users\/5"}],"replies":[{"embeddable":true,"href":"https:\/\/consmontreal.esteri.it\/fr\/wp-json\/wp\/v2\/comments?post=864"}],"version-history":[{"count":2,"href":"https:\/\/consmontreal.esteri.it\/fr\/wp-json\/wp\/v2\/pages\/864\/revisions"}],"predecessor-version":[{"id":5446,"href":"https:\/\/consmontreal.esteri.it\/fr\/wp-json\/wp\/v2\/pages\/864\/revisions\/5446"}],"up":[{"embeddable":true,"href":"https:\/\/consmontreal.esteri.it\/fr\/wp-json\/wp\/v2\/pages\/272"}],"wp:attachment":[{"href":"https:\/\/consmontreal.esteri.it\/fr\/wp-json\/wp\/v2\/media?parent=864"}],"curies":[{"name":"wp","href":"https:\/\/api.w.org\/{rel}","templated":true}]}}