{"id":871,"date":"2023-05-11T21:34:00","date_gmt":"2023-05-11T19:34:00","guid":{"rendered":"https:\/\/consmontreal.esteri.it\/?page_id=871"},"modified":"2026-04-03T01:01:50","modified_gmt":"2026-04-02T23:01:50","slug":"adultes-residents-dans-cette-circonscription-consulaire","status":"publish","type":"page","link":"https:\/\/consmontreal.esteri.it\/fr\/servizi-consolari-e-visti\/servizi-per-il-cittadino-italiano\/passaporti-e-carte-didentita\/adultes-residents-dans-cette-circonscription-consulaire\/","title":{"rendered":"PASSEPORTS POUR MAJEURS"},"content":{"rendered":"<p>Pour proc\u00e9der \u00e0 la r\u00e9servation d\u2019un rendez-vous, il est n\u00e9cessaire :<\/p>\n<ul>\n<li><strong>d\u2019\u00eatre citoyen italien,<\/strong><\/li>\n<li><strong>de r\u00e9sider dans la <\/strong>circonscription <strong>de ce Consulat g\u00e9n\u00e9ral,<\/strong><\/li>\n<li><strong>d\u2019\u00eatre r\u00e9guli\u00e8rement inscrit au Registre des Italiens R\u00e9sidant \u00e0 l\u2019\u00c9tranger (AIRE),<\/strong><\/li>\n<li><strong>d\u2019avoir ses donn\u00e9es personnelles compl\u00e8tes et \u00e0 jour sur le portail FASTIT <\/strong>(\u00e9tat civil, pr\u00e9sence d\u2019enfants mineurs, adresse \u00e0 jour, etc.).<\/li>\n<\/ul>\n<p><strong>\u00a0<\/strong><\/p>\n<p><strong>\u00a0<\/strong><\/p>\n<ol>\n<li><strong>R\u00e9server un rendez-vous pour la d\u00e9livrance du passeport<\/strong><\/li>\n<\/ol>\n<p><strong>Le rendez-vous pour la d\u00e9livrance du nouveau passeport doit \u00eatre r\u00e9serv\u00e9 via le syst\u00e8me en ligne Prenot@Mi,<\/strong> sur lequel il faut s\u2019inscrire pour acc\u00e9der au calendrier du service.<\/p>\n<p>&nbsp;<\/p>\n<p>Les donn\u00e9es du compte Prenot@Mi doivent correspondre exactement aux donn\u00e9es d\u2019\u00e9tat civil du demandeur (nom de jeune fille pour les femmes). La cr\u00e9ation du compte est r\u00e9serv\u00e9e uniquement aux citoyens majeurs. D\u00e8s que la r\u00e9servation est effectu\u00e9e, le\/la demandeur(e) devra envoyer \u00e0 <a href=\"mailto:montreal.passaporti@esteri\">montreal.passaporti@esteri<\/a>\u00a0:<\/p>\n<ol>\n<li><u>le formulaire de demande<\/u>, d\u00fbment rempli et sign\u00e9 ;<\/li>\n<li>une copie du passeport italien en sa possession, o\u00f9 figurent les donn\u00e9es personnelles, la signature et l\u2019Autorit\u00e9 de d\u00e9livrance. En cas de premi\u00e8re d\u00e9livrance d\u2019un passeport italien, il faut envoyer une copie d\u2019un document d\u2019identit\u00e9 en cours de validit\u00e9 ; la taille totale des pi\u00e8ces jointes (au format PDF) ne doit pas d\u00e9passer 5 MB ; pour les scans avec t\u00e9l\u00e9phone portable, vous pouvez utiliser la fonction scan de Notes (iOS) ou de Google Drive (Android).<\/li>\n<\/ol>\n<p><strong>\u00a0<\/strong><\/p>\n<p><strong><u>N.B. : Une fois le rendez-vous r\u00e9serv\u00e9, il est toujours n\u00e9cessaire de le confirmer via Prenot@Mi entre le dixi\u00e8me et le troisi\u00e8me jour avant la date fix\u00e9e ; dans le cas contraire, le rendez-vous sera automatiquement annul\u00e9.<\/u><\/strong><\/p>\n<ol start=\"2\">\n<li><strong> Le jour du rendez-vous, <\/strong>il est n\u00e9cessaire de se pr\u00e9senter personnellement muni de :<\/li>\n<li><strong>l\u2019original du formulaire de demande de <\/strong>passeport envoy\u00e9 par e-mail, d\u00fbment rempli et sign\u00e9 ;<\/li>\n<li><strong>le passeport italien <\/strong>ou le document d\u2019identit\u00e9 d\u00e9j\u00e0 envoy\u00e9 par e-mail ;<\/li>\n<li><strong>deux photographies r\u00e9centes <\/strong>(max. 6 mois), identiques, visage de face et centr\u00e9, expression neutre.<strong> Les photos doivent \u00eatre au format requis pour le passeport canadien <\/strong>(5 x 7 cm) ;<\/li>\n<li><strong>le paiement du montant exact <\/strong>\u2014 exclusivement en dollars canadiens \u2014 pour la d\u00e9livrance du passeport, en esp\u00e8ces, money order ou bank draft ; le tarif mis \u00e0 jour trimestriellement est consultable dans le tableau consulaire, section 3, \u00e0 la rubrique \u00ab passeport \u00bb.<\/li>\n<\/ol>\n<p>Il est port\u00e9 \u00e0 la connaissance des compatriotes parents d\u2019enfants mineurs qu\u2019\u00e0 partir du 14 juin 2023, il ne sera plus n\u00e9cessaire de pr\u00e9senter l\u2019acte de consentement de l\u2019autre parent pour la d\u00e9livrance de leur document d\u2019identit\u00e9 (passeport et CIE), conform\u00e9ment au D.L. 69\/2023.<\/p>\n<p>Plus pr\u00e9cis\u00e9ment, la nouvelle r\u00e9glementation indique qu\u2019en cas de risque concret et actuel que, en raison d\u2019un transfert \u00e0 l\u2019\u00e9tranger, une personne puisse se soustraire \u00e0 ses obligations envers ses enfants, l\u2019autre parent pourra demander une interdiction de d\u00e9livrance du document.<\/p>\n<p>La demande pourra \u00eatre pr\u00e9sent\u00e9e aupr\u00e8s du juge comp\u00e9tent du Tribunal ordinaire o\u00f9 le mineur a sa r\u00e9sidence habituelle ou, si le mineur r\u00e9side \u00e0 l\u2019\u00e9tranger, aupr\u00e8s du Tribunal dans le ressort duquel se trouve sa commune d\u2019inscription AIRE.<\/p>\n<p>&nbsp;<\/p>\n<p>Pour plus d\u2019informations, veuillez contacter <a href=\"mailto:montreal.passaporti@esteri.it\">montreal.passaporti@esteri.it<\/a><\/p>\n","protected":false},"excerpt":{"rendered":"Pour proc\u00e9der \u00e0 la r\u00e9servation d\u2019un rendez-vous, il est n\u00e9cessaire : d\u2019\u00eatre citoyen italien, de r\u00e9sider dans la circonscription de ce Consulat g\u00e9n\u00e9ral, d\u2019\u00eatre r\u00e9guli\u00e8rement inscrit au Registre des Italiens R\u00e9sidant \u00e0 l\u2019\u00c9tranger (AIRE), d\u2019avoir ses donn\u00e9es personnelles compl\u00e8tes et \u00e0 jour sur le portail FASTIT (\u00e9tat civil, pr\u00e9sence d\u2019enfants mineurs, adresse \u00e0 jour, etc.). [&hellip;]","protected":false},"author":5,"featured_media":0,"parent":260,"menu_order":0,"comment_status":"closed","ping_status":"closed","template":"","meta":{"footnotes":""},"class_list":["post-871","page","type-page","status-publish","hentry"],"_links":{"self":[{"href":"https:\/\/consmontreal.esteri.it\/fr\/wp-json\/wp\/v2\/pages\/871","targetHints":{"allow":["GET"]}}],"collection":[{"href":"https:\/\/consmontreal.esteri.it\/fr\/wp-json\/wp\/v2\/pages"}],"about":[{"href":"https:\/\/consmontreal.esteri.it\/fr\/wp-json\/wp\/v2\/types\/page"}],"author":[{"embeddable":true,"href":"https:\/\/consmontreal.esteri.it\/fr\/wp-json\/wp\/v2\/users\/5"}],"replies":[{"embeddable":true,"href":"https:\/\/consmontreal.esteri.it\/fr\/wp-json\/wp\/v2\/comments?post=871"}],"version-history":[{"count":8,"href":"https:\/\/consmontreal.esteri.it\/fr\/wp-json\/wp\/v2\/pages\/871\/revisions"}],"predecessor-version":[{"id":6277,"href":"https:\/\/consmontreal.esteri.it\/fr\/wp-json\/wp\/v2\/pages\/871\/revisions\/6277"}],"up":[{"embeddable":true,"href":"https:\/\/consmontreal.esteri.it\/fr\/wp-json\/wp\/v2\/pages\/260"}],"wp:attachment":[{"href":"https:\/\/consmontreal.esteri.it\/fr\/wp-json\/wp\/v2\/media?parent=871"}],"curies":[{"name":"wp","href":"https:\/\/api.w.org\/{rel}","templated":true}]}}