{"id":879,"date":"2023-05-11T22:02:36","date_gmt":"2023-05-11T20:02:36","guid":{"rendered":"https:\/\/consmontreal.esteri.it\/?page_id=879"},"modified":"2026-04-03T01:05:40","modified_gmt":"2026-04-02T23:05:40","slug":"mineurs-de-moins-de-12-ans-residant-dans-cette-circonscription-consulaire","status":"publish","type":"page","link":"https:\/\/consmontreal.esteri.it\/fr\/servizi-consolari-e-visti\/servizi-per-il-cittadino-italiano\/passaporti-e-carte-didentita\/mineurs-de-moins-de-12-ans-residant-dans-cette-circonscription-consulaire\/","title":{"rendered":"PASSEPORT POUR MINEURS ENTRE 12 ET 18 ANS"},"content":{"rendered":"<p><strong><span style=\"color: #ff0000;\">AVIS IMPORTANT<\/span> :<\/strong>\u00a0avant de continuer, veuillez lire attentivement les informations fournies\u00a0<a href=\"https:\/\/consmontreal.esteri.it\/fr\/news\/dal_consolato\/2024\/10\/changement-du-systeme-de-reservation-pour-le-renouvellement-ou-lemission-du-passeport\/\">ici<\/a>.<\/p>\n<p>Le rendez-vous pour la d\u00e9livrance du passeport d\u2019un mineur pourra \u00eatre r\u00e9serv\u00e9 via le portail Prenot@Mi en utilisant le compte d\u2019un des parents, en ins\u00e9rant le nom du mineur dans le champ notes (indiquer nom, pr\u00e9nom, lieu et date de naissance). Les parents sont invit\u00e9s \u00e0 v\u00e9rifier que le mineur soit r\u00e9guli\u00e8rement inscrit \u00e0 l\u2019AIRE via FASTIT et que les donn\u00e9es soient correctes.<\/p>\n<p><strong>Imm\u00e9diatement apr\u00e8s avoir fix\u00e9 le rendez-vous, il faut envoyer \u00e0 montreal.passaporti@esteri.it :<\/strong><\/p>\n<ol>\n<li>le <strong>formulaire de demande<\/strong> de d\u00e9livrance de passeport, d\u00fbment rempli et sign\u00e9 par les deux parents ;<\/li>\n<li><strong>une copie du passeport<\/strong> en possession du mineur (ou d\u2019un document d\u2019identit\u00e9 en cours de validit\u00e9 si c\u2019est la premi\u00e8re demande) o\u00f9 apparaissent les donn\u00e9es personnelles et l\u2019Autorit\u00e9 de d\u00e9livrance ;<\/li>\n<li><strong>une copie des passeports des deux parents<\/strong>, avec leurs donn\u00e9es personnelles, signature et Autorit\u00e9 de d\u00e9livrance. Le poids total des pi\u00e8ces jointes ne doit pas d\u00e9passer 5 MB.<\/li>\n<\/ol>\n<p><strong>La signature pour consentement (*)<\/strong><\/p>\n<ul>\n<li>Si les parents sont citoyens italiens ou de l\u2019Union Europ\u00e9enne (UE), ils peuvent signer l\u2019acte de consentement pr\u00e9sent dans le formulaire de demande de passeport.<\/li>\n<li>Si l\u2019un des deux parents est citoyen\/ne hors-UE, il doit apposer sa signature : 1) en pr\u00e9sence de nous, au Consulat G\u00e9n\u00e9ral, si r\u00e9sidant dans cette circonscription (la signature sera appos\u00e9e le jour du rendez-vous) ; 2) aupr\u00e8s de la Questura ou du Commissariat comp\u00e9tent, s\u2019il r\u00e9side en Italie ; 3) aupr\u00e8s du Bureau consulaire comp\u00e9tent, s\u2019il r\u00e9side dans une autre circonscription ou dans un autre pays.<\/li>\n<\/ul>\n<p><strong>Le jour du rendez-vous, il sera n\u00e9cessaire de pr\u00e9senter :<\/strong><\/p>\n<ol>\n<li>l\u2019original du <strong>formulaire de demande<\/strong> de passeport envoy\u00e9 par e-mail ;<\/li>\n<li>la <strong>copie des passeports<\/strong> ou documents d\u2019identit\u00e9 des parents, envoy\u00e9s par e-mail ;<\/li>\n<li>son passeport en usage, si existant ;<\/li>\n<li><strong>deux photographies r\u00e9centes<\/strong> identiques (maximum 6 mois), format passeport canadien, visage frontal et centr\u00e9, expression neutre ;<\/li>\n<li>le montant exact \u2013 exclusivement en monnaie canadienne \u2013 pour le <strong>paiement<\/strong> de la d\u00e9livrance du passeport, en esp\u00e8ces, money order ou bank draft ; pour le tarif trimestriel mis \u00e0 jour, consulter le <u>tableau consulaire<\/u>, section 3, \u00e0 la section \u00ab passeport \u00bb.<\/li>\n<\/ol>\n<p>Pour plus d\u2019informations :<a href=\"mailto:montreal.passaporti@esteri.it\"> <strong><u>montreal.passaporti@esteri.it<\/u><\/strong><\/a><\/p>\n","protected":false},"excerpt":{"rendered":"AVIS IMPORTANT :\u00a0avant de continuer, veuillez lire attentivement les informations fournies\u00a0ici. Le rendez-vous pour la d\u00e9livrance du passeport d\u2019un mineur pourra \u00eatre r\u00e9serv\u00e9 via le portail Prenot@Mi en utilisant le compte d\u2019un des parents, en ins\u00e9rant le nom du mineur dans le champ notes (indiquer nom, pr\u00e9nom, lieu et date de naissance). Les parents sont [&hellip;]","protected":false},"author":5,"featured_media":0,"parent":260,"menu_order":0,"comment_status":"closed","ping_status":"closed","template":"","meta":{"footnotes":""},"class_list":["post-879","page","type-page","status-publish","hentry"],"_links":{"self":[{"href":"https:\/\/consmontreal.esteri.it\/fr\/wp-json\/wp\/v2\/pages\/879","targetHints":{"allow":["GET"]}}],"collection":[{"href":"https:\/\/consmontreal.esteri.it\/fr\/wp-json\/wp\/v2\/pages"}],"about":[{"href":"https:\/\/consmontreal.esteri.it\/fr\/wp-json\/wp\/v2\/types\/page"}],"author":[{"embeddable":true,"href":"https:\/\/consmontreal.esteri.it\/fr\/wp-json\/wp\/v2\/users\/5"}],"replies":[{"embeddable":true,"href":"https:\/\/consmontreal.esteri.it\/fr\/wp-json\/wp\/v2\/comments?post=879"}],"version-history":[{"count":6,"href":"https:\/\/consmontreal.esteri.it\/fr\/wp-json\/wp\/v2\/pages\/879\/revisions"}],"predecessor-version":[{"id":6283,"href":"https:\/\/consmontreal.esteri.it\/fr\/wp-json\/wp\/v2\/pages\/879\/revisions\/6283"}],"up":[{"embeddable":true,"href":"https:\/\/consmontreal.esteri.it\/fr\/wp-json\/wp\/v2\/pages\/260"}],"wp:attachment":[{"href":"https:\/\/consmontreal.esteri.it\/fr\/wp-json\/wp\/v2\/media?parent=879"}],"curies":[{"name":"wp","href":"https:\/\/api.w.org\/{rel}","templated":true}]}}