{"id":886,"date":"2023-05-11T23:37:52","date_gmt":"2023-05-11T21:37:52","guid":{"rendered":"https:\/\/consmontreal.esteri.it\/?page_id=886"},"modified":"2026-04-03T01:03:25","modified_gmt":"2026-04-02T23:03:25","slug":"mineurs-de-moins-de-12-ans-residant-dans-cette-circonscription-consulaire-2","status":"publish","type":"page","link":"https:\/\/consmontreal.esteri.it\/fr\/servizi-consolari-e-visti\/servizi-per-il-cittadino-italiano\/passaporti-e-carte-didentita\/mineurs-de-moins-de-12-ans-residant-dans-cette-circonscription-consulaire-2\/","title":{"rendered":"PASSEPORT POUR MINEURS DE 0 \u00c0 11 ANS"},"content":{"rendered":"<p>Pour les mineurs de 0 \u00e0 11 ans, la validit\u00e9 du passeport est r\u00e9duite et la collecte des donn\u00e9es biom\u00e9triques n\u2019est pas n\u00e9cessaire. Il est toutefois n\u00e9cessaire de v\u00e9rifier que le mineur est r\u00e9guli\u00e8rement inscrit \u00e0 l\u2019AIRE via FASTIT et que les donn\u00e9es sont correctes.<\/p>\n<p><strong>IMPORTANT<\/strong> : Lire les informations relatives \u00e0 la signature de consentement (*)<\/p>\n<p><strong>OPTION 1, <\/strong>par courrier, il est possible d\u2019envoyer au consulat :<\/p>\n<ul>\n<li>le <strong><u>formulaire de demande de d\u00e9livrance du passeport<\/u><\/strong>, d\u00fbment rempli et sign\u00e9 (*) par les deux parents ;<\/li>\n<li>une <strong>copie des passeports des deux parents<\/strong>, o\u00f9 figurent leurs donn\u00e9es personnelles, leur signature et l\u2019Autorit\u00e9 de d\u00e9livrance ; s\u2019ils ne poss\u00e8dent pas de passeport valide, un <strong>document d\u2019identit\u00e9<\/strong> en cours de validit\u00e9 o\u00f9 apparaissent clairement la photo et la signature (par ex. permis de conduire canadien) ;<\/li>\n<li>le <strong>passeport du mineur<\/strong>, s\u2019il en poss\u00e8de un encore valide ; sinon, une <strong>copie du passeport italien expir\u00e9<\/strong> avec les donn\u00e9es personnelles et l\u2019autorit\u00e9 \u00e9mettrice ; s\u2019il s\u2019agit d\u2019une premi\u00e8re demande, une <strong>copie du document d\u2019identit\u00e9 valide du mineur<\/strong> ;<\/li>\n<li><strong>deux (2) photographies r\u00e9centes identiques<\/strong> (max. 6 mois) au format passeport canadien (5 x 7 cm), visage de face et centr\u00e9, expression neutre ;<\/li>\n<li><strong>le montant exact<\/strong> \u2014 exclusivement en dollars canadiens \u2014 pour le paiement, en esp\u00e8ces, money order ou bank draft. Pour le tarif trimestriel mis \u00e0 jour, consulter <u>le tableau consulaire<\/u>, section 3, \u00e0 la section \u00ab passeport \u00bb ;<\/li>\n<li>la <strong>d\u00e9claration<\/strong> de d\u00e9charge d\u00fbment remplie et sign\u00e9e ;<\/li>\n<li><strong>une (1) enveloppe pr\u00e9affranchie et pr\u00e9adress\u00e9e<\/strong> ; il est recommand\u00e9 d\u2019utiliser un service avec suivi (Xpresspost, FedEx, UPS, etc.).<\/li>\n<\/ul>\n<p><strong>Note<\/strong> : si la demande concerne plus d\u2019un mineur de moins de 12 ans, envoyer une seule enveloppe et un seul Money Order\/Bank Draft avec le montant total.<\/p>\n<p>&nbsp;<\/p>\n<p><strong>OPTION 2,<\/strong> si un des parents\/tuteurs l\u00e9gaux a un rendez-vous pour le renouvellement du passeport. Il est possible, sur demande par e-mail et dans le champ NOTES de Prenot@Mi, d\u2019obtenir le passeport \u00e9galement pour le mineur.<\/p>\n<p><strong>\u00c0 l\u2019e-mail de demande, il faudra joindre :<\/strong><\/p>\n<ol>\n<li><strong>le <u>formulaire de demande<\/u> <\/strong>de d\u00e9livrance du passeport, d\u00fbment rempli et sign\u00e9 (*) par les deux parents ;<\/li>\n<li><strong>les passeports des deux parents, <\/strong>o\u00f9 figurent leurs donn\u00e9es personnelles, leur signature et l\u2019Autorit\u00e9 de d\u00e9livrance<strong> ; <\/strong>si non en possession d\u2019un passeport valide<strong>, un document d\u2019identit\u00e9 <\/strong>en cours de validit\u00e9 o\u00f9 apparaissent clairement la photo et la signature ;<\/li>\n<li><strong>le passeport du mineur, <\/strong>si en possession d\u2019un passeport italien encore valide ; sinon, une copie du <strong>passeport italien <\/strong>expir\u00e9 avec les donn\u00e9es personnelles et l\u2019autorit\u00e9 \u00e9mettrice ; si c\u2019est la premi\u00e8re demande de passeport italien, une<strong> copie du document d\u2019identit\u00e9 valide du mineur.<\/strong><\/li>\n<\/ol>\n<p><strong>Le jour du rendez-vous, il sera n\u00e9cessaire de pr\u00e9senter :<\/strong><\/p>\n<ol>\n<li>l\u2019original <strong><u>du formulaire de demande<\/u><\/strong> de d\u00e9livrance du passeport envoy\u00e9 par e-mail, d\u00fbment rempli et sign\u00e9 (*) par les deux parents ;<\/li>\n<li>le<strong> passeport des deux parents<\/strong> (ou <strong>document d\u2019identit\u00e9<\/strong> en cours de validit\u00e9) ;<\/li>\n<li>le <strong>passeport du mineur<\/strong> (ou <strong>document d\u2019identit\u00e9<\/strong> en cours de validit\u00e9) ;<\/li>\n<li><strong>deux photographies r\u00e9centes identiques<\/strong> (maximum 6 mois) au format passeport canadien (5 x 7 cm), visage frontal et centr\u00e9, expression neutre ;<\/li>\n<li>le <strong>montant exact<\/strong> \u2013 exclusivement en monnaie canadienne \u2013 pour le paiement de la d\u00e9livrance du passeport, en esp\u00e8ces, money order ou bank draft ; pour le tarif trimestriel mis \u00e0 jour, consulter le <u>tableau consulaire<\/u>, section 3, \u00e0 la section \u00ab passeport \u00bb.<\/li>\n<\/ol>\n<p><strong>La signature pour consentement (*)<\/strong><\/p>\n<ul>\n<li>Si les parents sont citoyens italiens ou de l\u2019Union Europ\u00e9enne (UE), ils peuvent signer l\u2019acte de consentement pr\u00e9sent dans le formulaire de demande de passeport.<\/li>\n<li>Si l\u2019un des deux parents est citoyen\/ne hors-UE, il doit apposer sa signature : 1) en pr\u00e9sence de nous, au Consulat G\u00e9n\u00e9ral, si r\u00e9sidant dans cette circonscription (la signature sera appos\u00e9e le jour du rendez-vous) ; 2) aupr\u00e8s de la Questura ou du Commissariat comp\u00e9tent, s\u2019il r\u00e9side en Italie ; 3) aupr\u00e8s du Bureau consulaire comp\u00e9tent, s\u2019il r\u00e9side dans une autre circonscription ou dans un autre pays.<\/li>\n<\/ul>\n<p><strong>Adresse pour l\u2019envoi :<\/strong><\/p>\n<p>Consulat G\u00e9n\u00e9ral d\u2019Italie \u00e0 Montr\u00e9al<br \/>\nSection Passeports<br \/>\n3489 Rue Drummond<br \/>\nMontr\u00e9al, QC<br \/>\nH3G 1X6<\/p>\n<p>Pour plus d\u2019informations : <strong><u>montreal.passaporti@esteri.it<\/u><\/strong><\/p>\n","protected":false},"excerpt":{"rendered":"Pour les mineurs de 0 \u00e0 11 ans, la validit\u00e9 du passeport est r\u00e9duite et la collecte des donn\u00e9es biom\u00e9triques n\u2019est pas n\u00e9cessaire. Il est toutefois n\u00e9cessaire de v\u00e9rifier que le mineur est r\u00e9guli\u00e8rement inscrit \u00e0 l\u2019AIRE via FASTIT et que les donn\u00e9es sont correctes. IMPORTANT : Lire les informations relatives \u00e0 la signature de [&hellip;]","protected":false},"author":5,"featured_media":0,"parent":260,"menu_order":0,"comment_status":"closed","ping_status":"closed","template":"","meta":{"footnotes":""},"class_list":["post-886","page","type-page","status-publish","hentry"],"_links":{"self":[{"href":"https:\/\/consmontreal.esteri.it\/fr\/wp-json\/wp\/v2\/pages\/886","targetHints":{"allow":["GET"]}}],"collection":[{"href":"https:\/\/consmontreal.esteri.it\/fr\/wp-json\/wp\/v2\/pages"}],"about":[{"href":"https:\/\/consmontreal.esteri.it\/fr\/wp-json\/wp\/v2\/types\/page"}],"author":[{"embeddable":true,"href":"https:\/\/consmontreal.esteri.it\/fr\/wp-json\/wp\/v2\/users\/5"}],"replies":[{"embeddable":true,"href":"https:\/\/consmontreal.esteri.it\/fr\/wp-json\/wp\/v2\/comments?post=886"}],"version-history":[{"count":7,"href":"https:\/\/consmontreal.esteri.it\/fr\/wp-json\/wp\/v2\/pages\/886\/revisions"}],"predecessor-version":[{"id":6280,"href":"https:\/\/consmontreal.esteri.it\/fr\/wp-json\/wp\/v2\/pages\/886\/revisions\/6280"}],"up":[{"embeddable":true,"href":"https:\/\/consmontreal.esteri.it\/fr\/wp-json\/wp\/v2\/pages\/260"}],"wp:attachment":[{"href":"https:\/\/consmontreal.esteri.it\/fr\/wp-json\/wp\/v2\/media?parent=886"}],"curies":[{"name":"wp","href":"https:\/\/api.w.org\/{rel}","templated":true}]}}