{"id":898,"date":"2023-05-12T00:18:23","date_gmt":"2023-05-11T22:18:23","guid":{"rendered":"https:\/\/consmontreal.esteri.it\/?page_id=898"},"modified":"2023-05-12T00:21:36","modified_gmt":"2023-05-11T22:21:36","slug":"remboursement-des-bons-depargne-postaux-et-livrets-depargne-postal","status":"publish","type":"page","link":"https:\/\/consmontreal.esteri.it\/fr\/servizi-consolari-e-visti\/servizi-per-il-cittadino-italiano\/remboursement-des-bons-depargne-postaux-et-livrets-depargne-postal\/","title":{"rendered":"Remboursement des bons d\u2019\u00e9pargne postaux et livrets d\u2019\u00e9pargne postal"},"content":{"rendered":"<p>Pour demander le remboursement des bons d\u2019\u00e9pargne postaux ou des sommes d\u00e9pos\u00e9es sur les livrets nominatifs d\u2019\u00e9pargne postale. Il faut suivre cette proc\u00e9dure:<\/p>\n<ol>\n<li>Remplir le\u00a0<a href=\"https:\/\/consmontreal.esteri.it\/wp-content\/uploads\/2023\/04\/modello_w14_-_buoni_fruttiferi_postali_libretti_postali.doc\" target=\"_blank\" rel=\"noopener\"><strong>formulaire de demande remboursement<\/strong><\/a>(mod.W14)<\/li>\n<li>Remplir le\u00a0<a href=\"https:\/\/consmontreal.esteri.it\/wp-content\/uploads\/2023\/04\/scelta_pagamento_titoli_postali.doc\" target=\"_blank\" rel=\"noopener\"><strong>formulaire de choix de forme de paiement<\/strong><\/a>(ch\u00e8que ou virement bancaire). Il est important de remplir le formulaire de mani\u00e8re compl\u00e8te et lisible, en fournissant toutes les donn\u00e9es demand\u00e9es.<\/li>\n<li>Prendre en rendez-vous via l\u2019application \u00ab<a href=\"https:\/\/prenotami.esteri.it\/\">Prenot@mi<\/a>\u00bb pour l\u2019<strong>authentification de la signature<\/strong>. Il\/la requ\u00e9rant\/e devra se pr\u00e9senter en personne au Consulat G\u00e9n\u00e9ral muni\/e d\u2019un document d\u2019identit\u00e9 en cours de validit\u00e9, du code fiscal et des formulaires d\u00e9j\u00e0 remplis et non sign\u00e9s. La signature en effet sera appos\u00e9e en pr\u00e9sence du\/de la fonctionnaire responsable. Pour l\u2019authentification de signature on applique l\u2019art.24 des\u00a0<a href=\"https:\/\/consmontreal.esteri.it\/consolato_montreal\/fr\/la_comunicazione\/albo%20consolare\/tariffe-consolari.html\">Tarifs consulaires<\/a>. Le paiement se fait\u00a0<strong>en esp\u00e8ces et en dollars canadiens<\/strong>.<\/li>\n<li>Apr\u00e8s avoir obtenu l\u2019authentification,\u00a0<strong>envoyer \u00e0 \u00abPoste Italiane Spa<\/strong>\u00bb:<\/li>\n<\/ol>\n<ol>\n<li>Les deux formulaires authentifi\u00e9s;<\/li>\n<li>Une copie du document d\u2019identit\u00e9 (italien ou canadien) en cours de validit\u00e9;<\/li>\n<li>Une copie du code fiscal;<\/li>\n<li>Les bons d\u2019\u00e9pargne postaux et\/ou les livrets d\u2019\u00e9pargne postaux en original. Avant de les envoyer, on conseille de photocopier recto verso les bons d\u2019\u00e9pargne, pour les livrets d\u2019\u00e9pargne photocopier la premi\u00e8re page d\u2019en-t\u00eate du livret et celle contenant le solde.<\/li>\n<\/ol>\n<p>Adresse pour l\u2019exp\u00e9dition:<br \/>\nPoste Italiane SpA<br \/>\nBancoposta<br \/>\nOperazioni Servizio Risparmio<br \/>\nVia Tor Pagnotta, 2<br \/>\n00143 Roma<\/p>\n<p>Pour de plus amples informations on prie de s&#8217;adresser aupr\u00e8s d&#8217;un des\u00a0<a href=\"https:\/\/consmontreal.esteri.it\/it\/servizi-consolari-e-visti\/servizi-per-il-cittadino-italiano\/altri-servizi\/modulistica\/elenco-patronati\/\" target=\"_blank\" rel=\"noopener\">patronats reconnus par ce Consulat G\u00e9n\u00e9ral<\/a>.<\/p>\n","protected":false},"excerpt":{"rendered":"Pour demander le remboursement des bons d\u2019\u00e9pargne postaux ou des sommes d\u00e9pos\u00e9es sur les livrets nominatifs d\u2019\u00e9pargne postale. Il faut suivre cette proc\u00e9dure: Remplir le\u00a0formulaire de demande remboursement(mod.W14) Remplir le\u00a0formulaire de choix de forme de paiement(ch\u00e8que ou virement bancaire). Il est important de remplir le formulaire de mani\u00e8re compl\u00e8te et lisible, en fournissant toutes les [&hellip;]","protected":false},"author":5,"featured_media":0,"parent":188,"menu_order":0,"comment_status":"closed","ping_status":"closed","template":"","meta":{"footnotes":""},"class_list":["post-898","page","type-page","status-publish","hentry"],"_links":{"self":[{"href":"https:\/\/consmontreal.esteri.it\/fr\/wp-json\/wp\/v2\/pages\/898","targetHints":{"allow":["GET"]}}],"collection":[{"href":"https:\/\/consmontreal.esteri.it\/fr\/wp-json\/wp\/v2\/pages"}],"about":[{"href":"https:\/\/consmontreal.esteri.it\/fr\/wp-json\/wp\/v2\/types\/page"}],"author":[{"embeddable":true,"href":"https:\/\/consmontreal.esteri.it\/fr\/wp-json\/wp\/v2\/users\/5"}],"replies":[{"embeddable":true,"href":"https:\/\/consmontreal.esteri.it\/fr\/wp-json\/wp\/v2\/comments?post=898"}],"version-history":[{"count":0,"href":"https:\/\/consmontreal.esteri.it\/fr\/wp-json\/wp\/v2\/pages\/898\/revisions"}],"up":[{"embeddable":true,"href":"https:\/\/consmontreal.esteri.it\/fr\/wp-json\/wp\/v2\/pages\/188"}],"wp:attachment":[{"href":"https:\/\/consmontreal.esteri.it\/fr\/wp-json\/wp\/v2\/media?parent=898"}],"curies":[{"name":"wp","href":"https:\/\/api.w.org\/{rel}","templated":true}]}}