{"id":16,"date":"2023-01-04T12:24:33","date_gmt":"2023-01-04T11:24:33","guid":{"rendered":"https:\/\/consmontreal.esteri.it\/?page_id=16"},"modified":"2024-02-05T19:06:07","modified_gmt":"2024-02-05T18:06:07","slug":"italia-e-canada","status":"publish","type":"page","link":"https:\/\/consmontreal.esteri.it\/it\/italia-e-canada\/","title":{"rendered":"Italia e Canada"},"content":{"rendered":"<p>Le relazioni di amicizia tra Italia e Canada sono caratterizzate da vincoli di lunga data, come testimoniano la presenza di una grande e dinamica comunit\u00e0 di italo-canadesi nel Paese ed i sempre pi\u00f9 frequenti scambi di visite ufficiali. Nel corso degli ultimi anni la cooperazione bilaterale, gi\u00e0 estremamente solida, si \u00e8 ulteriormente rafforzata in diversi ambiti: da quello politico a quelli commerciale, scientifico e culturale, attraverso numerose iniziative finalizzate a promuovere tradizione e innovazione, scienza e arte, patrimonio linguistico e culturale dell\u2019Italia in Canada.<\/p>\n<p>A livello multilaterale, Italia e Canada mantengono una stretta collaborazione nell\u2019ambito di organizzazioni come le Nazioni Unite, la NATO e il G7, fondata sulla convergenza di interessi ed analoghe sensibilit\u00e0 rispetto alle principali sfide globali, come la lotta al cambiamento climatico, la tutela dell\u2019ambiente, il rispetto dei diritti umani e della parit\u00e0 di genere, la promozione dell\u2019empowerment femminile e l\u2019abolizione della pena di morte. In particolare, l\u2019accresciuta centralit\u00e0 del G7 \u2013 di cui l\u2019Italia ha assunto quest\u2019anno la Presidenza, per essere seguita dal Canada nel 2025 \u2013 a fronte dell\u2019aggressione russa all\u2019Ucraina ha contribuito a rafforzare e strutturare ulteriormente i gi\u00e0 frequenti contatti tra i due Paesi. \u00a0Il \u201cpassaggio del testimone\u201d della Presidenza G7 dall\u2019Italia al Canada rappresenter\u00e0 dunque un momento cruciale per dare una svolta strategica alle relazioni italo-canadesi.<\/p>\n<p><strong>Nel 2022, l\u2019Italia e il Canada hanno celebrato il 75\u00b0 anniversario dello stabilimento delle relazioni diplomatiche bilaterali.<\/strong><\/p>\n<p>Per maggiori informazioni, consultare il sito web dell\u2019<a href=\"https:\/\/ambottawa.esteri.it\/it\/\">Ambasciata d\u2019Italia a Ottawa<\/a>.<\/p>\n","protected":false},"excerpt":{"rendered":"Le relazioni di amicizia tra Italia e Canada sono caratterizzate da vincoli di lunga data, come testimoniano la presenza di una grande e dinamica comunit\u00e0 di italo-canadesi nel Paese ed i sempre pi\u00f9 frequenti scambi di visite ufficiali. Nel corso degli ultimi anni la cooperazione bilaterale, gi\u00e0 estremamente solida, si \u00e8 ulteriormente rafforzata in diversi [&hellip;]","protected":false},"author":1,"featured_media":0,"parent":0,"menu_order":0,"comment_status":"closed","ping_status":"closed","template":"","meta":{"footnotes":""},"class_list":["post-16","page","type-page","status-publish","hentry"],"_links":{"self":[{"href":"https:\/\/consmontreal.esteri.it\/it\/wp-json\/wp\/v2\/pages\/16","targetHints":{"allow":["GET"]}}],"collection":[{"href":"https:\/\/consmontreal.esteri.it\/it\/wp-json\/wp\/v2\/pages"}],"about":[{"href":"https:\/\/consmontreal.esteri.it\/it\/wp-json\/wp\/v2\/types\/page"}],"author":[{"embeddable":true,"href":"https:\/\/consmontreal.esteri.it\/it\/wp-json\/wp\/v2\/users\/1"}],"replies":[{"embeddable":true,"href":"https:\/\/consmontreal.esteri.it\/it\/wp-json\/wp\/v2\/comments?post=16"}],"version-history":[{"count":2,"href":"https:\/\/consmontreal.esteri.it\/it\/wp-json\/wp\/v2\/pages\/16\/revisions"}],"predecessor-version":[{"id":2341,"href":"https:\/\/consmontreal.esteri.it\/it\/wp-json\/wp\/v2\/pages\/16\/revisions\/2341"}],"wp:attachment":[{"href":"https:\/\/consmontreal.esteri.it\/it\/wp-json\/wp\/v2\/media?parent=16"}],"curies":[{"name":"wp","href":"https:\/\/api.w.org\/{rel}","templated":true}]}}