{"id":205,"date":"2023-01-04T21:23:10","date_gmt":"2023-01-04T20:23:10","guid":{"rendered":"https:\/\/consmontreal.esteri.it\/?page_id=205"},"modified":"2024-11-08T17:26:19","modified_gmt":"2024-11-08T16:26:19","slug":"autoveicoli-e-patenti-di-guida","status":"publish","type":"page","link":"https:\/\/consmontreal.esteri.it\/it\/servizi-consolari-e-visti\/servizi-per-il-cittadino-italiano\/autoveicoli-e-patenti-di-guida\/","title":{"rendered":"Autoveicoli e Patenti di guida"},"content":{"rendered":"<p style=\"text-align: justify;\"><strong>In questa pagina trovi:<br \/>\n<\/strong><\/p>\n<p style=\"text-align: justify;\">\u2013 Informazioni generali sulla guida in Canada<\/p>\n<p style=\"text-align: justify;\">&#8211; Guida con Patente Italiana nelle Province e nei Territori di Competenza del Consolato Generale d&#8217;Italia a Montreal (anche per turisti)<\/p>\n<p style=\"text-align: justify;\">\u2013 Rinnovo patenti presso le autorit\u00e0 consolari<\/p>\n<hr \/>\n<p style=\"text-align: justify;\"><strong><span style=\"text-decoration: underline;\">Informazioni generali sulla guida in Canada<\/span><br \/>\n<\/strong><br \/>\nPrima di trasferirsi in Canada o intraprendere un viaggio che preveda anche la guida di veicoli in Canada, \u00e8 opportuno approfondire i requisiti richiesti da ciascuna Provincia per la guida di auto e motoveicoli, nonch\u00e9 assicurarsi di essere al corrente delle principali regole in vigore in base al codice della strada di ciascuna Provincia, nonch\u00e9 a livello federale.<\/p>\n<p style=\"text-align: justify;\">Si raccomanda di leggere attentamente quanto riportato sul portale del Governo canadese:\u00a0<a class=\"\" href=\"https:\/\/www.canada.ca\/en\/immigration-refugees-citizenship\/services\/new-immigrants\/new-life-canada\/driving.html\" data-focus-mouse=\"false\">Driving in Canada \u2013 Canada.ca<\/a><\/p>\n<hr \/>\n<p style=\"text-align: justify;\"><strong><u>Guida con Patente Italiana nelle Province e nei Territori di Competenza del Consolato Generale d&#8217;Italia a Montreal<\/u><\/strong><\/p>\n<p style=\"text-align: justify;\"><strong><em>!! Si prega di verificare regolarmente le informazioni sui siti web ufficiali delle autorit\u00e0 locali, poich\u00e9 le normative possono subire modifiche. !!<\/em><\/strong><\/p>\n<p style=\"text-align: justify;\"><strong>I cittadini italiani in possesso di una patente di guida valida possono guidare in Canada per un periodo limitato di tempo senza dover convertire la loro patente italiana<\/strong>. Tuttavia, \u00e8 importante essere a conoscenza delle specifiche normative di ciascuna provincia e territorio. Di seguito sono riportate le informazioni per le province e i territori di competenza del Consolato Generale d&#8217;Italia a Montreal.<\/p>\n<p style=\"text-align: justify;\"><strong><u>Qu\u00e9bec<\/u><\/strong><\/p>\n<p style=\"text-align: justify;\">In Qu\u00e9bec, \u00e8 possibile guidare con una patente italiana valida per un periodo massimo di <strong>6 mesi consecutivi<\/strong>. Dopo questo periodo, \u00e8 necessario ottenere una patente di guida del Qu\u00e9bec. Per ulteriori dettagli, \u00e8 possibile consultare il sito della Soci\u00e9t\u00e9 de l&#8217;Assurance Automobile du Qu\u00e9bec (SAAQ) <a href=\"https:\/\/saaq.gouv.qc.ca\/en\/drivers-licences\/canadian-foreign-drivers-licence\">qui<\/a>.<\/p>\n<p style=\"text-align: justify;\"><u>Contatti Utili<\/u><\/p>\n<ul style=\"text-align: justify;\">\n<li>Soci\u00e9t\u00e9 de l&#8217;Assurance Automobile du Qu\u00e9bec (SAAQ)<\/li>\n<li><a href=\"https:\/\/saaq.gouv.qc.ca\/en\/\">Sito Web<\/a><\/li>\n<li>Telefono: +1 800 361-7620<\/li>\n<\/ul>\n<p style=\"text-align: justify;\"><strong><u>New Brunswick<\/u><\/strong><\/p>\n<p style=\"text-align: justify;\">In New Brunswick, \u00e8 possibile guidare con una patente italiana valida per un periodo massimo di <strong>3 mesi consecutivi<\/strong>. Dopo questo periodo, \u00e8 necessario convertire la patente italiana in una patente di guida del New Brunswick. Per maggiori informazioni, \u00e8 possibile consultare il sito del Service New Brunswick <a href=\"https:\/\/www2.gnb.ca\/content\/gnb\/en\/services\/services_renderer.201491.Driver_s_Licences.html\">qui.<\/a><\/p>\n<p style=\"text-align: justify;\"><u>Contatti Utili<\/u><\/p>\n<ul style=\"text-align: justify;\">\n<li>Service New Brunswick<\/li>\n<li><a href=\"https:\/\/www2.snb.ca\/content\/snb\/en.html\">Sito Web<\/a><\/li>\n<li>Telefono: +1 888 762-8600<\/li>\n<\/ul>\n<p style=\"text-align: justify;\"><strong><u>Nova Scotia<\/u><\/strong><\/p>\n<p style=\"text-align: justify;\">In Nova Scotia, \u00e8 possibile guidare con una patente italiana valida per un periodo massimo di <strong>3 mesi consecutivi<\/strong>. Dopo questo periodo, \u00e8 necessario ottenere una patente di guida della Nova Scotia. Per ulteriori dettagli, \u00e8 possibile consultare il sito di Access Nova Scotia <a href=\"https:\/\/novascotia.ca\/sns\/paal\/rmv\/paal269.asp\">qui<\/a>.<\/p>\n<p style=\"text-align: justify;\"><u>Contatti Utili<\/u><\/p>\n<ul style=\"text-align: justify;\">\n<li>Access Nova Scotia<\/li>\n<li><a href=\"https:\/\/novascotia.ca\/snsis\/\">Sito Web<\/a><\/li>\n<li>Telefono:\n<ul>\n<li>+1 902 424-5851<\/li>\n<li>+1 800 898-7668 se si chiama da lunga distanza (numero verde)<\/li>\n<\/ul>\n<\/li>\n<\/ul>\n<p style=\"text-align: justify;\"><strong><u>Newfoundland and Labrador<\/u><\/strong><\/p>\n<p style=\"text-align: justify;\">In Newfoundland and Labrador, \u00e8 possibile guidare con una patente italiana valida per un periodo massimo di <strong>3 mesi consecutivi<\/strong>. Dopo questo periodo, \u00e8 necessario ottenere una patente di guida di Newfoundland and Labrador. Per maggiori informazioni, \u00e8 possibile consultare il sito del Digital Government and Service NL <a href=\"https:\/\/www.gov.nl.ca\/motorregistration\/new-residents-and-visitors\/have-you-moved-to-nl\/\">qui<\/a>.<\/p>\n<p style=\"text-align: justify;\"><u>Contatti Utili<\/u><\/p>\n<ul style=\"text-align: justify;\">\n<li>Digital Government and Service NL<\/li>\n<li><a href=\"https:\/\/www.gov.nl.ca\/motorregistration\/\">Sito Web<\/a><\/li>\n<li>Telefono: +1 709 729-4834<\/li>\n<\/ul>\n<p style=\"text-align: justify;\"><strong><u>Prince Edward Island<\/u><\/strong><\/p>\n<p style=\"text-align: justify;\">In Prince Edward Island, i conducenti con una Visitor\u2019s-VISA di 6 mesi non sono n\u00e9 tenuti n\u00e9 idonei a ottenere una patente di guida della Prince Edward Island, i visitatori possono guidare con una patente italiana valida <strong>per il periodo corrispondente alla durata della loro Visitor\u2019s-VISA<\/strong>. Tuttavia, i nuovi residenti possono con una patente italiana valida per un periodo massimo di <strong>4 mesi consecutivi<\/strong> dopo essere diventati residenti della provincia. Dopo questo periodo, \u00e8 necessario ottenere una patente di guida di Prince Edward Island. Per maggiori informazioni, \u00e8 possibile consultare il sito del Department of Transportation, Infrastructure and Energy <a href=\"https:\/\/www.princeedwardisland.ca\/en\/information\/transportation-and-infrastructure\/driving-with-an-out-of-province-license\">qui<\/a>.<\/p>\n<p style=\"text-align: justify;\"><u>Contatti Utili<\/u><\/p>\n<ul style=\"text-align: justify;\">\n<li>Department of Transportation, Infrastructure and Energy<\/li>\n<li><a href=\"https:\/\/www.princeedwardisland.ca\/en\/topic\/transportation-and-infrastructure\">Sito Web<\/a><\/li>\n<li>Telefono:\n<ul>\n<li>Charlottetown: +1 902 368-5271<\/li>\n<li>Summerside: +1 902 432-2714<\/li>\n<\/ul>\n<\/li>\n<\/ul>\n<p style=\"text-align: justify;\"><strong><u>Consigli Utili Generali<\/u><\/strong><\/p>\n<ul style=\"text-align: justify;\">\n<li>Si consiglia di avere sempre con s\u00e9 la patente di guida italiana originale e una traduzione ufficiale in inglese o francese (preferibilmente un Permesso di Guida Internazionale &#8211; IDP).<\/li>\n<li>Verificare la validit\u00e0 dell&#8217;assicurazione auto per i conducenti stranieri.<\/li>\n<li>Rispettare tutte le normative locali e provinciali sulla guida.<\/li>\n<\/ul>\n<hr \/>\n<p style=\"text-align: justify;\"><span style=\"text-decoration: underline;\"><strong>Rinnovo patenti presso le autorit\u00e0 consolari<\/strong><\/span><\/p>\n<p style=\"text-align: justify;\">Ai sensi dell\u2019art. 126, comma 9, del\u00a0<a href=\"https:\/\/www.normattiva.it\/uri-res\/N2Ls?urn:nir:stato:decreto.legislativo:1992-04-30;285\" target=\"_blank\" rel=\"noopener\">Codice della Strada<\/a> (D.Lgs. n. 285\/1992): \u00abPer i titolari di patente italiana, residenti o dimoranti in un altro Stato per un periodo di almeno sei mesi, la validit\u00e0 della patente \u00e8 altres\u00ec confermata, (&#8230; omissis\u2026) dalle autorit\u00e0 diplomatico-consolari italiane presenti negli Stati medesimi, che rilasciano, previo accertamento dei requisiti fisici e psichici da parte di medici fiduciari delle ambasciate o dei consolati italiani, una specifica attestazione che per il periodo di permanenza all\u2019estero fa fede dell\u2019avvenuta verifica del permanere dei requisiti di idoneit\u00e0 psichica e fisica\u00bb.<\/p>\n<p style=\"text-align: justify;\">Nello stesso comma si legge, inoltre: \u00abChi ha rinnovato la patente di guida presso un\u2019autorit\u00e0 diplomatico-consolare italiana in uno Stato non appartenente all&#8217;Unione europea o allo Spazio economico europeo ha l\u2019obbligo, entro sei mesi dalla riacquisizione della residenza in Italia, di rinnovare la patente stessa secondo la procedura ordinaria prevista al comma 8 dell&#8217;art. 126 del Codice della Strada\u00bb, quindi anche nel caso in cui il rinnovo fatto presso il Consolato italiano sia ancora valido.<\/p>\n<p style=\"text-align: justify;\">Sar\u00e0 necessario conservare sempre l&#8217;attestazione unita alla patente di guida e in particolare esibirla per effettuare la visita medica per la conferma di validit\u00e0 in Italia, al fine di provare al medico accertatore l&#8217;avvenuto rinnovo all&#8217;estero e quindi l&#8217;assenza di periodi di mancato esercizio alla guida.<\/p>\n<p style=\"text-align: justify;\"><strong><span style=\"text-decoration: underline;\">Per richiedere il rinnovo<\/span><\/strong>, il\/la connazionale dovr\u00e0 presentare in Consolato Generale la patente scaduta (da non oltre cinque anni), insieme a un certificato\u00a0rilasciato dal medico di fiducia del Consolato Generale, i cui contatti sono:<\/p>\n<p style=\"text-align: justify;\"><strong>Dott. Giuseppe Maiolo<br \/>\n<\/strong>Indirizzo: 5217 Avenue King-Edward, Montreal, QC, H4V 2J8<br \/>\nTelefono: +1 514-485-3833<\/p>\n<p style=\"text-align: justify;\">Sar\u00e0 l\u2019interessato\/a a dover prenotare la visita, finalizzata alla verifica dei requisiti di idoneit\u00e0 psico-fisica sulla base della normativa nazionale italiana, nonch\u00e9 a saldare la relativa parcella.<\/p>\n<p style=\"text-align: justify;\">Una volta ottenuto il certificato, si potr\u00e0 fissare un appuntamento per finalizzare la procedura in Consolato Generale, scrivendo a\u00a0<a href=\"mailto:montreal.consolato@esteri.it\" target=\"_blank\" rel=\"noopener\">montreal.consolato@esteri.it<\/a><\/p>\n<p style=\"text-align: justify;\">Il rinnovo della patente \u00e8 soggetto all\u2019applicazione dell\u2019imposta di bollo sul certificato medico (sezione dieci, art. NAA \u201cimposta di bollo\u201d, della\u00a0<a href=\"https:\/\/consmontreal.esteri.it\/consolato_montreal\/it\/la_comunicazione\/albo%20consolare\/tariffe-consolari.html\" target=\"_blank\" rel=\"noopener\">tabella di diritti consolari<\/a>) e della tariffa consolare prevista per il rinnovo delle patenti (art. 66D).<\/p>\n<p style=\"text-align: justify;\">Si ricorda che la durata delle patenti di\u00a0<strong>categoria A e B<\/strong>\u00a0varia a seconda dell\u2019et\u00e0 del titolare:<\/p>\n<ul style=\"text-align: justify;\">\n<li>dieci anni per chi ha fino a 50 anni di et\u00e0<\/li>\n<li>cinque anni per chi ha pi\u00f9 di 50 anni<\/li>\n<li>tre anni oltre i settanta anni<\/li>\n<\/ul>\n<p style=\"text-align: justify;\">Le patenti di\u00a0<strong>categoria C<\/strong>\u00a0sono valide per cinque anni fino al compimento del sessantacinquesimo anno di et\u00e0, poi per due anni. Le patenti di\u00a0<strong>categoria D<\/strong>\u00a0sono valide per cinque anni e per tre anni a partire dal settantesimo anno di et\u00e0.<\/p>\n","protected":false},"excerpt":{"rendered":"In questa pagina trovi: \u2013 Informazioni generali sulla guida in Canada &#8211; Guida con Patente Italiana nelle Province e nei Territori di Competenza del Consolato Generale d&#8217;Italia a Montreal (anche per turisti) \u2013 Rinnovo patenti presso le autorit\u00e0 consolari Informazioni generali sulla guida in Canada Prima di trasferirsi in Canada o intraprendere un viaggio che [&hellip;]","protected":false},"author":2,"featured_media":0,"parent":90,"menu_order":0,"comment_status":"closed","ping_status":"closed","template":"","meta":{"footnotes":""},"class_list":["post-205","page","type-page","status-publish","hentry"],"_links":{"self":[{"href":"https:\/\/consmontreal.esteri.it\/it\/wp-json\/wp\/v2\/pages\/205","targetHints":{"allow":["GET"]}}],"collection":[{"href":"https:\/\/consmontreal.esteri.it\/it\/wp-json\/wp\/v2\/pages"}],"about":[{"href":"https:\/\/consmontreal.esteri.it\/it\/wp-json\/wp\/v2\/types\/page"}],"author":[{"embeddable":true,"href":"https:\/\/consmontreal.esteri.it\/it\/wp-json\/wp\/v2\/users\/2"}],"replies":[{"embeddable":true,"href":"https:\/\/consmontreal.esteri.it\/it\/wp-json\/wp\/v2\/comments?post=205"}],"version-history":[{"count":7,"href":"https:\/\/consmontreal.esteri.it\/it\/wp-json\/wp\/v2\/pages\/205\/revisions"}],"predecessor-version":[{"id":4224,"href":"https:\/\/consmontreal.esteri.it\/it\/wp-json\/wp\/v2\/pages\/205\/revisions\/4224"}],"up":[{"embeddable":true,"href":"https:\/\/consmontreal.esteri.it\/it\/wp-json\/wp\/v2\/pages\/90"}],"wp:attachment":[{"href":"https:\/\/consmontreal.esteri.it\/it\/wp-json\/wp\/v2\/media?parent=205"}],"curies":[{"name":"wp","href":"https:\/\/api.w.org\/{rel}","templated":true}]}}