{"id":209,"date":"2023-01-04T21:22:07","date_gmt":"2023-01-04T20:22:07","guid":{"rendered":"https:\/\/consmontreal.esteri.it\/?page_id=209"},"modified":"2024-03-01T17:04:19","modified_gmt":"2024-03-01T16:04:19","slug":"servizi-notarili","status":"publish","type":"page","link":"https:\/\/consmontreal.esteri.it\/it\/servizi-consolari-e-visti\/servizi-per-il-cittadino-italiano\/servizi-notarili\/","title":{"rendered":"Servizi notarili"},"content":{"rendered":"<p><strong>Informazioni Generali<\/strong><\/p>\n<p>Il\/la Console Generale , tramite la Squadra consolare, esercita nella propria Circoscrizione territoriale alcune funzioni notarili previste dall\u2019ordinamento italiano. Si tratta essenzialmente del ricevimento di atti pubblici, come\u00a0<strong>procure<\/strong>\u00a0e\u00a0<strong>testamenti<\/strong>, di\u00a0<strong>atti notori\u00a0<\/strong>e\u00a0di\u00a0<strong>autenticazioni<\/strong>\u00a0di\u00a0<strong>sottoscrizioni<\/strong>\u00a0apposte a scritture private. Tali funzioni sono esercitate esclusivamente nei confronti di cittadini italiani che si trovano all\u2019estero in via permanente o temporanea.<\/p>\n<p>In alternativa, il cittadino italiano all\u2019estero pu\u00f2 formalizzare l\u2019atto presso un Notaio pubblico o un Avvocato, la cui firma dovr\u00e0 essere successivamente apostillata (legalizzata) presso il Ministero della Giustizia del Qu\u00e9bec (per gli atti emanati nella Provincia del Qu\u00e9bec) o presso Global Affairs Canada a Ottawa per gli atti emanati in altre Province).<\/p>\n<p>Per ulteriori approfondimenti, si consiglia di visitare la pagina \u201c<a href=\"https:\/\/www.esteri.it\/mae\/it\/servizi\/italiani-all-estero\/attinotarili\">Atti notarili<\/a>\u201d del Ministero degli Affari Esteri e della Cooperazione internazionale.<\/p>\n","protected":false},"excerpt":{"rendered":"Informazioni Generali Il\/la Console Generale , tramite la Squadra consolare, esercita nella propria Circoscrizione territoriale alcune funzioni notarili previste dall\u2019ordinamento italiano. Si tratta essenzialmente del ricevimento di atti pubblici, come\u00a0procure\u00a0e\u00a0testamenti, di\u00a0atti notori\u00a0e\u00a0di\u00a0autenticazioni\u00a0di\u00a0sottoscrizioni\u00a0apposte a scritture private. Tali funzioni sono esercitate esclusivamente nei confronti di cittadini italiani che si trovano all\u2019estero in via permanente o temporanea. In [&hellip;]","protected":false},"author":2,"featured_media":0,"parent":90,"menu_order":0,"comment_status":"closed","ping_status":"closed","template":"","meta":{"footnotes":""},"class_list":["post-209","page","type-page","status-publish","hentry"],"_links":{"self":[{"href":"https:\/\/consmontreal.esteri.it\/it\/wp-json\/wp\/v2\/pages\/209","targetHints":{"allow":["GET"]}}],"collection":[{"href":"https:\/\/consmontreal.esteri.it\/it\/wp-json\/wp\/v2\/pages"}],"about":[{"href":"https:\/\/consmontreal.esteri.it\/it\/wp-json\/wp\/v2\/types\/page"}],"author":[{"embeddable":true,"href":"https:\/\/consmontreal.esteri.it\/it\/wp-json\/wp\/v2\/users\/2"}],"replies":[{"embeddable":true,"href":"https:\/\/consmontreal.esteri.it\/it\/wp-json\/wp\/v2\/comments?post=209"}],"version-history":[{"count":1,"href":"https:\/\/consmontreal.esteri.it\/it\/wp-json\/wp\/v2\/pages\/209\/revisions"}],"predecessor-version":[{"id":2826,"href":"https:\/\/consmontreal.esteri.it\/it\/wp-json\/wp\/v2\/pages\/209\/revisions\/2826"}],"up":[{"embeddable":true,"href":"https:\/\/consmontreal.esteri.it\/it\/wp-json\/wp\/v2\/pages\/90"}],"wp:attachment":[{"href":"https:\/\/consmontreal.esteri.it\/it\/wp-json\/wp\/v2\/media?parent=209"}],"curies":[{"name":"wp","href":"https:\/\/api.w.org\/{rel}","templated":true}]}}