{"id":4705,"date":"2025-03-07T17:55:15","date_gmt":"2025-03-07T16:55:15","guid":{"rendered":"https:\/\/consmontreal.esteri.it\/?page_id=4705"},"modified":"2025-03-10T15:03:07","modified_gmt":"2025-03-10T14:03:07","slug":"faq","status":"publish","type":"page","link":"https:\/\/consmontreal.esteri.it\/it\/servizi-consolari-e-visti\/servizi-per-il-cittadino-italiano\/carta-didentita-elettronica-c-i-e\/faq\/","title":{"rendered":"FAQ"},"content":{"rendered":"<ol>\n<li><strong>A chi pu\u00f2 essere rilasciata la Carta d\u2019Identit\u00e0 Elettronica?<\/strong><\/li>\n<\/ol>\n<p>Questo Consolato Generale pu\u00f2 ricevere richieste di rilascio della carta d\u2019identit\u00e0\u00a0<strong>esclusivamente dai cittadini italiani regolarmente residenti in questa circoscrizione consolare<\/strong>\u00a0<strong>con iscrizione AIRE completa<\/strong>.<br \/>\n<strong>Nel caso si sia cambiato indirizzo di residenza<\/strong>\u00a0(rispetto a quello comunicato in precedenza all\u2019Ufficio consolare), \u00e8 necessario chiedere la variazione di indirizzo tramite il portale\u00a0<a href=\"https:\/\/serviziconsolari.esteri.it\/ScoFE\/index.sco\"><strong>FAST-IT<\/strong><\/a>\u00a0prima di procedere alla prenotazione per la C.I.E.<\/p>\n<ol>\n<li><strong>Quando si pu\u00f2 richiedere?<\/strong><\/li>\n<\/ol>\n<p>La C.I.E. viene rilasciata:<\/p>\n<ul>\n<li>in sostituzione di una Carta d\u2019Identit\u00e0 cartacea valida;<\/li>\n<li>a chi non sia in possesso di un\u2019altra Carta d\u2019Identit\u00e0 valida;<\/li>\n<li>in caso di furto, smarrimento o deterioramento della carta precedente.<\/li>\n<\/ul>\n<ol>\n<li><strong>Come si richiede la Carta d\u2019Identit\u00e0 Elettronica (C.I.E.)?<\/strong><\/li>\n<\/ol>\n<p>La richiesta della Carta d\u2019Identit\u00e0 Elettronica deve essere presentata utilizzando esclusivamente la piattaforma\u00a0<a href=\"https:\/\/prenotami.esteri.it\/\">Prenot@Mi<\/a>.<\/p>\n<ol>\n<li><strong>\u00c8 possibile chiedere l\u2019appuntamento per i miei figli minori?<\/strong><\/li>\n<\/ol>\n<p>S\u00ec. Tuttavia,\u00a0in fase di prenotazione dell\u2019appuntamento bisogner\u00e0\u00a0<strong>compilare una scheda per ciascuna persona richiedente<\/strong>.<\/p>\n<ol>\n<li><strong>Quali sono le operazioni che saranno effettuate il giorno dell\u2019appuntamento?<\/strong><\/li>\n<\/ol>\n<p>Il giorno dell\u2019appuntamento, l\u2019operatore consolare acquisisce la documentazione, effettua il riconoscimento e la verifica della foto ed acquisisce le impronte digitali e la firma (salvo per i minori di anni 12).<\/p>\n<ol>\n<li><strong>Come si riceve la Carta d\u2019Identit\u00e0 Elettronica?<\/strong><\/li>\n<\/ol>\n<p>La C.I.E. \u00e8 emessa dal Ministero dell\u2019Interno e prodotta dall\u2019Istituto Poligrafico e Zecca dello Stato, che la spedisce, a mezzo posta, all\u2019indirizzo di residenza dichiarato dal richiedente.<\/p>\n<ol>\n<li><strong>Quanto tempo vale la Carta d\u2019Identit\u00e0?<\/strong><\/li>\n<\/ol>\n<p>La validit\u00e0 della Carta d\u2019Identit\u00e0 varia a seconda dell\u2019et\u00e0 del titolare ed \u00e8 di:<\/p>\n<ul>\n<li>3 anni per i minori di et\u00e0 compresa tra 0 e 3 anni;<\/li>\n<li>5 anni per i minori di et\u00e0 compresa tra 4 e 18 anni;<\/li>\n<li>10 anni per persone di et\u00e0 superiore ai 18 anni.<\/li>\n<\/ul>\n<ol>\n<li><strong>Devo chiedere una nuova\u00a0Carta d\u2019Identit\u00e0 se cambio indirizzo?<\/strong><\/li>\n<\/ol>\n<p>No. La Carta d\u2019Identit\u00e0 \u00e8 un documento di identit\u00e0 e non di residenza.<\/p>\n<ol>\n<li><strong>Posso richiedere la\u00a0Carta d\u2019Identit\u00e0presso il mio Comune in Italia, anche se residente all\u2019estero?<\/strong><\/li>\n<\/ol>\n<p>Il connazionale dovr\u00e0 verificare questa circostanza con il Comune di riferimento in Italia.<\/p>\n","protected":false},"excerpt":{"rendered":"A chi pu\u00f2 essere rilasciata la Carta d\u2019Identit\u00e0 Elettronica? Questo Consolato Generale pu\u00f2 ricevere richieste di rilascio della carta d\u2019identit\u00e0\u00a0esclusivamente dai cittadini italiani regolarmente residenti in questa circoscrizione consolare\u00a0con iscrizione AIRE completa. Nel caso si sia cambiato indirizzo di residenza\u00a0(rispetto a quello comunicato in precedenza all\u2019Ufficio consolare), \u00e8 necessario chiedere la variazione di indirizzo tramite [&hellip;]","protected":false},"author":27,"featured_media":0,"parent":2183,"menu_order":0,"comment_status":"closed","ping_status":"closed","template":"","meta":{"footnotes":""},"class_list":["post-4705","page","type-page","status-publish","hentry"],"_links":{"self":[{"href":"https:\/\/consmontreal.esteri.it\/it\/wp-json\/wp\/v2\/pages\/4705","targetHints":{"allow":["GET"]}}],"collection":[{"href":"https:\/\/consmontreal.esteri.it\/it\/wp-json\/wp\/v2\/pages"}],"about":[{"href":"https:\/\/consmontreal.esteri.it\/it\/wp-json\/wp\/v2\/types\/page"}],"author":[{"embeddable":true,"href":"https:\/\/consmontreal.esteri.it\/it\/wp-json\/wp\/v2\/users\/27"}],"replies":[{"embeddable":true,"href":"https:\/\/consmontreal.esteri.it\/it\/wp-json\/wp\/v2\/comments?post=4705"}],"version-history":[{"count":3,"href":"https:\/\/consmontreal.esteri.it\/it\/wp-json\/wp\/v2\/pages\/4705\/revisions"}],"predecessor-version":[{"id":4724,"href":"https:\/\/consmontreal.esteri.it\/it\/wp-json\/wp\/v2\/pages\/4705\/revisions\/4724"}],"up":[{"embeddable":true,"href":"https:\/\/consmontreal.esteri.it\/it\/wp-json\/wp\/v2\/pages\/2183"}],"wp:attachment":[{"href":"https:\/\/consmontreal.esteri.it\/it\/wp-json\/wp\/v2\/media?parent=4705"}],"curies":[{"name":"wp","href":"https:\/\/api.w.org\/{rel}","templated":true}]}}