{"id":484,"date":"2023-04-28T23:30:47","date_gmt":"2023-04-28T21:30:47","guid":{"rendered":"https:\/\/consmontreal.esteri.it\/?page_id=484"},"modified":"2025-02-12T16:18:56","modified_gmt":"2025-02-12T15:18:56","slug":"numero-di-emergenza","status":"publish","type":"page","link":"https:\/\/consmontreal.esteri.it\/it\/chi-siamo\/la-sede\/numero-di-emergenza\/","title":{"rendered":"Numero di Emergenza"},"content":{"rendered":"<p style=\"text-align: justify;\">Per assistenza esclusivamente ai\u00a0<strong>cittadini italiani<\/strong>\u00a0in casi di\u00a0<strong>comprovata emergenza<\/strong>\u00a0<strong>al di fuori degli orari d\u2019ufficio<\/strong>, sono attivi:<\/p>\n<ul style=\"text-align: justify;\">\n<li><strong>Numero di Emergenza del Consolato Generale 001 (514) 240 9991\u00a0<\/strong>operativo dal luned\u00ec al venerd\u00ec dalle 17.00 alle 21.00; nei giorni festivi dalle ore 9 alle ore 21.00.<\/li>\n<\/ul>\n<p style=\"text-align: justify;\"><u>Le chiamate per pratiche consolari ordinarie (passaporti, visti, etc.) non verranno prese in considerazione.<\/u><\/p>\n<ul style=\"text-align: justify;\">\n<li><strong>Numero del Funzionario di Turno del Ministero degli Affari Esteri e della Cooperazione Internazionale<\/strong>\u00a0<strong>0039 06 3691 2666,\u00a0<\/strong>operativo per tutte le altre fasce orarie.<\/li>\n<\/ul>\n<p style=\"text-align: justify;\">In caso di effettiva necessit\u00e0, il funzionario di turno del Ministero degli Affari Esteri e della Cooperazione Internazionale contatter\u00e0 tempestivamente i funzionari del Consolato Generale di Montr\u00e9al.<\/p>\n<p style=\"text-align: justify;\">In caso di\u00a0<strong>incidenti gravi, situazioni comportanti rischi immediati<\/strong>\u00a0per la salute o di pericolo per l\u2019incolumit\u00e0 personale, in cui si richiede il soccorso urgente delle locali autorit\u00e0 sanitarie, di polizia o di vigili del fuoco, si consiglia di\u00a0<strong>chiamare direttamente il numero unico di pronto intervento: 911.<\/strong><\/p>\n<p>&nbsp;<\/p>\n<p>&nbsp;<\/p>\n","protected":false},"excerpt":{"rendered":"Per assistenza esclusivamente ai\u00a0cittadini italiani\u00a0in casi di\u00a0comprovata emergenza\u00a0al di fuori degli orari d\u2019ufficio, sono attivi: Numero di Emergenza del Consolato Generale 001 (514) 240 9991\u00a0operativo dal luned\u00ec al venerd\u00ec dalle 17.00 alle 21.00; nei giorni festivi dalle ore 9 alle ore 21.00. Le chiamate per pratiche consolari ordinarie (passaporti, visti, etc.) non verranno prese in [&hellip;]","protected":false},"author":5,"featured_media":0,"parent":93,"menu_order":0,"comment_status":"closed","ping_status":"closed","template":"","meta":{"footnotes":""},"class_list":["post-484","page","type-page","status-publish","hentry"],"_links":{"self":[{"href":"https:\/\/consmontreal.esteri.it\/it\/wp-json\/wp\/v2\/pages\/484","targetHints":{"allow":["GET"]}}],"collection":[{"href":"https:\/\/consmontreal.esteri.it\/it\/wp-json\/wp\/v2\/pages"}],"about":[{"href":"https:\/\/consmontreal.esteri.it\/it\/wp-json\/wp\/v2\/types\/page"}],"author":[{"embeddable":true,"href":"https:\/\/consmontreal.esteri.it\/it\/wp-json\/wp\/v2\/users\/5"}],"replies":[{"embeddable":true,"href":"https:\/\/consmontreal.esteri.it\/it\/wp-json\/wp\/v2\/comments?post=484"}],"version-history":[{"count":5,"href":"https:\/\/consmontreal.esteri.it\/it\/wp-json\/wp\/v2\/pages\/484\/revisions"}],"predecessor-version":[{"id":4624,"href":"https:\/\/consmontreal.esteri.it\/it\/wp-json\/wp\/v2\/pages\/484\/revisions\/4624"}],"up":[{"embeddable":true,"href":"https:\/\/consmontreal.esteri.it\/it\/wp-json\/wp\/v2\/pages\/93"}],"wp:attachment":[{"href":"https:\/\/consmontreal.esteri.it\/it\/wp-json\/wp\/v2\/media?parent=484"}],"curies":[{"name":"wp","href":"https:\/\/api.w.org\/{rel}","templated":true}]}}