{"id":4916,"date":"2025-04-07T18:01:42","date_gmt":"2025-04-07T16:01:42","guid":{"rendered":"https:\/\/consmontreal.esteri.it\/?page_id=4916"},"modified":"2025-04-10T22:32:07","modified_gmt":"2025-04-10T20:32:07","slug":"referendum-abrogativi-8-9-giugno-2025","status":"publish","type":"page","link":"https:\/\/consmontreal.esteri.it\/it\/servizi-consolari-e-visti\/servizi-per-il-cittadino-italiano\/servizi-elettorali\/referendum-abrogativi-8-9-giugno-2025\/","title":{"rendered":"Avvisi elettorali"},"content":{"rendered":"<p style=\"text-align: center;\"><strong><span style=\"text-decoration: underline;\">REFERENDUM ABROGATIVI 2025<\/span><\/strong><\/p>\n<p><strong>AVVISO DEL 10\/04\/2025<\/strong><\/p>\n<p>Gli\u00a0<strong>elettori residenti in Italia<\/strong>\u00a0che per motivi di\u00a0<strong>lavoro, studio o cure mediche<\/strong>\u00a0si trovano temporaneamente all\u2019estero per un periodo di almeno tre mesi, nel quale ricade la data di svolgimento delle prossime consultazioni referendarie (<u>referendum abrogativi ex art. 75 della Costituzione del 8-9 giugno 2025<\/u>), nonch\u00e9 i\u00a0<strong>familiari con loro conviventi<\/strong>, potranno esercitare il diritto di voto per corrispondenza (art. 4-bis, comma 1, Legge 27 dicembre 2001, n. 459).<\/p>\n<p>Per ricevere il plico elettorale (contenente le schede per il voto) all\u2019indirizzo di temporanea dimora all\u2019estero, questi elettori dovranno far pervenire\u00a0<strong><u>AL COMUNE<\/u><\/strong>\u00a0d\u2019iscrizione nelle liste elettorali<strong>\u00a0un\u2019apposita\u00a0<u>opzione (modello scaricabile\u00a0<a href=\"https:\/\/consmontreal.esteri.it\/wp-content\/uploads\/2025\/04\/referendum-2025-modello-opzione-temp-estero.pdf\">qui<\/a>) entro mercoled\u00ec 7 maggio 2025.<\/u><\/strong><\/p>\n<p>L\u2019opzione (esercitabile tramite il modulo allegato o in carta libera) deve essere inviata\u00a0<strong><u>al Comune<\/u><\/strong>\u00a0per posta, posta elettronica ordinaria o certificata, oppure essere presentata a mano, sempre\u00a0<strong><u>al Comune<\/u><\/strong>, anche da persona delegata dall\u2019interessato.<\/p>\n<p>L\u2019opzione, obbligatoriamente corredata di copia di valido documento d\u2019identit\u00e0 dell\u2019elettore, deve in ogni caso contenere l\u2019<strong><u>indirizzo postale estero completo a cui andr\u00e0 inviato il plico elettorale<\/u><\/strong>\u00a0cos\u00ec come l\u2019indicazione dell\u2019Ufficio consolare competente per territorio. L\u2019opzione deve contenere inoltre una dichiarazione attestante il possesso dei requisiti per l\u2019ammissione al voto per corrispondenza, ovvero di trovarsi per motivi di lavoro, studio o cure mediche per un periodo di almeno tre mesi (nel quale ricade la data di svolgimento delle consultazioni)\u00a0<u>in un Paese estero in cui non si \u00e8 anagraficamente residenti<\/u>\u00a0oppure di essere familiare convivente di un cittadino che si trova nelle predette condizioni. In tal senso, la procedura descritta si applica\u00a0<strong>anche ai cittadini italiani iscritti all\u2019AIRE temporaneamente dimoranti in una CIRCOSCRIZIONE CONSOLARE<\/strong>\u00a0<strong>diversa<\/strong>\u00a0da quella di stabile residenza.<\/p>\n<p>L\u2019opzione va resa ai sensi degli articoli 46 e 47 del decreto del Presidente della Repubblica del 28 dicembre 2000, n. 445 (Testo Unico delle disposizioni legislative e regolamentari in materia di documentazione amministrativa), dichiarandosi consapevoli delle conseguenze penali in caso di dichiarazioni mendaci (art. 76 del citato DPR 445\/2000).<\/p>\n<p><strong>\u00c8 possibile revocare\u00a0<\/strong>l\u2019opzione presentata secondo le modalit\u00e0 di cui sopra<strong>\u00a0entro lo stesso termine (7 maggio 2025).\u00a0<\/strong>Si ricorda infine che l\u2019opzione \u00e8 valida esclusivamente per la consultazione elettorale cui si riferisce.<\/p>\n<p>&nbsp;<\/p>\n<p><span style=\"text-decoration: underline;\"><strong>AVVISO DEL 2 APRILE 2025<\/strong><\/span><\/p>\n<p style=\"text-align: left;\"><strong>Per cosa si vota?<\/strong><\/p>\n<p>Con i Decreti del Presidente della Repubblica del 31\/03 2025, pubblicati nella Gazzetta Ufficiale, Serie Generale, n. 75, del 31\/03\/2025, sono stati indetti<strong>\u00a05 referendum popolari abrogativi<\/strong>\u00a0per:<\/p>\n<p>1. Cittadinanza italiana: Dimezzamento da 10 a 5 anni dei tempi di residenza legale in Italia dello straniero maggiorenne extracomunitario per la richiesta di concessione della cittadinanza italiana.<br \/>\n2. Contratto di lavoro a tutele crescenti \u2013 disciplina dei licenziamenti illegittimi: Abrogazione.<br \/>\n3. Piccole imprese \u2013 licenziamenti e relativa indennit\u00e0: Abrogazione parziale.<br \/>\n4. Abrogazione parziale di norme in materia di apposizione di termine al contratto di lavoro subordinato, durata massima e condizioni per proroghe e rinnovi.<br \/>\n5. Esclusione della responsabilit\u00e0 solidale del committente, dell\u2019appaltatore e del subappaltatore per infortuni subiti dal lavoratore dipendente di impresa appaltatrice o subappaltatrice, come conseguenza dei rischi specifici propri dell\u2019attivit\u00e0 delle imprese appaltatrici o subappaltatrici: Abrogazione.<\/p>\n<p>&nbsp;<\/p>\n<p><strong>Chi puo votare all&#8217;estero?<\/strong><\/p>\n<p>\u2013\u00a0<strong>Gli elettori iscritti all\u2019AIRE<\/strong>\u00a0(Anagrafe degli Italiani Residenti all\u2019Estero), che ricevono direttamente il plico elettorale al proprio indirizzo di residenza all\u2019estero<br \/>\n\u2013\u00a0<strong>Gli italiani temporaneamente all\u2019estero per almeno tre mesi, esclusivamente PER MOTIVI DI LAVORO, STUDIO O CURE MEDICHE, e i familiari con essi conviventi all\u2019estero.<\/strong><\/p>\n<p><strong>ATTENZIONE:<\/strong>\u00a0l\u2019elettore temporaneamente all\u2019estero deve presentare apposita richiesta al Comune italiano di residenza\u00a0<strong>ENTRO IL 7 MAGGIO<\/strong>\u00a0per ricevere il plico elettorale.<\/p>\n<p>&nbsp;<\/p>\n<p><strong>Quando si vota?<\/strong><\/p>\n<p><strong>In Italia si vota domenica 8 e luned\u00ec 9 giugno 2025.<\/strong><\/p>\n<p><strong>Gli elettori all\u2019estero votano in anticipo<\/strong>, per corrispondenza.\u00a0<strong>I plichi verranno spediti all\u2019indirizzo di residenza entro il 21 MAGGIO<\/strong>.<\/p>\n<p><strong>ATTENZIONE:<\/strong>\u00a0gli elettori che\u00a0<strong>ENTRO IL 25 MAGGIO<\/strong>\u00a0<strong>non abbiano ancora ricevuto il plico<\/strong>\u00a0elettorale potranno contattare il proprio ufficio consolare per ottenere il\u00a0<strong>DUPLICATO.<\/strong><\/p>\n<p>&nbsp;<\/p>\n<p><strong>Come si vota? <\/strong><\/p>\n<p><strong>Il voto avviene per corrispondenza<\/strong>. Le schede dovranno essere rispedite al consolato seguendo attentamente\u00a0<strong>le indicazioni del foglio informativo<\/strong>\u00a0presente nel plico elettorale ed utilizzando unicamente il materiale con esso fornito. Saranno trasmesse in Italia per lo scrutinio solamente le schede votate recapitate all\u2019ufficio consolare di riferimento\u00a0<strong>ENTRO E NON OLTRE le ore 16 locali di gioved\u00ec 5 GIUGNO.<\/strong><\/p>\n<h3 style=\"text-align: left;\"><\/h3>\n<p>***<\/p>\n<p>&nbsp;<\/p>\n<p><strong><span style=\"text-decoration: underline;\">AVVISO DEL 1 APRILE 2025<\/span><\/strong><\/p>\n<p>Con decreti del Presidente della Repubblica del 31\/03\/2025, pubblicati nella Gazzetta Ufficiale del 31\/03\/2025, \u00e8 stata fissata ai giorni 8 e 9 GIUGNO 2025 la data dei referendum abrogativi ex art. 75 della Costituzione.<\/p>\n<p>Si ricorda che\u00a0<strong>il VOTO \u00e8 un DIRITTO<\/strong>\u00a0tutelato dalla Costituzione Italiana e che, in base alla Legge 27 dicembre 2001, n. 459, i cittadini italiani residenti all\u2019estero, iscritti nelle liste elettorali, possono<strong>\u00a0VOTARE PER POSTA<\/strong>, ricevendo il plico elettorale al proprio indirizzo di residenza. A tal fine, si raccomanda di controllare e regolarizzare la propria situazione anagrafica e di indirizzo presso l\u2019Ufficio consolare competente, utilizzando preferibilmente il portale online dei servizi consolari\u00a0<a href=\"https:\/\/serviziconsolari.esteri.it\/ScoFE\/index.sco\"><strong>Fast It<\/strong><\/a>.<\/p>\n<p><strong>In alternativa al voto per corrispondenza,\u00a0gli elettori iscritti all\u2019AIRE\u00a0possono SCEGLIERE DI VOTARE IN ITALIA PRESSO IL PROPRIO COMUNE DI ISCRIZIONE ELETTORALE,\u00a0comunicando\u00a0per iscritto la propria scelta (OPZIONE) al Consolato entro il 10\u00b0 giorno successivo alla indizione delle votazioni<\/strong>. Gli elettori che scelgono di votare in Italia in occasione della prossima consultazione referendaria riceveranno dai rispettivi Comuni italiani la cartolina-avviso per votare presso i seggi elettorali in Italia. La scelta (opzione) di votare in Italia vale solo per la consultazione referendaria rispetto alla quale \u00e8 espressa.<\/p>\n<p>Si ribadisce che in ogni caso<strong>\u00a0l\u2019opzione DEVE\u00a0PERVENIRE\u00a0all\u2019Ufficio consolare NON OLTRE I DIECI GIORNI SUCCESSIVI A QUELLO DELL\u2019INDIZIONE DELLE VOTAZIONI, OVVERO ENTRO IL GIORNO 10\/04\/2025.\u00a0<\/strong>Tale comunicazione pu\u00f2 essere scritta su carta semplice e \u2013 per essere valida \u2013 deve contenere nome, cognome, data e luogo di nascita, luogo di residenza e\u00a0<strong>firma<\/strong>\u00a0dell\u2019elettore, accompagnata da copia di un documento di identit\u00e0 del dichiarante.<\/p>\n<p>Per tale comunicazione si pu\u00f2 anche utilizzare l\u2019apposito modulo scaricabile\u00a0<strong><a href=\"https:\/\/consmontreal.esteri.it\/wp-content\/uploads\/2025\/04\/2191331.1-Modulo_di_opzione_Referendum_2025.doc\">qui<\/a><\/strong>, oltre che dal sito web del Ministero degli Affari Esteri e della Cooperazione Internazionale (<a href=\"http:\/\/www.esteri.it\/\">www.esteri.it<\/a>).<\/p>\n<p>Il modulo, debitamente compilato, firmato e accompagnato da un documento d\u2019identit\u00e0, pu\u00f2 essere consegnato\/inviato:<\/p>\n<ul>\n<li>a mano al Consolato Generale d\u2019Italia a Montr\u00e9al: orari di apertura al pubblico dal luned\u00ec al venerd\u00ec, dalle ore 09.00 alle ore 13.00<\/li>\n<li>per posta: Consolato Generale d\u2019Italia a Montreal, 3489 Drummond, Montr\u00e9al, QC H3G 1X6<\/li>\n<li>per posta elettronica ordinaria:\u00a0<a href=\"mailto:montreal.elettorale@esteri.it\">montreal.elettorale@esteri.it<\/a><\/li>\n<\/ul>\n<p>Come prescritto dalla normativa vigente, sar\u00e0 cura degli elettori verificare che la comunicazione di opzione spedita per posta sia stata ricevuta in tempo utile dal proprio Ufficio consolare. Le richieste pervenute oltre il termine sopra indicato NON potranno essere ritenute valide.<\/p>\n<p>La scelta di votare in Italia pu\u00f2 essere successivamente\u00a0<strong>REVOCATA<\/strong>\u00a0con una comunicazione scritta da inviare o consegnare all\u2019Ufficio consolare con le stesse modalit\u00e0 ed entro la stessa data prevista per l\u2019esercizio dell\u2019opzione.<\/p>\n<p>Se si sceglie di rientrare in Italia per votare, la Legge\u00a0<strong>NON<\/strong>\u00a0prevede alcun tipo di\u00a0<strong>rimborso<\/strong>\u00a0per le spese di viaggio sostenute, ma solo agevolazioni tariffarie all\u2019interno del territorio italiano.<\/p>\n<p><strong>IL CONSOLATO GENERALE D\u2019ITALIA A MONTREAL \u00c8 A DISPOSIZIONE PER OGNI ULTERIORE CHIARIMENTO.<\/strong><\/p>\n<p>&nbsp;<\/p>\n","protected":false},"excerpt":{"rendered":"REFERENDUM ABROGATIVI 2025 AVVISO DEL 10\/04\/2025 Gli\u00a0elettori residenti in Italia\u00a0che per motivi di\u00a0lavoro, studio o cure mediche\u00a0si trovano temporaneamente all\u2019estero per un periodo di almeno tre mesi, nel quale ricade la data di svolgimento delle prossime consultazioni referendarie (referendum abrogativi ex art. 75 della Costituzione del 8-9 giugno 2025), nonch\u00e9 i\u00a0familiari con loro conviventi, potranno [&hellip;]","protected":false},"author":27,"featured_media":0,"parent":207,"menu_order":0,"comment_status":"closed","ping_status":"closed","template":"","meta":{"footnotes":""},"class_list":["post-4916","page","type-page","status-publish","hentry"],"_links":{"self":[{"href":"https:\/\/consmontreal.esteri.it\/it\/wp-json\/wp\/v2\/pages\/4916","targetHints":{"allow":["GET"]}}],"collection":[{"href":"https:\/\/consmontreal.esteri.it\/it\/wp-json\/wp\/v2\/pages"}],"about":[{"href":"https:\/\/consmontreal.esteri.it\/it\/wp-json\/wp\/v2\/types\/page"}],"author":[{"embeddable":true,"href":"https:\/\/consmontreal.esteri.it\/it\/wp-json\/wp\/v2\/users\/27"}],"replies":[{"embeddable":true,"href":"https:\/\/consmontreal.esteri.it\/it\/wp-json\/wp\/v2\/comments?post=4916"}],"version-history":[{"count":6,"href":"https:\/\/consmontreal.esteri.it\/it\/wp-json\/wp\/v2\/pages\/4916\/revisions"}],"predecessor-version":[{"id":4990,"href":"https:\/\/consmontreal.esteri.it\/it\/wp-json\/wp\/v2\/pages\/4916\/revisions\/4990"}],"up":[{"embeddable":true,"href":"https:\/\/consmontreal.esteri.it\/it\/wp-json\/wp\/v2\/pages\/207"}],"wp:attachment":[{"href":"https:\/\/consmontreal.esteri.it\/it\/wp-json\/wp\/v2\/media?parent=4916"}],"curies":[{"name":"wp","href":"https:\/\/api.w.org\/{rel}","templated":true}]}}