{"id":5456,"date":"2025-07-09T22:31:07","date_gmt":"2025-07-09T20:31:07","guid":{"rendered":"https:\/\/consmontreal.esteri.it\/?page_id=5456"},"modified":"2026-03-03T22:49:39","modified_gmt":"2026-03-03T21:49:39","slug":"acquisto-della-cittadinanza-per-beneficio-di-legge-figli-minori-nati-allestero","status":"publish","type":"page","link":"https:\/\/consmontreal.esteri.it\/it\/servizi-consolari-e-visti\/servizi-per-il-cittadino-straniero\/cittadinanza\/acquisto-della-cittadinanza-per-beneficio-di-legge-figli-minori-nati-allestero\/","title":{"rendered":"Acquisto della Cittadinanza per \u201cbeneficio di legge\u201d (figli minori nati all\u2019estero)"},"content":{"rendered":"<h5>Il minore\u00a0<u>nato all\u2019estero<\/u>\u00a0da genitori italiani \u00e8 considerato\u00a0\u00a0cittadino italiano senza necessit\u00e0 di \u201cdichiarazione di volont\u00e0 di acquisto della cittadinanza\u201d\u00a0solo\u00a0se\u00a0ricorre almeno una delle seguenti condizioni (sar\u00e0 comunque necessario richiedere al Consolato la trascrizione dell\u2019atto di nascita presso il Comune italiano competente seguendo la modalit\u00e0 al seguente link: <a href=\"https:\/\/consmontreal.esteri.it\/it\/servizi-consolari-e-visti\/servizi-per-il-cittadino-italiano\/stato-civile\/nascita\/\">Nascita \u2013 Consolato Generale d&#8217;Italia di Montreal<\/a>):<\/h5>\n<ol>\n<li><strong><em>Alla data di nascita i<\/em><\/strong><strong><em>l minore pu\u00f2 ottenere\u00a0<u>esclusivamente<\/u>\u00a0la cittadinanza italiana, cio\u00e8 non ha, n\u00e9 pu\u00f2 avere, nessun\u2019altra cittadinanza per esempio iure soli\u00a0<\/em><\/strong><em>(per nascita sul territorio del Paese straniero di residenza, come avviene in Canada),<\/em><strong><em>\u00a0cittadinanza per opzione, ecc.<\/em><\/strong><em><br \/>\n<\/em><\/li>\n<li><strong><em>Alla data di nascita del minore, un ascendente\u00a0<u>di primo o di secondo grado<\/u>\u00a0(genitori\/nonni)\u00a0<u>possiede<\/u>\u00a0(o possedeva al momento della morte),\u00a0<u>esclusivamente<\/u> la cittadinanza italiana\u00a0<\/em><\/strong><\/li>\n<li><strong><em>Il\u00a0<u>genitore<\/u>\u00a0cittadino italiano\u00a0<u>\u00e8 stato residente in Italia per almeno 2 anni continuativi<\/u>\u00a0successivamente all\u2019acquisto della cittadinanza italiana e\u00a0<\/em><\/strong><strong><em>prima della data di nascita del figlio\/a.<br \/>\n<\/em><\/strong><em><br \/>\n<\/em><\/li>\n<\/ol>\n<h5>Se non ricorre nemmeno una delle condizioni elencate da 1 a 3, il minore nato all\u2019estero da genitori italiani potr\u00e0 comunque acquistare la cittadinanza italiana con una dichiarazione di volont\u00e0 dei genitori. Al riguardo, si leggano con attenzione le informazioni riportate di seguito.<\/h5>\n<h3><span style=\"color: #0000ff;\">Acquisto della Cittadinanza per \u201cbeneficio di legge\u201d (figli minori nati all\u2019estero)<\/span><\/h3>\n<p>In due casi, previsti dal comma 1-bis dell\u2019articolo 4 della legge n. 91\/1992 e dall\u2019articolo 1, comma 1-ter del decreto-legge n. 36\/2025, i\u00a0<strong>figli minorenni nati all\u2019estero<\/strong>\u00a0da genitore cittadino che non trasmette \u201cautomaticamente\u201d la cittadinanza possono acquistare la cittadinanza italiana.<\/p>\n<p>Il\u00a0<strong>minore<\/strong>\u00a0che ne beneficia\u00a0<strong>non<\/strong>\u00a0sar\u00e0\u00a0<strong>cittadino per nascita<\/strong>\u00a0o\u00a0<em>iure sanguinis<\/em>.<\/p>\n<p>In base all\u2019articolo 15 della legge n. 91\/1992, il minore non acquista la cittadinanza dal giorno della nascita, ma dal giorno successivo in cui si saranno verificate le condizioni previste dalla legge.<\/p>\n<p><strong>A) Nel primo caso (<u>comma 1-bis dell\u2019articolo 4 della legge n. 91\/1992<\/u>)\u00a0<\/strong>i seguenti presupposti devono essere posseduti\u00a0<strong>congiuntamente<\/strong>:<\/p>\n<ul>\n<li><strong>uno dei genitori<\/strong>, anche se ha altra cittadinanza,\u00a0<strong>\u00e8<\/strong>\u00a0<strong>cittadino italiano\u00a0<u>per nascita<\/u>.\u00a0<\/strong>Si escludono quindi i casi di cittadini per naturalizzazione ai sensi dell\u2019articolo 9 della legge n. 91\/1992 o \u201cper beneficio di legge\u201d ai sensi dell\u2019articolo 4 della legge n. 91\/1992 ovvero per matrimonio ai sensi dell\u2019articolo 5 della legge n. 91\/1992 o dell\u2019articolo 10 della legge n. 555\/1912 oppure per riacquisto ai sensi degli articoli 13 o 17 della legge n. 91\/1992 ovvero\u00a0<em>iuris communicatione<\/em>\u00a0(art. 14 della legge n. 91\/1992);<\/li>\n<li><strong><u>entrambi<\/u><\/strong>\u00a0i genitori (incluso il genitore straniero) o il tutore presentano una\u00a0<strong>dichiarazione di volont\u00e0 di acquisto della cittadinanza entro tre anni dalla nascita<\/strong> (o dalla data successiva in cui \u00e8 stabilita la filiazione da cittadino italiano o in cui \u00e8 decisa l\u2019adozione da parte di cittadino italiano durante la minore et\u00e0 del figlio). In caso di riconoscimento della filiazione in tempi successivi da parte di genitori entrambi cittadini italiani per nascita, il termine di tre anni decorrer\u00e0 dal primo riconoscimento (perch\u00e9 gi\u00e0 il primo riconoscimento comporta la trasmissione della cittadinanza). Se invece avviene prima il riconoscimento da parte di genitore straniero (o cittadino italiano non per nascita ma ad altro titolo), il termine di tre anni sar\u00e0 computato a partire dal riconoscimento da parte del secondo genitore cittadino per nascita.<\/li>\n<\/ul>\n<p><strong>La dichiarazione di volont\u00e0 di acquisto della cittadinanza deve essere formale e avvenire di persona, alla presenza di dipendente delegato all\u2019esercizio delle funzioni di stato civile, previo appuntamento da richiedere all\u2019indirizzo email <span style=\"color: #0000ff;\">montreal.cittadinanza@esteri.it\u00a0<\/span>\u00a0<\/strong><\/p>\n<p><strong>Se i genitori non rendono la dichiarazione contestualmente, il requisito di legge si considera soddisfatto alla data in cui \u00e8 presentata la dichiarazione del secondo genitore<\/strong>. Se la filiazione (anche adottiva) \u00e8 stabilita nei confronti di una sola persona (o se l\u2019altro genitore \u00e8 deceduto), sar\u00e0 sufficiente la dichiarazione di un solo genitore.<\/p>\n<p><strong>Nel caso di stabilimento della residenza legale del minore in Italia, la dichiarazione pu\u00f2 essere presentata anche successivamente al termine di tre anni dalla nascita, ma la residenza deve perdurare per almeno due anni continuativi dopo la dichiarazione di volont\u00e0<\/strong>\u00a0di acquisto della cittadinanza presentata dai genitori.<\/p>\n<p><strong>B)<\/strong>\u00a0Il\u00a0<strong>secondo caso<\/strong>\u00a0<strong>(<u>comma 1-ter dell\u2019articolo 1 del decreto-legge n. 36\/2025<\/u>)\u00a0<\/strong>si applica quando sussistono\u00a0<strong>tutte\u00a0<\/strong>le condizioni seguenti:<\/p>\n<ul>\n<li>persone\u00a0<strong><u>minorenni alla data di entrata in vigore della legge di conversione n. 74\/2025\u00a0<\/u><\/strong>,cio\u00e8 persone che non avevano compiuto il 18\u00b0 anno di et\u00e0 al\u00a0<strong>24 maggio 2025<\/strong>;<\/li>\n<li><strong>figli di cittadini\u00a0<u>per nascita\u00a0<\/u><\/strong><strong>che si trovano nelle condizioni previste dalle lettere a), a-bis) e b) dell\u2019articolo 3-bis della legge n. 91\/1992.\u00a0<\/strong>In altri termini, i genitori devono essere\u00a0<strong>riconosciuti cittadini sulla base di domanda amministrativa o giudiziale presentata entro le 23:59 (ora di Roma) del 27 marzo 2025<\/strong>\u00a0o sulla base di domanda presentata sulla base di appuntamento comunicato dall\u2019Ufficio consolare o dal Comune entro la medesima data;<\/li>\n<li>la dichiarazione dei genitori o del tutore deve essere presentata all\u2019Ufficio consolare\u00a0<strong><u>entro il 31 maggio 2029<\/u><\/strong>. Se l\u2019interessato, minorenne alla data del 24 maggio 2025, diviene nel frattempo maggiorenne, la dichiarazione dovr\u00e0 essere presentata da lui personalmente entro il medesimo termine.<\/li>\n<\/ul>\n<p>Le\u00a0<strong>dichiarazioni dovranno essere rese di persona presso l\u2019Ufficio consolare, davanti a personale consolare delegato alle funzioni di Stato Civile, previo appuntamento da richiedere all\u2019indirizzo email <span style=\"color: #0000ff;\">montreal.cittadinanza@esteri.it\u00a0<\/span><\/strong>.<\/p>\n<p>Occorrer\u00e0 allegare all\u2019email di richiesta anche\u00a0<strong>documento d\u2019identit\u00e0 del richiedente e del figlio\/a, prova di residenza nella circoscrizione consolare, oltre alla documentazione elencata nel modulo<\/strong>\u00a0di dichiarazione pertinente.<\/p>\n<p>Per i cittadini italiani iscritti all\u2019AIRE della circoscrizione consolare di residenza, il certificato di cittadinanza italiana per nascita del padre o madre potr\u00e0 essere sostituito da una\u00a0dichiarazione sostitutiva di certificazione.<\/p>\n<p>Alla cittadinanza italiana acquistata nei modi sopra indicati l\u2019interessato, una volta divenuto maggiorenne, pu\u00f2 fare rinuncia, con la sola condizione che non si produca una condizione di apolidia (l\u2019interessato pu\u00f2 rinunciare alla cittadinanza italiana solo se ha un\u2019altra cittadinanza).<\/p>\n","protected":false},"excerpt":{"rendered":"Il minore\u00a0nato all\u2019estero\u00a0da genitori italiani \u00e8 considerato\u00a0\u00a0cittadino italiano senza necessit\u00e0 di \u201cdichiarazione di volont\u00e0 di acquisto della cittadinanza\u201d\u00a0solo\u00a0se\u00a0ricorre almeno una delle seguenti condizioni (sar\u00e0 comunque necessario richiedere al Consolato la trascrizione dell\u2019atto di nascita presso il Comune italiano competente seguendo la modalit\u00e0 al seguente link: Nascita \u2013 Consolato Generale d&#8217;Italia di Montreal): Alla data di [&hellip;]","protected":false},"author":30,"featured_media":0,"parent":214,"menu_order":0,"comment_status":"closed","ping_status":"closed","template":"","meta":{"footnotes":""},"class_list":["post-5456","page","type-page","status-publish","hentry"],"_links":{"self":[{"href":"https:\/\/consmontreal.esteri.it\/it\/wp-json\/wp\/v2\/pages\/5456","targetHints":{"allow":["GET"]}}],"collection":[{"href":"https:\/\/consmontreal.esteri.it\/it\/wp-json\/wp\/v2\/pages"}],"about":[{"href":"https:\/\/consmontreal.esteri.it\/it\/wp-json\/wp\/v2\/types\/page"}],"author":[{"embeddable":true,"href":"https:\/\/consmontreal.esteri.it\/it\/wp-json\/wp\/v2\/users\/30"}],"replies":[{"embeddable":true,"href":"https:\/\/consmontreal.esteri.it\/it\/wp-json\/wp\/v2\/comments?post=5456"}],"version-history":[{"count":5,"href":"https:\/\/consmontreal.esteri.it\/it\/wp-json\/wp\/v2\/pages\/5456\/revisions"}],"predecessor-version":[{"id":6210,"href":"https:\/\/consmontreal.esteri.it\/it\/wp-json\/wp\/v2\/pages\/5456\/revisions\/6210"}],"up":[{"embeddable":true,"href":"https:\/\/consmontreal.esteri.it\/it\/wp-json\/wp\/v2\/pages\/214"}],"wp:attachment":[{"href":"https:\/\/consmontreal.esteri.it\/it\/wp-json\/wp\/v2\/media?parent=5456"}],"curies":[{"name":"wp","href":"https:\/\/api.w.org\/{rel}","templated":true}]}}