{"id":569,"date":"2023-05-04T20:46:11","date_gmt":"2023-05-04T18:46:11","guid":{"rendered":"https:\/\/consmontreal.esteri.it\/?page_id=569"},"modified":"2023-05-04T20:56:20","modified_gmt":"2023-05-04T18:56:20","slug":"lingua-e-cultura-italiana-in-questa-circoscrizione-consolare","status":"publish","type":"page","link":"https:\/\/consmontreal.esteri.it\/it\/servizi-consolari-e-visti\/servizi-per-il-cittadino-italiano\/istruzione\/lingua-e-cultura-italiana-in-questa-circoscrizione-consolare\/","title":{"rendered":"Lingua e cultura italiana in questa circoscrizione consolare"},"content":{"rendered":"<div>\n<p>La rete dell\u2019italiano nella circoscrizione territoriale del Consolato Generale d\u2019Italia a Montr\u00e9al \u00e8 costituita dagli Enti Promotori nonch\u00e9 dalle Scuole, Universit\u00e0, Associazioni e altre Istituzioni che svolgono un importante ruolo nella promozione e nella diffusione della lingua e della cultura italiana.<\/p>\n<p><strong>L\u2019English Montreal School Board (EMSB)<\/strong>\u00a0\u00e8 una Commissione scolastica che gestisce quattro scuole i cui programmi prevedono l\u2019insegnamento della lingua italiana integrata nel curricolo scolastico. La lingua italiana viene veicolata attraverso la realizzazione del Programma\u00a0<strong>\u201cPELO\u201d<\/strong>: Programme d\u2019Enseignement des Langues d\u2019Origines. Al momento tre Scuole attuano il PELO integrato nel proprio curricolo scolastico:\u00a0<strong>Scuola \u201cDante\u201d, Scuola \u201cEast Hill\u201d, Scuola \u201cPierre De Coubertin\u201d<\/strong>.\u00a0<a href=\"https:\/\/www.emsb.qc.ca\/\">https:\/\/www.emsb.qc.ca\/<\/a><\/p>\n<p>Nelle seguenti\u00a0<strong>scuole secondarie<\/strong>\u00a0di Montreal \u00e8 previsto l\u2019insegnamento della lingua italiana come lingua straniera.<\/p>\n<ul>\n<li>Il Coll\u00e8ge Vanier eroga corsi di italiano come corsi part-time. Attualmente \u00e8 offerto un corso introduttivo per veri principianti. Il corso \u00e8 denominato \u201cCorso interattivo\u201d ed \u00e8 rivolto a ragazzi\/e che abbiano raggiunto il 16\u00b0 anno di et\u00e0:<\/li>\n<li><a href=\"http:\/\/www.vaniercollege.qc.ca\/\">www.vaniercollege.qc.ca<\/a>.<\/li>\n<li>Il Dawson College offre dei corsi di italiano dal livello 1 (veri principianti), mother tongue 1 (falsi principianti) al livello 4. Ciascun corso ha la durata di 45 ore:\u00a0<a href=\"http:\/\/www.dawsoncollege.qc.ca\/\">www.dawsoncollege.qc.ca<\/a>.<\/li>\n<li>Il Coll\u00e8ge International Marie de France (CiMF), fondato a Montreal nel 1939, \u00e8 un Ente educativo operante a livello di scuola primaria e secondaria di primo e secondo grado. Gli\/le studenti\/esse di italiano L2 del CiMF conseguono un grado di competenza linguistica riferibile ai livelli dal B2 al C1 del Quadro Comune Europeo di Riferimento (QCER):\u00a0<a href=\"http:\/\/www.cimf.ca\/\">www.cimf.ca<\/a>.<\/li>\n<li>L\u2019Institut de Tourisme e de l\u2019H\u00f4tellerie du Qu\u00e9bec (ITHQ) che esiste da pi\u00f9 di 50 anni, eroga corsi di lingua italiana da 25 anni. L\u2019offerta dell\u2019italiano L2 inizia con l\u2019organizzazione di corsi professionali di \u201cCucina italiana\u201d per giungere ad ampliare e qualificare l\u2019offerta formativa con corsi di lingua e cultura italiana, destinati a formare studenti\/esse anche nel settore turistico:\u00a0<a href=\"https:\/\/www.ithq.qc.ca\/ecole\/\">https:\/\/www.ithq.qc.ca\/ecole\/<\/a><\/li>\n<\/ul>\n<p>*****<\/p>\n<p>Per parte sua, l\u2019<strong>Istituto Italiano di Cultura<\/strong>\u00a0eroga corsi destinati ad adulti in tre sessioni: invernale, primaverile e autunnale. I livelli per la certificazione delle competenze linguistico-comunicative sono quelli riferibili al QCER (Quadro Comune Europeo di Riferimento):\u00a0<a href=\"https:\/\/iicmontreal.esteri.it\/\">https:\/\/iicmontreal.esteri.it\/iic_montreal\/it\/<\/a><\/p>\n<p>*****<\/p>\n<p>Qualificata risulta inoltre l\u2019offerta formativa relativa alla lingua e alla cultura italiana nelle\u00a0<strong>Universit\u00e0 della circoscrizione<\/strong>. A Montr\u00e9al spiccano:<\/p>\n<ul>\n<li>Concordia University &#8211;\u00a0<a href=\"https:\/\/www.concordia.ca\/\">https:\/\/www.concordia.ca\/<\/a>.<\/li>\n<li>McGill University &#8211;\u00a0<a href=\"https:\/\/www.mcgill.ca\/\">https:\/\/www.mcgill.ca\/<\/a><\/li>\n<li>Universit\u00e9 de Montr\u00e9al (UdeM) &#8211;\u00a0<a href=\"https:\/\/www.umontreal.ca\/\">https:\/\/www.umontreal.ca\/<\/a><\/li>\n<li>Universit\u00e9 du Qu\u00e9bec \u00e0 Montr\u00e9al (UQ\u00c0M) &#8211;\u00a0<a href=\"https:\/\/uqam.ca\/\">https:\/\/uqam.ca\/<\/a><\/li>\n<\/ul>\n<p>I seguenti importanti Atenei situati fuori da Montr\u00e9al garantiscono un\u2019offerta formativa di qualit\u00e0:<\/p>\n<ul>\n<li>Universit\u00e9 Laval &#8211;\u00a0<a href=\"https:\/\/www.ulaval.ca\/en\/\">https:\/\/www.ulaval.ca\/en\/<\/a>\u00a0a Ville de Qu\u00e9bec<\/li>\n<li>Universit\u00e9 de Sherbrooke &#8211;\u00a0<a href=\"https:\/\/www.usherbrooke.ca\/\">https:\/\/www.usherbrooke.ca\/<\/a>\u00a0nella citt\u00e0 Sherbrooke<\/li>\n<li>Bishop\u2019s University &#8211;\u00a0<a href=\"https:\/\/www.ubishops.ca\/\">https:\/\/www.ubishops.ca\/<\/a>, anch\u2019essa situata nella citt\u00e0 Sherbrooke.<\/li>\n<\/ul>\n<p>Altri Atenei, seppur di minori dimensioni, promuovono corsi d\u2019italiano e ne favoriscono una positiva e incoraggiante diffusione:<\/p>\n<ul>\n<li>Dalhouisie University &#8211;\u00a0<a href=\"https:\/\/www.dal.ca\/\">https:\/\/www.dal.ca\/<\/a>\u00a0con sede ad Halifax in Nuova Scozia<\/li>\n<li>Saint Thomas University &#8211;\u00a0<a href=\"https:\/\/www.stu.ca\/\">https:\/\/www.stu.ca\/<\/a>, ubicata nel New Brunswick e<\/li>\n<li>Memorial University of Newfoundland\u00a0<a href=\"https:\/\/www.mun.ca\/\">https:\/\/www.mun.ca\/<\/a>\u00a0a Terranova.<\/li>\n<\/ul>\n<p>A Montr\u00e9al e zone limitrofe sono infine attivi i centri comunitari per il tempo libero, appartenenti al mondo dell\u2019associazionismo. Offrono corsi di lingue a bambini\/e, adolescenti e adulti\/e articolati in tre livelli: principiante, intermedio, avanzato. Tra i pi\u00f9 rappresentativi ricordiamo:<\/p>\n<ul>\n<li><em>Centre communautaire de loisirs Sainte-Catherine d\u2019Alexandrie<\/em><\/li>\n<li><em>Centre de loisirs du Vieux-Longueuil<\/em><\/li>\n<li><em>Centre de loisirs St-Bruno de Laval<\/em><\/li>\n<li><em>Centre communautaire \u201cLe Trait d\u2019Union\u201d.<\/em><\/li>\n<\/ul>\n<p>In Qu\u00e9bec, dove risiede il 97% della collettivit\u00e0 italiana censita nella circoscrizione, circa il 14% della popolazione parla una delle lingue d\u2019immigrazione, dette allofone. Ne sono state registrate quasi 150. Quella di Dante \u00e8 la terza, dopo arabo (2,5%) e spagnolo (2%). Le statistiche ufficiali segnalano che \u00e8 parlata da oltre 113.000 persone (1,4% del totale, ma il 10% di chi parla lingue allofone). Si stima che le nostre varianti dialettali siano usate, in diglossia, da almeno altre 150.000 persone. Se poco pi\u00f9 dello 0,5% della popolazione quebecchese parla una lingua autoctona, l\u201986% parla uno dei due idiomi ufficiali del Canada: francese (79%), lingua ufficiale della Provincia, o inglese (8%). Il trilinguismo \u00e8 molto diffuso ed \u00e8 la cifra distintiva di Montr\u00e9al.<\/p>\n<p>La lingua italiana, nonostante la presenza e la diffusione di altre lingue molto competitive, continua a riscuotere particolare interesse per una consistente ed eterogenea fascia di cittadini\/e, non solo italo-discendenti. Nel mondo scolastico strumenti strategici risultano essere gli accordi, i protocolli di intesa, le convenzioni con le scuole per estendere il modello del Programma PELO o altri programmi affini che mirano all\u2019integrazione dell\u2019italiano nel curricolo scolastico.<\/p>\n<p><strong><br \/>\nINIZIATIVE CULTURALI<\/strong><\/p>\n<p><a href=\"https:\/\/consmontreal.esteri.it\/consolato_montreal\/en\/la_comunicazione\/dal_consolato\/2021\/05\/dante-700-nel-mondo.html\"><strong>Dante 700 nel mondo<\/strong><\/a><\/p>\n<p><a href=\"https:\/\/consmontreal.esteri.it\/consolato_montreal\/en\/la_comunicazione\/dal_consolato\/2021\/05\/leggere-dante-come-perche.html\"><strong>Leggere Dante: come, perch\u00e9<\/strong><\/a><\/p>\n<p><a href=\"https:\/\/consmontreal.esteri.it\/wp-content\/uploads\/2023\/05\/geronimo_stilton.pdf\" target=\"_blank\" rel=\"noopener\"><strong>Geronimo Stilton &#8211; \u201cMILLE MERAVIGLIE. VIAGGIO ALLA SCOPERTA DELL\u2019ITALIA<\/strong><\/a><\/p>\n<\/div>\n","protected":false},"excerpt":{"rendered":"La rete dell\u2019italiano nella circoscrizione territoriale del Consolato Generale d\u2019Italia a Montr\u00e9al \u00e8 costituita dagli Enti Promotori nonch\u00e9 dalle Scuole, Universit\u00e0, Associazioni e altre Istituzioni che svolgono un importante ruolo nella promozione e nella diffusione della lingua e della cultura italiana. L\u2019English Montreal School Board (EMSB)\u00a0\u00e8 una Commissione scolastica che gestisce quattro scuole i cui [&hellip;]","protected":false},"author":5,"featured_media":0,"parent":541,"menu_order":5,"comment_status":"closed","ping_status":"closed","template":"","meta":{"footnotes":""},"class_list":["post-569","page","type-page","status-publish","hentry"],"_links":{"self":[{"href":"https:\/\/consmontreal.esteri.it\/it\/wp-json\/wp\/v2\/pages\/569","targetHints":{"allow":["GET"]}}],"collection":[{"href":"https:\/\/consmontreal.esteri.it\/it\/wp-json\/wp\/v2\/pages"}],"about":[{"href":"https:\/\/consmontreal.esteri.it\/it\/wp-json\/wp\/v2\/types\/page"}],"author":[{"embeddable":true,"href":"https:\/\/consmontreal.esteri.it\/it\/wp-json\/wp\/v2\/users\/5"}],"replies":[{"embeddable":true,"href":"https:\/\/consmontreal.esteri.it\/it\/wp-json\/wp\/v2\/comments?post=569"}],"version-history":[{"count":0,"href":"https:\/\/consmontreal.esteri.it\/it\/wp-json\/wp\/v2\/pages\/569\/revisions"}],"up":[{"embeddable":true,"href":"https:\/\/consmontreal.esteri.it\/it\/wp-json\/wp\/v2\/pages\/541"}],"wp:attachment":[{"href":"https:\/\/consmontreal.esteri.it\/it\/wp-json\/wp\/v2\/media?parent=569"}],"curies":[{"name":"wp","href":"https:\/\/api.w.org\/{rel}","templated":true}]}}