{"id":582,"date":"2023-05-04T21:19:35","date_gmt":"2023-05-04T19:19:35","guid":{"rendered":"https:\/\/consmontreal.esteri.it\/?page_id=582"},"modified":"2023-05-04T21:19:58","modified_gmt":"2023-05-04T19:19:58","slug":"studiare-in-italia","status":"publish","type":"page","link":"https:\/\/consmontreal.esteri.it\/it\/servizi-consolari-e-visti\/servizi-per-il-cittadino-italiano\/istruzione\/studiare-in-italia\/","title":{"rendered":"Studiare in Italia"},"content":{"rendered":"<p><strong>Costituzione Italiana<\/strong>\u00a0&#8211; articolo 33.<em>\u00a0\u201cL\u2019arte e la scienza sono libere e libero ne \u00e8 l\u2019insegnamento. La Repubblica detta le norme generali sull\u2019istruzione ed istituisce scuole statali per tutti gli ordini e gradi. Enti e privati hanno il diritto di istituire scuole ed istituti di educazione, senza oneri per lo Stato\u201d.<\/em><\/p>\n<p><strong>Il sistema educativo di istruzione e formazione in Italia<\/strong><\/p>\n<p><img decoding=\"async\" src=\"https:\/\/consmontreal.esteri.it\/consolato_montreal\/resource\/img\/2021\/04\/sistema_educativo_italia.png\" alt=\"sistema educativo italia\" \/><\/p>\n<p style=\"text-align: center;\">(Fonte: Eurydice\u00a0<a href=\"http:\/\/www.indire.it\/eurydice\">http:\/\/www.indire.it\/eurydice<\/a>)<\/p>\n<p><strong><br \/>\n<\/strong><strong>Nidi e Scuole dell&#8217;Infanzia<\/strong><\/p>\n<p>Il sistema educativo rivolto all\u2019infanzia prevede il sistema integrato di educazione e di istruzione dalla nascita sino a sei anni-non obbligatorio-(D.Lgs.65\/2017) che garantisce a tutte le bambine e i bambini, pari opportunit\u00e0 di sviluppare le proprie potenzialit\u00e0 di relazione, autonomia, creativit\u00e0 e apprendimento per superare disuguaglianze, barriere territoriali, economiche, etniche e culturali.<\/p>\n<p>Per maggiori informazioni:\u00a0<strong><a href=\"https:\/\/www.miur.gov.it\/sistema-educativo-di-istruzione-e-formazione\">https:\/\/www.miur.gov.it\/sistema-educativo-di-istruzione-e-formazione<\/a><\/strong><\/p>\n<p><strong>Scuole<\/strong><\/p>\n<p style=\"text-align: center;\"><img decoding=\"async\" class=\"aligncenter\" src=\"https:\/\/consmontreal.esteri.it\/consolato_montreal\/resource\/img\/2021\/04\/scuola_in_chiaro.png\" alt=\"scuola in chiaro\" \/><br \/>\n(Fonte MI)<\/p>\n<p>Per facilitare la scelta della scuola e per un migliore orientamento sul percorso di studi da seguire, il Ministero dell\u2019Istruzione ha creato il portale \u201cScuola in Chiaro\u201d, che pu\u00f2 essere utilizzato dalle famiglie, dalle studentesse e dagli studenti e da chiunque abbia interesse a conoscere le caratteristiche di una determinata istituzione scolastica. La ricerca guidata consente di confrontare le diverse scuole sia sul piano quantitativo che sulla qualit\u00e0 dell\u2019offerta formativa.<\/p>\n<p>Attraverso il portale \u201cScuola in chiaro\u201d si pu\u00f2 accedere a servizi utili come l\u2019iscrizione on-line.<br \/>\n<a href=\"https:\/\/www.miur.gov.it\/-\/scuola-in-chiaro\">https:\/\/www.miur.gov.it\/-\/scuola-in-chiaro<br \/>\n<\/a><a href=\"https:\/\/cercalatuascuola.istruzione.it\/cercalatuascuola\/\">https:\/\/cercalatuascuola.istruzione.it\/cercalatuascuola\/<\/a><\/p>\n<p><strong>Universit\u00e0<\/strong><\/p>\n<p><img decoding=\"async\" src=\"https:\/\/consmontreal.esteri.it\/consolato_montreal\/resource\/img\/2021\/04\/percorsi_universitari.png\" alt=\"percorsi universitari\" \/><\/p>\n<p>Il sistema italiano \u00e8 composto complessivamente da\u00a0<strong>97 Istituzioni universitarie<\/strong>\u00a0di cui:<\/p>\n<ul>\n<li>67 universit\u00e0 statali<\/li>\n<li>19 Universit\u00e0 non statali legalmente riconosciute (cosiddette private)<\/li>\n<li>11 Universit\u00e0 non statali telematiche legalmente riconosciute.<\/li>\n<\/ul>\n<p>Per approfondire l\u2019argomento si invita alla consultazione dei seguenti link generali:<\/p>\n<p><a href=\"http:\/\/attiministeriali.miur.it\/media\/211291\/il_sistema_universitario_italiano.pdf\">http:\/\/attiministeriali.miur.it\/media\/211291\/il_sistema_universitario_italiano.pdf<br \/>\n<\/a><a href=\"https:\/\/www.miur.gov.it\/web\/guest\/universita\">https:\/\/www.miur.gov.it\/web\/guest\/universita<\/a><\/p>\n<p>Qui si trovano approfondimenti per studiare in Italia:<\/p>\n<p><a href=\"https:\/\/www.studiare-in-italia.it\/studentistranieri\/\">https:\/\/www.studiare-in-italia.it\/studentistranieri\/<br \/>\n<\/a><a href=\"https:\/\/www.universitaly.it\/\">https:\/\/www.universitaly.it\/<br \/>\n<\/a><a href=\"http:\/\/www.cimea.it\/it\/index.aspx\">http:\/\/www.cimea.it\/it\/index.aspx<\/a><\/p>\n<p><strong><br \/>\nAlta Formazione Artistica e Musicale (AFAM)<\/strong><\/p>\n<p><img decoding=\"async\" class=\"aligncenter\" src=\"https:\/\/consmontreal.esteri.it\/consolato_montreal\/resource\/img\/2021\/04\/afam.png\" alt=\"afam\" \/><\/p>\n<p style=\"text-align: center;\">(Fonte MiUR)<\/p>\n<p>Il sistema dell\u2019Alta Formazione Artistica e Musicale (AFAM) \u00e8 stato istituito in Italia con la Legge n. 508 del 21 dicembre 1999. I titoli AFAM hanno valore legale e sono equiparati ai titoli universitari.<\/p>\n<p>Il sistema AFAM \u00e8 composto complessivamente da 145 istituzioni, di cui 82 statali e 63 non statali<\/p>\n<ul>\n<li>20 Accademie di belle arti statali<\/li>\n<li>1 Accademia nazionale d\u2019arte drammatica<\/li>\n<li>1 Accademia nazionale di danza<\/li>\n<li>55 Conservatori di musica statali<\/li>\n<li>18 ex Istituti musicali pareggiati<\/li>\n<li>5 Istituti superiori per le Industrie Artistiche<\/li>\n<li>18 Accademie di belle arti legalmente riconosciute, tra cui le cinque storiche di Genova, Verona, Perugia, Bergamo, Ravenna<\/li>\n<li>27 altri Istituti autorizzati a rilasciare titoli con valore legale<\/li>\n<\/ul>\n<p>Per approfondimenti:\u00a0<a href=\"https:\/\/www.miur.gov.it\/istituzioni-afam-riconosciute\">https:\/\/www.miur.gov.it\/istituzioni-afam-riconosciute<\/a><\/p>\n","protected":false},"excerpt":{"rendered":"Costituzione Italiana\u00a0&#8211; articolo 33.\u00a0\u201cL\u2019arte e la scienza sono libere e libero ne \u00e8 l\u2019insegnamento. La Repubblica detta le norme generali sull\u2019istruzione ed istituisce scuole statali per tutti gli ordini e gradi. Enti e privati hanno il diritto di istituire scuole ed istituti di educazione, senza oneri per lo Stato\u201d. Il sistema educativo di istruzione e [&hellip;]","protected":false},"author":5,"featured_media":0,"parent":541,"menu_order":7,"comment_status":"closed","ping_status":"closed","template":"","meta":{"footnotes":""},"class_list":["post-582","page","type-page","status-publish","hentry"],"_links":{"self":[{"href":"https:\/\/consmontreal.esteri.it\/it\/wp-json\/wp\/v2\/pages\/582","targetHints":{"allow":["GET"]}}],"collection":[{"href":"https:\/\/consmontreal.esteri.it\/it\/wp-json\/wp\/v2\/pages"}],"about":[{"href":"https:\/\/consmontreal.esteri.it\/it\/wp-json\/wp\/v2\/types\/page"}],"author":[{"embeddable":true,"href":"https:\/\/consmontreal.esteri.it\/it\/wp-json\/wp\/v2\/users\/5"}],"replies":[{"embeddable":true,"href":"https:\/\/consmontreal.esteri.it\/it\/wp-json\/wp\/v2\/comments?post=582"}],"version-history":[{"count":0,"href":"https:\/\/consmontreal.esteri.it\/it\/wp-json\/wp\/v2\/pages\/582\/revisions"}],"up":[{"embeddable":true,"href":"https:\/\/consmontreal.esteri.it\/it\/wp-json\/wp\/v2\/pages\/541"}],"wp:attachment":[{"href":"https:\/\/consmontreal.esteri.it\/it\/wp-json\/wp\/v2\/media?parent=582"}],"curies":[{"name":"wp","href":"https:\/\/api.w.org\/{rel}","templated":true}]}}