{"id":654,"date":"2023-05-08T19:00:11","date_gmt":"2023-05-08T17:00:11","guid":{"rendered":"https:\/\/consmontreal.esteri.it\/?page_id=654"},"modified":"2023-05-08T19:00:28","modified_gmt":"2023-05-08T17:00:28","slug":"rimpatrio-economico","status":"publish","type":"page","link":"https:\/\/consmontreal.esteri.it\/it\/servizi-consolari-e-visti\/servizi-per-il-cittadino-italiano\/assistenza-ai-cittadini-allestero\/rimpatrio-economico\/","title":{"rendered":"Rimpatrio economico"},"content":{"rendered":"<p>Il Consolato Generale provvede, in collaborazione con gli enti italiani territorialmente competenti (Prefetture, Questure, Comuni, Aziende Sanitarie Locali, Servizi Sociali), al\u00a0<strong>rimpatrio definitivo<\/strong>\u00a0del\/la cittadino\/a italiano\/a residente all\u2019estero che versi in\u00a0<strong>gravi condizioni d\u2019indigenza<\/strong>\u00a0e del\/la\u00a0<strong>minore italiano\/a in stato di abbandono<\/strong>.<\/p>\n<p>Il rimpatrio \u00e8 subordinato alla verifica della disponibilit\u00e0 dei congiunti ad assumersi in Italia le responsabilit\u00e0 connesse con il mantenimento e l\u2019assistenza del\/la interessato\/a. In assenza di tale disponibilit\u00e0, il rimpatrio \u00e8 coordinato con i Servizi Sociali del Comune di ultima residenza o di origine in Italia oppure attraverso il ricorso a fondi regionali.<\/p>\n<p>Il rimpatrio di minori in stato di abbandono \u00e8 effettuato a carico dell\u2019Erario, di concerto con il Tribunale dei Minori competente e i Servizi Sociali del Comune di residenza.<\/p>\n","protected":false},"excerpt":{"rendered":"Il Consolato Generale provvede, in collaborazione con gli enti italiani territorialmente competenti (Prefetture, Questure, Comuni, Aziende Sanitarie Locali, Servizi Sociali), al\u00a0rimpatrio definitivo\u00a0del\/la cittadino\/a italiano\/a residente all\u2019estero che versi in\u00a0gravi condizioni d\u2019indigenza\u00a0e del\/la\u00a0minore italiano\/a in stato di abbandono. Il rimpatrio \u00e8 subordinato alla verifica della disponibilit\u00e0 dei congiunti ad assumersi in Italia le responsabilit\u00e0 connesse con [&hellip;]","protected":false},"author":5,"featured_media":0,"parent":208,"menu_order":0,"comment_status":"closed","ping_status":"closed","template":"","meta":{"footnotes":""},"class_list":["post-654","page","type-page","status-publish","hentry"],"_links":{"self":[{"href":"https:\/\/consmontreal.esteri.it\/it\/wp-json\/wp\/v2\/pages\/654","targetHints":{"allow":["GET"]}}],"collection":[{"href":"https:\/\/consmontreal.esteri.it\/it\/wp-json\/wp\/v2\/pages"}],"about":[{"href":"https:\/\/consmontreal.esteri.it\/it\/wp-json\/wp\/v2\/types\/page"}],"author":[{"embeddable":true,"href":"https:\/\/consmontreal.esteri.it\/it\/wp-json\/wp\/v2\/users\/5"}],"replies":[{"embeddable":true,"href":"https:\/\/consmontreal.esteri.it\/it\/wp-json\/wp\/v2\/comments?post=654"}],"version-history":[{"count":0,"href":"https:\/\/consmontreal.esteri.it\/it\/wp-json\/wp\/v2\/pages\/654\/revisions"}],"up":[{"embeddable":true,"href":"https:\/\/consmontreal.esteri.it\/it\/wp-json\/wp\/v2\/pages\/208"}],"wp:attachment":[{"href":"https:\/\/consmontreal.esteri.it\/it\/wp-json\/wp\/v2\/media?parent=654"}],"curies":[{"name":"wp","href":"https:\/\/api.w.org\/{rel}","templated":true}]}}