{"id":656,"date":"2023-05-08T19:02:23","date_gmt":"2023-05-08T17:02:23","guid":{"rendered":"https:\/\/consmontreal.esteri.it\/?page_id=656"},"modified":"2023-05-08T23:27:43","modified_gmt":"2023-05-08T21:27:43","slug":"rimpatrio-sanitario","status":"publish","type":"page","link":"https:\/\/consmontreal.esteri.it\/it\/servizi-consolari-e-visti\/servizi-per-il-cittadino-italiano\/assistenza-ai-cittadini-allestero\/rimpatrio-sanitario\/","title":{"rendered":"Rimpatrio sanitario"},"content":{"rendered":"<p>Nel caso di ammalato\/a che abbia bisogno di ricovero ospedaliero in Italia, il Consolato Generale inviter\u00e0 i familiari a individuare una struttura medica nella quale il\/la connazionale verr\u00e0 ricoverato una volta giunto nel nostro Paese. In caso di difficolt\u00e0 da parte dei familiari, il Consolato Generale potr\u00e0 rivolgere la stessa richiesta alla Prefettura competente per territorio.<\/p>\n<p>Per attivarsi in questo senso, il Consolato Generale dovr\u00e0 acquisire un certificato medico che confermi che il\/la connazionale \u00e8 in condizioni di affrontare il viaggio (la c.d. \u201c<strong>trasportabilit\u00e0 aerea del paziente<\/strong>\u201d).<\/p>\n<p>In caso di rimpatrio sanitario pu\u00f2 essere concesso un sussidio a favore del\/la connazionale indigente stabilmente residente in Canada oppure un prestito con promessa di restituzione a favore del\/la connazionale di passaggio, in stato di temporanea indigenza per il ritorno in Italia su aerei di linea.<\/p>\n<p>Per il\/la connazionale colpito\/a da malattie che non consentono di firmare la promessa di restituzione, qualora i congiunti non possano provvedere al rimpatrio, verr\u00e0 acquisita la documentazione medica di temporanea incapacit\u00e0 di intendere e di volere dell\u2019interessato\/a.<\/p>\n","protected":false},"excerpt":{"rendered":"Nel caso di ammalato\/a che abbia bisogno di ricovero ospedaliero in Italia, il Consolato Generale inviter\u00e0 i familiari a individuare una struttura medica nella quale il\/la connazionale verr\u00e0 ricoverato una volta giunto nel nostro Paese. In caso di difficolt\u00e0 da parte dei familiari, il Consolato Generale potr\u00e0 rivolgere la stessa richiesta alla Prefettura competente per [&hellip;]","protected":false},"author":5,"featured_media":0,"parent":208,"menu_order":0,"comment_status":"closed","ping_status":"closed","template":"","meta":{"footnotes":""},"class_list":["post-656","page","type-page","status-publish","hentry"],"_links":{"self":[{"href":"https:\/\/consmontreal.esteri.it\/it\/wp-json\/wp\/v2\/pages\/656","targetHints":{"allow":["GET"]}}],"collection":[{"href":"https:\/\/consmontreal.esteri.it\/it\/wp-json\/wp\/v2\/pages"}],"about":[{"href":"https:\/\/consmontreal.esteri.it\/it\/wp-json\/wp\/v2\/types\/page"}],"author":[{"embeddable":true,"href":"https:\/\/consmontreal.esteri.it\/it\/wp-json\/wp\/v2\/users\/5"}],"replies":[{"embeddable":true,"href":"https:\/\/consmontreal.esteri.it\/it\/wp-json\/wp\/v2\/comments?post=656"}],"version-history":[{"count":0,"href":"https:\/\/consmontreal.esteri.it\/it\/wp-json\/wp\/v2\/pages\/656\/revisions"}],"up":[{"embeddable":true,"href":"https:\/\/consmontreal.esteri.it\/it\/wp-json\/wp\/v2\/pages\/208"}],"wp:attachment":[{"href":"https:\/\/consmontreal.esteri.it\/it\/wp-json\/wp\/v2\/media?parent=656"}],"curies":[{"name":"wp","href":"https:\/\/api.w.org\/{rel}","templated":true}]}}