{"id":850,"date":"2023-05-11T19:32:08","date_gmt":"2023-05-11T17:32:08","guid":{"rendered":"https:\/\/consmontreal.esteri.it\/?page_id=850"},"modified":"2023-05-11T19:32:08","modified_gmt":"2023-05-11T17:32:08","slug":"autocertificazione","status":"publish","type":"page","link":"https:\/\/consmontreal.esteri.it\/it\/servizi-consolari-e-visti\/servizi-per-il-cittadino-italiano\/servizi-notarili\/autocertificazione\/","title":{"rendered":"Autocertificazione"},"content":{"rendered":"<p>L\u2019<strong>autocertificazione<\/strong>\u00a0\u00e8 una dichiarazione che l\u2019interessato\/a redige e sottoscrive nel proprio interesse su stati, fatti e qualit\u00e0 personali e che utilizza nei rapporti con la Pubblica Amministrazione e con i gestori di pubblici servizi.<\/p>\n<p>Le norme sull\u2019autocertificazione si applicano ai\/lle\u00a0<strong>cittadini\/e italiani\/e e dell\u2019Unione Europea<\/strong>, nonch\u00e9 ai\/lle\u00a0<strong>cittadini\/e extracomunitari\/e, regolarmente soggiornanti in Italia<\/strong>, limitatamente ai dati verificabili o certificabili in Italia da soggetti pubblici.<\/p>\n<p>La possibilit\u00e0 di avvalersi dell\u2019autocertificazione non \u00e8 mai ammessa per: certificati medici, sanitari, veterinari, di origine, di conformit\u00e0 CE, per marchi o brevetti.<\/p>\n<p>Le Amministrazioni sono tenute a effettuare i controlli necessari in caso di dubbi sulla veridicit\u00e0 delle autocertificazioni.<\/p>\n<p>Dichiarazioni mendaci e atti falsi sono puniti ai sensi del codice penale e delle leggi speciali in materia (art. 76 DPR n. 445\/2000). Il\/la dichiarante, inoltre, decade dai benefici eventualmente conseguiti grazie a provvedimenti basati su dichiarazioni non veritiere.<\/p>\n<p><strong>Dichiarazioni sostitutive di certificazione<\/strong><\/p>\n<p>Ai sensi dell\u2019art. 46 del DPR n. 45\/2000, possono essere comprovati, tramite dichiarazione, i seguenti stati, qualit\u00e0 personali e fatti:<\/p>\n<ul>\n<li>data e luogo di nascita;<\/li>\n<li>residenza;<\/li>\n<li>cittadinanza;<\/li>\n<li>godimento dei diritti civili e politici;<\/li>\n<li>stato di celibe\/nubile, coniugato\/a, vedovo\/a o stato libero;<\/li>\n<li>stato di famiglia;<\/li>\n<li>esistenza in vita;<\/li>\n<li>nascita del\/la figlio\/a, decesso del\/la coniuge, dell\u2019ascendente o discendente;<\/li>\n<li>iscrizione in albi, in elenchi tenuti da pubbliche amministrazioni;<\/li>\n<li>appartenenza a ordini professionali;<\/li>\n<li>titolo di studio, esami sostenuti;<\/li>\n<li>qualifica professionale posseduta, titolo di specializzazione, di abilitazione, di formazione, di aggiornamento e di qualificazione tecnica;<\/li>\n<li>situazione reddituale o economica anche ai fini della concessione dei benefici di qualsiasi tipo previsti da leggi speciali;<\/li>\n<li>assolvimento di specifici obblighi contributivi con l\u2019indicazione dell\u2019ammontare corrisposto;<\/li>\n<li>possesso e numero del codice fiscale, della partita IVA e di qualsiasi dato presente nell&#8217;archivio dell\u2019anagrafe tributaria;<\/li>\n<li>stato di disoccupazione;<\/li>\n<li>qualit\u00e0 di pensionato\/a e categoria di pensione;<\/li>\n<li>qualit\u00e0 di studente\/essa;<\/li>\n<li>qualit\u00e0 di legale rappresentante di persone fisiche o giuridiche, tutore\/trice, curatore\/trice e simili;<\/li>\n<li>iscrizione presso associazioni o formazioni sociali di qualsiasi tipo;<\/li>\n<li>tutte le situazioni relative all\u2019adempimento degli obblighi militari, ivi comprese quelle attestate nel foglio matricolare dello stato di servizio;<\/li>\n<li>di non aver riportato condanne penali e di non essere destinatario\/a di provvedimenti che riguardano l\u2019applicazione di misure di prevenzione, di decisioni civili e di provvedimenti amministrativi iscritti nel casellario giudiziale ai sensi della vigente normativa;<\/li>\n<li>di non essere a conoscenza di essere sottoposto\/a a procedimenti penali;<\/li>\n<li>qualit\u00e0 di vivenza a carico;<\/li>\n<li>tutti i dati a diretta conoscenza dell&#8217;interessato\/a contenuti nei registri dello stato civile;<\/li>\n<li>di non trovarsi in stato di liquidazione o di fallimento e di non aver presentato domanda di concordato.<\/li>\n<\/ul>\n<p><strong>Le dichiarazioni sostitutive di certificazione<\/strong>, di cui all\u2019art. 46 del DPR n. 45\/2000, possono essere\u00a0<strong>sottoscritte in presenza<\/strong>\u00a0del\/la funzionario\/a addetto\/a oppure\u00a0<strong>presentate o inviate gi\u00e0 sottoscritte<\/strong>, purch\u00e9 a esse sia allegata una\u00a0<strong>copia di un documento d\u2019identit\u00e0<\/strong>\u00a0del\/la sottoscrittore\/trice.<\/p>\n<p><strong>Dichiarazione sostitutiva di atto di notoriet\u00e0<\/strong><\/p>\n<p>Il DPR n. 445\/2000 prevede, all\u2019art. 47, la possibilit\u00e0 di ricorrere a\u00a0<strong>dichiarazioni sostitutive di atto di notoriet\u00e0<\/strong>, ossia dichiarazioni concernenti stati, fatti e qualit\u00e0 personali che non rientrano tra quelli, autocertificabili, indicati dall\u2019art. 46.<\/p>\n<p>\u00c8 possibile, ad esempio, presentare dichiarazioni sostitutive di atto di notoriet\u00e0 per indicare: chi sono gli\/le eredi, la situazione di famiglia originaria o la propriet\u00e0 di un immobile.<\/p>\n<p>La dichiarazione resa nell\u2019interesse proprio del\/la dichiarante pu\u00f2 riguardare anche stati, qualit\u00e0 personali e fatti relativi ad altri soggetti di cui egli\/ella abbia diretta conoscenza, nonch\u00e9 la conformit\u00e0 all\u2019originale di copie di atti o documenti conservati o rilasciati da una pubblica amministrazione, di copie di pubblicazioni, di copie di titoli di studio o di servizio, ovvero di copie di documenti fiscali che devono essere obbligatoriamente conservati dai privati.<\/p>\n<p>La dichiarazione sostitutiva dell\u2019atto di notoriet\u00e0 non pu\u00f2 contenere manifestazioni di volont\u00e0 (impegni, rinunce, accettazioni, procure) e deleghe configuranti una procura.<\/p>\n<p><strong>Le dichiarazioni sostitutive di atto di notoriet\u00e0<\/strong>, di cui all\u2019art. 47 del DPR n. 45\/2000, possono essere\u00a0<strong>sottoscritte in presenza<\/strong>\u00a0del\/la funzionario\/a addetto\/a oppure\u00a0<strong>presentate o inviate gi\u00e0 sottoscritte<\/strong>, purch\u00e9 a esse sia allegata una\u00a0<strong>copia di un documento d\u2019identit\u00e0<\/strong>\u00a0del sottoscrittore.<\/p>\n","protected":false},"excerpt":{"rendered":"L\u2019autocertificazione\u00a0\u00e8 una dichiarazione che l\u2019interessato\/a redige e sottoscrive nel proprio interesse su stati, fatti e qualit\u00e0 personali e che utilizza nei rapporti con la Pubblica Amministrazione e con i gestori di pubblici servizi. Le norme sull\u2019autocertificazione si applicano ai\/lle\u00a0cittadini\/e italiani\/e e dell\u2019Unione Europea, nonch\u00e9 ai\/lle\u00a0cittadini\/e extracomunitari\/e, regolarmente soggiornanti in Italia, limitatamente ai dati verificabili o [&hellip;]","protected":false},"author":5,"featured_media":0,"parent":209,"menu_order":0,"comment_status":"closed","ping_status":"closed","template":"","meta":{"footnotes":""},"class_list":["post-850","page","type-page","status-publish","hentry"],"_links":{"self":[{"href":"https:\/\/consmontreal.esteri.it\/it\/wp-json\/wp\/v2\/pages\/850","targetHints":{"allow":["GET"]}}],"collection":[{"href":"https:\/\/consmontreal.esteri.it\/it\/wp-json\/wp\/v2\/pages"}],"about":[{"href":"https:\/\/consmontreal.esteri.it\/it\/wp-json\/wp\/v2\/types\/page"}],"author":[{"embeddable":true,"href":"https:\/\/consmontreal.esteri.it\/it\/wp-json\/wp\/v2\/users\/5"}],"replies":[{"embeddable":true,"href":"https:\/\/consmontreal.esteri.it\/it\/wp-json\/wp\/v2\/comments?post=850"}],"version-history":[{"count":0,"href":"https:\/\/consmontreal.esteri.it\/it\/wp-json\/wp\/v2\/pages\/850\/revisions"}],"up":[{"embeddable":true,"href":"https:\/\/consmontreal.esteri.it\/it\/wp-json\/wp\/v2\/pages\/209"}],"wp:attachment":[{"href":"https:\/\/consmontreal.esteri.it\/it\/wp-json\/wp\/v2\/media?parent=850"}],"curies":[{"name":"wp","href":"https:\/\/api.w.org\/{rel}","templated":true}]}}