{"id":868,"date":"2023-05-11T21:34:00","date_gmt":"2023-05-11T19:34:00","guid":{"rendered":"https:\/\/consmontreal.esteri.it\/?page_id=868"},"modified":"2026-04-03T00:55:18","modified_gmt":"2026-04-02T22:55:18","slug":"maggiorenni-residenti-in-questa-circoscrizione-consolare","status":"publish","type":"page","link":"https:\/\/consmontreal.esteri.it\/it\/servizi-consolari-e-visti\/servizi-per-il-cittadino-italiano\/passaporti-e-carte-didentita\/maggiorenni-residenti-in-questa-circoscrizione-consolare\/","title":{"rendered":"Passaporti per Maggiorenni"},"content":{"rendered":"<p>Per procedere alla prenotazione di un appuntamento \u00e8 necessario:<\/p>\n<ul>\n<li><strong>essere cittadino italiano,<\/strong><\/li>\n<li><strong>risiedere nella\u00a0circoscrizione\u00a0di questo Consolato Generale,<\/strong><\/li>\n<li><strong>essere regolarmente iscritto nell\u2019Anagrafe degli Italiani Residenti all\u2019Estero (AIRE)<\/strong><\/li>\n<li><strong>avere i propri dati personali completi ed\u00a0aggiornati sul portale FASTIT<\/strong>\u00a0(stato civile, presenza di figli minori, indirizzo aggiornato ecc.).<\/li>\n<\/ul>\n<p>&nbsp;<\/p>\n<ol>\n<li><strong> Prenotare un appuntamento per il rilascio del passaporto<\/strong><\/li>\n<\/ol>\n<p><strong>L\u2019appuntamento per il rilascio del nuovo passaporto va prenotato tramite il sistema online Prenot@Mi,<\/strong> sul quale bisogner\u00e0 registrarsi per poter accedere al calendario del servizio.<\/p>\n<p>I dati dell\u2019account Prenotami devono corrispondere esattamente con i dati anagrafici del richiedente (cognome da nubile per le signore). La creazione dell\u2019account \u00e8 riservata ai soli cittadini maggiorenni. Per i cittadini minorenni di et\u00e0 inferiore ai 12 anni. Per cittadini di et\u00e0 tra i 12 ed i 18. Non appena effettuata la prenotazione, il\/la richiedente dovr\u00e0 inviare a montreal.passaporti@esteri.it:<\/p>\n<ol>\n<li>il formulario di richiesta, debitamente compilato e firmato;<\/li>\n<li>una copia del passaporto italiano in suo possesso, dove compaiono i dati personali, la firma e l\u2019Autorit\u00e0 di rilascio. Nel caso di rilascio di primo passaporto italiano, occorre inviare copia di un documento di riconoscimento in corso di validit\u00e0; la dimensione totale degli allegati (in formato PDF) non deve superare i 5MB; per scansioni con il cellulare, potete utilizzare la funzione scan di Notes (iOS) o di Google Drive (Android).<\/li>\n<\/ol>\n<p><strong><u>N.B.: Una volta prenotato l\u2019appuntamento, \u00e8 sempre necessario confermarlo tramite Prenot@mi<\/u><\/strong><strong> <u>tra il decimo e il terzo giorno prima della data fissata; in caso contrario, l\u2019appuntamento sar\u00e0 annullato automaticamente.<\/u><\/strong><\/p>\n<p>&nbsp;<\/p>\n<ol start=\"2\">\n<li><strong> Il giorno dell\u2019appuntamento<\/strong> \u00e8 necessario presentarsi personalmente muniti di:<\/li>\n<li><strong>l\u2019originale del formulario di richiesta passaporto<\/strong> inviato per e-mail, debitamente compilato e firmato;<\/li>\n<li><strong>il passaporto italiano<\/strong> o il documento di riconoscimento gi\u00e0 inviato per e-mail;<\/li>\n<li><strong>due fotografie recenti<\/strong> (max 6 mesi), identiche, viso frontale e centrato, espressione neutra. <strong>Le foto dovranno essere nel formato richiesto per il passaporto canadese<\/strong> (5 x 7 cm);<\/li>\n<li><strong>Il pagamento nell\u2019ammontare esatto <\/strong>-esclusivamente in valuta canadese- per il pagamento inerente al rilascio del passaporto, in contanti, money order o bank draft; la tariffa aggiornata trimestralmente \u00e8 consultabile nella tabella consolare, sezione 3, alla voce \u201cpassaporto\u201d.<\/li>\n<\/ol>\n<p>Si informano i connazionali genitori di figli minori che a partire dal 14 giugno 2023 non sar\u00e0 pi\u00f9 necessario presentare l\u2019atto di assenso dell\u2019altro genitore ai fini del rilascio del proprio documento d\u2019identit\u00e0 (passaporto e CIE), ai sensi del D.L. 69\/2023.<\/p>\n<p>Nello specifico la nuova normativa indica che in caso di concreto ed attuale pericolo che, a causa del trasferimento all\u2019estero, questo possa sottrarsi all\u2019adempimento dei suoi obblighi verso i figli, sar\u00e0 possibile per l\u2019altro genitore richiedere un\u2019inibitoria al rilascio del documento.<\/p>\n<p>L\u2019istanza potr\u00e0 essere presentata presso il giudice competente presso il Tribunale ordinario in cui il minore ha la residenza abituale ovvero, se il minore \u00e8 residente all\u2019estero, il Tribunale nel cui circondario si trova il suo Comune di iscrizione AIRE.<\/p>\n<p>Per maggiori informazioni:\u00a0<a href=\"mailto:montreal.passaporti@esteri.it\">montreal.passaporti@esteri.it<\/a><\/p>\n","protected":false},"excerpt":{"rendered":"Per procedere alla prenotazione di un appuntamento \u00e8 necessario: essere cittadino italiano, risiedere nella\u00a0circoscrizione\u00a0di questo Consolato Generale, essere regolarmente iscritto nell\u2019Anagrafe degli Italiani Residenti all\u2019Estero (AIRE) avere i propri dati personali completi ed\u00a0aggiornati sul portale FASTIT\u00a0(stato civile, presenza di figli minori, indirizzo aggiornato ecc.). &nbsp; Prenotare un appuntamento per il rilascio del passaporto L\u2019appuntamento per [&hellip;]","protected":false},"author":5,"featured_media":0,"parent":201,"menu_order":0,"comment_status":"closed","ping_status":"closed","template":"","meta":{"footnotes":""},"class_list":["post-868","page","type-page","status-publish","hentry"],"_links":{"self":[{"href":"https:\/\/consmontreal.esteri.it\/it\/wp-json\/wp\/v2\/pages\/868","targetHints":{"allow":["GET"]}}],"collection":[{"href":"https:\/\/consmontreal.esteri.it\/it\/wp-json\/wp\/v2\/pages"}],"about":[{"href":"https:\/\/consmontreal.esteri.it\/it\/wp-json\/wp\/v2\/types\/page"}],"author":[{"embeddable":true,"href":"https:\/\/consmontreal.esteri.it\/it\/wp-json\/wp\/v2\/users\/5"}],"replies":[{"embeddable":true,"href":"https:\/\/consmontreal.esteri.it\/it\/wp-json\/wp\/v2\/comments?post=868"}],"version-history":[{"count":8,"href":"https:\/\/consmontreal.esteri.it\/it\/wp-json\/wp\/v2\/pages\/868\/revisions"}],"predecessor-version":[{"id":6272,"href":"https:\/\/consmontreal.esteri.it\/it\/wp-json\/wp\/v2\/pages\/868\/revisions\/6272"}],"up":[{"embeddable":true,"href":"https:\/\/consmontreal.esteri.it\/it\/wp-json\/wp\/v2\/pages\/201"}],"wp:attachment":[{"href":"https:\/\/consmontreal.esteri.it\/it\/wp-json\/wp\/v2\/media?parent=868"}],"curies":[{"name":"wp","href":"https:\/\/api.w.org\/{rel}","templated":true}]}}