{"id":896,"date":"2023-05-12T00:18:23","date_gmt":"2023-05-11T22:18:23","guid":{"rendered":"https:\/\/consmontreal.esteri.it\/?page_id=896"},"modified":"2023-05-12T00:18:23","modified_gmt":"2023-05-11T22:18:23","slug":"rimborso-di-buoni-fruttiferi-postali-e-libretti-di-risparmio-postale","status":"publish","type":"page","link":"https:\/\/consmontreal.esteri.it\/it\/servizi-consolari-e-visti\/servizi-per-il-cittadino-italiano\/rimborso-di-buoni-fruttiferi-postali-e-libretti-di-risparmio-postale\/","title":{"rendered":"Rimborso di Buoni fruttiferi postali e Libretti di risparmio postale"},"content":{"rendered":"<p>Per richiedere il rimborso dei Buoni fruttiferi postali o delle somme depositate sui libretti nominativi di risparmio postale, occorre seguire questa procedura:<\/p>\n<p>1) Compilare il\u00a0<a href=\"https:\/\/consmontreal.esteri.it\/wp-content\/uploads\/2023\/04\/modello_w14_-_buoni_fruttiferi_postali_libretti_postali.doc\" target=\"_blank\" rel=\"noopener\"><strong>modulo di richiesta rimborso<\/strong>\u00a0(mod. W14)<\/a><\/p>\n<p>2) Compilare il\u00a0<a href=\"https:\/\/consmontreal.esteri.it\/wp-content\/uploads\/2023\/04\/scelta_pagamento_titoli_postali.doc\" target=\"_blank\" rel=\"noopener\"><strong>modulo di scelta della forma di pagamento<\/strong><\/a>\u00a0(assegno o bonifico bancario). \u00c8 importante compilare il modulo in maniera completa e leggibile, riportando tutti i dati richiesti.<\/p>\n<p>3) Prenotare un appuntamento tramite l\u2019applicativo\u00a0<a href=\"https:\/\/prenotami.esteri.it\/\">Prenot@mi<\/a>\u00a0per l\u2019autenticazione della firma. Il\/La richiedente dovr\u00e0 presentarsi in Consolato Generale munito\/a di un documento d\u2019identit\u00e0 in corso di validit\u00e0, del codice fiscale e dei moduli gi\u00e0 compilati e non firmati. La firma sar\u00e0 infatti apposta in presenza del\/la funzionario\/a incaricato\/a. Per l\u2019autentica di firma si applica l\u2019art. 24 della\u00a0<a href=\"https:\/\/consmontreal.esteri.it\/consolato_montreal\/it\/la_comunicazione\/albo%20consolare\/tariffe-consolari.html\">Tabella di tariffe consolari<\/a>. Il pagamento avverr\u00e0 in\u00a0<strong>dollari canadesi contanti<\/strong>.<\/p>\n<p>4) Dopo aver ottenuto l\u2019autenticazione,<strong>\u00a0inviare a Poste Italiane Spa<\/strong>:<\/p>\n<ol>\n<li>i due moduli autenticati;<\/li>\n<li>una copia del documento d\u2019identit\u00e0 (italiano o canadese) in corso di validit\u00e0;<\/li>\n<li>una copia del codice fiscale;<\/li>\n<li>i Buoni fruttiferi postali e\/o i Libretti di risparmio postale in originale. Prima di spedire, si consiglia di fotocopiare fronte retro i Buoni Fruttiferi Postali; per i Libretti di Risparmio fotocopiare la prima pagina di intestazione del libretto e quella contenente il saldo.<\/li>\n<\/ol>\n<p><strong>Indirizzo per la spedizione:<br \/>\n<\/strong>Poste Italiane SpA<br \/>\nBancoposta<br \/>\nOperazioni Servizio Risparmio<br \/>\nVia di Tor Pagnotta, 2<br \/>\n00143 Roma<\/p>\n<p>Per ulteriori informazioni, l\u2019utente pu\u00f2 rivolgersi a uno dei\u00a0<a href=\"https:\/\/consmontreal.esteri.it\/it\/servizi-consolari-e-visti\/servizi-per-il-cittadino-italiano\/altri-servizi\/modulistica\/elenco-patronati\/\" target=\"_blank\" rel=\"noopener\">Patronati riconosciuti da questo Consolato Generale<\/a>\u00a0e operanti in questa Circoscrizione consolare.<\/p>\n","protected":false},"excerpt":{"rendered":"Per richiedere il rimborso dei Buoni fruttiferi postali o delle somme depositate sui libretti nominativi di risparmio postale, occorre seguire questa procedura: 1) Compilare il\u00a0modulo di richiesta rimborso\u00a0(mod. W14) 2) Compilare il\u00a0modulo di scelta della forma di pagamento\u00a0(assegno o bonifico bancario). \u00c8 importante compilare il modulo in maniera completa e leggibile, riportando tutti i dati [&hellip;]","protected":false},"author":5,"featured_media":0,"parent":90,"menu_order":0,"comment_status":"closed","ping_status":"closed","template":"","meta":{"footnotes":""},"class_list":["post-896","page","type-page","status-publish","hentry"],"_links":{"self":[{"href":"https:\/\/consmontreal.esteri.it\/it\/wp-json\/wp\/v2\/pages\/896","targetHints":{"allow":["GET"]}}],"collection":[{"href":"https:\/\/consmontreal.esteri.it\/it\/wp-json\/wp\/v2\/pages"}],"about":[{"href":"https:\/\/consmontreal.esteri.it\/it\/wp-json\/wp\/v2\/types\/page"}],"author":[{"embeddable":true,"href":"https:\/\/consmontreal.esteri.it\/it\/wp-json\/wp\/v2\/users\/5"}],"replies":[{"embeddable":true,"href":"https:\/\/consmontreal.esteri.it\/it\/wp-json\/wp\/v2\/comments?post=896"}],"version-history":[{"count":0,"href":"https:\/\/consmontreal.esteri.it\/it\/wp-json\/wp\/v2\/pages\/896\/revisions"}],"up":[{"embeddable":true,"href":"https:\/\/consmontreal.esteri.it\/it\/wp-json\/wp\/v2\/pages\/90"}],"wp:attachment":[{"href":"https:\/\/consmontreal.esteri.it\/it\/wp-json\/wp\/v2\/media?parent=896"}],"curies":[{"name":"wp","href":"https:\/\/api.w.org\/{rel}","templated":true}]}}