{"id":937,"date":"2023-05-12T02:04:52","date_gmt":"2023-05-12T00:04:52","guid":{"rendered":"https:\/\/consmontreal.esteri.it\/?page_id=937"},"modified":"2023-05-12T02:04:52","modified_gmt":"2023-05-12T00:04:52","slug":"elezioni-com-it-es-2021","status":"publish","type":"page","link":"https:\/\/consmontreal.esteri.it\/it\/servizi-consolari-e-visti\/servizi-per-il-cittadino-italiano\/servizi-elettorali\/elezioni-com-it-es\/elezioni-com-it-es-2021\/","title":{"rendered":"Elezioni Com.It.Es 2021"},"content":{"rendered":"<p><strong>Essere parte di una comunit\u00e0 e fare rete: grazie ai Com.It.Es, puoi!<\/strong><\/p>\n<p><strong>Chi pu\u00f2 votare? Tutti gli italiani iscritti all\u2019AIRE da almeno 6 mesi potranno eleggere i propri rappresentanti registrandosi per votare tramite mail, pec, o tramite il portale Fast-It, o recandosi personalmente in Consolato Generale<\/strong><\/p>\n<p><strong>Sono 124 le circoscrizioni che hanno superato i 3.000 connazionali residenti, chiamate per questo ad eleggere i Com.It.Es.. Dove ci sono gli italiani, ci sono i Com.It.Es.!!!<\/strong><\/p>\n<p><strong>Essere coinvolti nella vita e nelle attivit\u00e0 del Com.It.Es. vuol dire essere comunit\u00e0: se aiuti il Com.It.Es., il Com.It.Es. ti aiuta!<\/strong><\/p>\n<p><strong>Tanti, diversi e utili i prgetti reallizati dai Comites: quali sono? Scoprilo guardando questo video.<\/strong><\/p>\n<p><strong>Ascolta alcuni esempi di iniziative realizzate dai Com.It.Es&#8230; tante altre potranno nascere in seno ai nuovi Comitati!<\/strong><\/p>\n<p><strong>Modalit\u00e0 per ricevere il plico elettorale<\/strong><\/p>\n<p>&nbsp;<\/p>\n<p>Si ricorda che\u00a0<strong>a partire dal 19 novembre<\/strong>\u00a0l&#8217;elettore che\u00a0<strong>non abbia<\/strong>\u00a0ricevuto il plico elettorale presso il proprio domicilio potr\u00e0 richiederne un\u00a0<strong>duplicato<\/strong>\u00a0all&#8217;ufficio consolare.<br \/>\nNON e&#8217; richiesto che l&#8217;interessato si presenti PERSONALMENTE presso l&#8217;Ufficio consolare per il rilascio di un duplicato.<br \/>\nE&#8217; possibile inviare la richiesta di duplicato (clicca qui per il modulo) per e-mail o posta ordinaria purch\u00e8 accompagnata da copia di un documento di riconoscimento (anche se emesso da Autorit\u00e0 locali, purch\u00e8 valido).<\/p>\n<p>Le elezioni per il rinnovo e l\u2019istituzione dei Com.It.Es si terranno il prossimo 3 dicembre 2021 (articolo 14, comma 3, del decreto-legge n. 162 del 30 dicembre 2019, convertito in legge n. 118 del 28 febbraio 2020).<\/p>\n<p>&nbsp;<\/p>\n<p><strong>Cosa sono i Com.It.Es?<\/strong><br \/>\nI Comitati degli italiani all\u2019estero (Com.It.Es) sono organi di rappresentanza della collettivit\u00e0 italiana nei rapporti con le rappresentanze diplomatico-consolari e operano per l\u2019integrazione della comunit\u00e0 italiana residente nel Paese straniero in cui si trovano.<\/p>\n<p>Cosa fanno?<br \/>\nRappresentano la Comunit\u00e0 italiana, promuovendone gli interessi; favoriscono l&#8217;inserimento della nuova mobilit\u00e0 e preservano la memoria storica dell&#8217;emigrazione italiana.<\/p>\n<p>Quanti sono?<br \/>\nNel mondo sono presenti 108 Com.It.Es, di cui 50 in Europa, 44 nelle Americhe, 7 in Asia e Oceania, 4 nell\u2019area medio-orientale e 3 in Africa sub-sahariana. Una presenza importante, per rappresentare e promuovere gli interessi della comunit\u00e0 italiana nel mondo.<\/p>\n<p>Da chi sono eletti e quando si formano?<br \/>\nSono eletti direttamente dai connazionali residenti all&#8217;estero in ciascuna circoscrizione consolare ove risiedono almeno tremila connazionali.<\/p>\n<p>Chi ne fa parte?<br \/>\nSono composti da 12 o da 18 membri, eletti in circoscrizioni consolari rispettivamente sotto o sopra la soglia dei 100.000 connazionali residenti AIRE, e restano in carica 5 anni.<\/p>\n<p><strong>Come si vota?<\/strong><\/p>\n<p>A questo importante appuntamento elettorale potranno partecipare gli elettori, in possesso dei requisiti di legge per l\u2019elettorato attivo, residenti e iscritti all\u2019AIRE nella circoscrizione consolare da almeno 6 mesi (rispetto alla data delle elezioni).<\/p>\n<p>\u00c8 possibile iscriversi sin d\u2019ora nella lista elettorale di questo Consolato Generale attraverso il portale dei servizi consolari FAST IT disponbile alla sezione dedicata \u201cDomanda di iscrizione nell\u2019elenco elettorale per le elezioni dei Comites\u201d a questo link:\u00a0<a href=\"https:\/\/serviziconsolari.esteri.it\/ScoFE\/index.sco\">https:\/\/serviziconsolari.esteri.it\/ScoFE\/index.sco<\/a>.<\/p>\n<p>La procedura sul portale Fast-It \u00e8 interamente guidata e tutta digitale, per una massima rapidit\u00e0 e sicurezza.<\/p>\n<p>In alternativa il cittadino potr\u00e0 far pervenire il\u00a0modulo di iscrizione nell\u2019elenco elettorale\u00a0per le elezioni dei Com.It.Es. in uno dei seguenti modi:<\/p>\n<ol>\n<li>inviandolo per posta elettronica ordinaria (e-mail) all\u2019indirizzo\u00a0<strong><a href=\"mailto:montreal.elettorale@esteri.it,\">montreal.elettorale@esteri.it<\/a>,<\/strong>\u00a0insieme a copia del documento d\u2019identit\u00e0 comprensivo della firma del titolare;<\/li>\n<li>inviandolo per posta cartacea insieme alla fotocopia di un documento di identit\u00e0 comprensivo della firma del titolare;<\/li>\n<li>consegnandolo di persona, munito di un documento di identit\u00e0 comprensivo della firma del titolare e senza appuntamento.<\/li>\n<\/ol>\n<p>ATTENZIONE: per ricevere il plico elettorale l\u2019elettore deve quindi richiedere al proprio consolato di riferimento di essere iscritto nell\u2019elenco elettorale, ENTRO E NON OLTRE IL 3 NOVEMBRE 2021.<\/p>\n<p><a href=\"https:\/\/consmontreal.esteri.it\/wp-content\/uploads\/2023\/05\/manifesto_elettorale.pdf\" target=\"_blank\" rel=\"noopener\"><strong>Clicca qui per visualizzare l&#8217;elenco dei candidati<\/strong><\/a><\/p>\n<p><strong>Per maggiori informazioni sulle modalit\u00e0 di presentazione delle liste e autenticazione delle firme dei sottoscrittori\u00a0<a href=\"https:\/\/consmontreal.esteri.it\/consolato_montreal\/resource\/doc\/2021\/09\/nota_presentazione_liste_candidati.pdf\" target=\"_blank\" rel=\"noopener\">clicca qui<\/a>.<\/strong><\/p>\n<ol>\n<li><a href=\"https:\/\/consmontreal.esteri.it\/wp-content\/uploads\/2023\/05\/designazione_rappresentati_di_lista_effettivo_e_supplente.docx\" target=\"_blank\" rel=\"noopener\"><strong>Designazione rappresentanti di lista.<\/strong><\/a><\/li>\n<li><a href=\"https:\/\/consmontreal.esteri.it\/consolato_montreal\/resource\/doc\/2021\/09\/ricevuta_di_avvenuta_presentazione_degli_atti_relativi_ad_una_lista_dei_candidati_-_bis.doc\" target=\"_blank\" rel=\"noopener\"><strong>Ricevuta di presentazione degli atti relativi alla lista dei candidati.<\/strong><\/a><\/li>\n<li><a href=\"https:\/\/consmontreal.esteri.it\/consolato_montreal\/resource\/doc\/2021\/09\/modulo_accettazione_candidatura.docx\" target=\"_blank\" rel=\"noopener\"><strong>Modulo accettazione candidatura.<\/strong><\/a><\/li>\n<li><a href=\"https:\/\/consmontreal.esteri.it\/consolato_montreal\/resource\/doc\/2021\/09\/modello_di_dich_di_presentazione_lista_cand._atto_principale_-_modificato_-_dl.117-21_1.doc\" target=\"_blank\" rel=\"noopener\"><strong>Modello di presentazione \u2013 atto principale.<\/strong><\/a><\/li>\n<li><a href=\"https:\/\/consmontreal.esteri.it\/consolato_montreal\/resource\/doc\/2021\/09\/modello_di_dich_di_presentazione_lista_cand._atto_separato_-_modificato_-_dl.117-21_1.doc\" target=\"_blank\" rel=\"noopener\"><strong>Modello di presentazione \u2013 atto separato.<\/strong><\/a><\/li>\n<li><a href=\"https:\/\/consmontreal.esteri.it\/consolato_montreal\/resource\/doc\/2021\/09\/dichiarazione_di_presentazione_lista_candidati_-_informativa_sul_trattamento_dei_dati_1.docx\" target=\"_blank\" rel=\"noopener\"><strong>Informativa trattamento privacy.<\/strong><\/a><\/li>\n<\/ol>\n<p>Per ulteriori informazioni visita il sito della Farnesina:<\/p>\n<p><a href=\"https:\/\/www.esteri.it\/mae\/it\/servizi\/italiani-all-estero\/organismirappresentativi\/comites.html\">https:\/\/www.esteri.it\/mae\/it\/servizi\/italiani-all-estero\/organismirappresentativi\/comites.html<\/a><\/p>\n<p>Videoclip &#8220;Comites, dalla parte degli italiani nel mondo&#8221;:<br \/>\n<a href=\"https:\/\/www.youtube.com\/watch?v=-Sh-FrJWDwM\">https:\/\/www.youtube.com\/watch?v=-Sh-FrJWDwM<\/a><\/p>\n","protected":false},"excerpt":{"rendered":"Essere parte di una comunit\u00e0 e fare rete: grazie ai Com.It.Es, puoi! Chi pu\u00f2 votare? Tutti gli italiani iscritti all\u2019AIRE da almeno 6 mesi potranno eleggere i propri rappresentanti registrandosi per votare tramite mail, pec, o tramite il portale Fast-It, o recandosi personalmente in Consolato Generale Sono 124 le circoscrizioni che hanno superato i 3.000 [&hellip;]","protected":false},"author":5,"featured_media":0,"parent":934,"menu_order":0,"comment_status":"closed","ping_status":"closed","template":"","meta":{"footnotes":""},"class_list":["post-937","page","type-page","status-publish","hentry"],"_links":{"self":[{"href":"https:\/\/consmontreal.esteri.it\/it\/wp-json\/wp\/v2\/pages\/937","targetHints":{"allow":["GET"]}}],"collection":[{"href":"https:\/\/consmontreal.esteri.it\/it\/wp-json\/wp\/v2\/pages"}],"about":[{"href":"https:\/\/consmontreal.esteri.it\/it\/wp-json\/wp\/v2\/types\/page"}],"author":[{"embeddable":true,"href":"https:\/\/consmontreal.esteri.it\/it\/wp-json\/wp\/v2\/users\/5"}],"replies":[{"embeddable":true,"href":"https:\/\/consmontreal.esteri.it\/it\/wp-json\/wp\/v2\/comments?post=937"}],"version-history":[{"count":0,"href":"https:\/\/consmontreal.esteri.it\/it\/wp-json\/wp\/v2\/pages\/937\/revisions"}],"up":[{"embeddable":true,"href":"https:\/\/consmontreal.esteri.it\/it\/wp-json\/wp\/v2\/pages\/934"}],"wp:attachment":[{"href":"https:\/\/consmontreal.esteri.it\/it\/wp-json\/wp\/v2\/media?parent=937"}],"curies":[{"name":"wp","href":"https:\/\/api.w.org\/{rel}","templated":true}]}}