{"id":94,"date":"2023-01-04T18:50:42","date_gmt":"2023-01-04T17:50:42","guid":{"rendered":"https:\/\/consmontreal.esteri.it\/?page_id=94"},"modified":"2024-02-09T19:28:26","modified_gmt":"2024-02-09T18:28:26","slug":"numeri-di-emergenza","status":"publish","type":"page","link":"https:\/\/consmontreal.esteri.it\/it\/chi-siamo\/numeri-di-emergenza\/","title":{"rendered":"Numeri di emergenza"},"content":{"rendered":"<p><strong>Cellulare d&#8217;Emergenza<\/strong><\/p>\n<p>Il cellulare di emergenza \u00e8 attivo<strong>\u00a0dalle ore 15:00 alle 21:00 del venerd\u00ec e dalle ore 9:00 alle 21:00 del sabato, la domenica ed i\u00a0<a href=\"https:\/\/consmontreal.esteri.it\/it\/chi-siamo\/la-sede\/calendario-delle-festivita-2024\/\" target=\"_blank\" rel=\"noopener\">giorni festivi<\/a><\/strong>. <strong>Nessun servizio consolare pu\u00f2 in ogni caso essere erogato durante la notte, quando il Consolato Generale \u00e8 chiuso<\/strong>.<br \/>\nIl numero del cellulare di emergenza \u00e8 il: +1 514 240-9991<\/p>\n","protected":false},"excerpt":{"rendered":"Cellulare d&#8217;Emergenza Il cellulare di emergenza \u00e8 attivo\u00a0dalle ore 15:00 alle 21:00 del venerd\u00ec e dalle ore 9:00 alle 21:00 del sabato, la domenica ed i\u00a0giorni festivi. Nessun servizio consolare pu\u00f2 in ogni caso essere erogato durante la notte, quando il Consolato Generale \u00e8 chiuso. Il numero del cellulare di emergenza \u00e8 il: +1 514 [&hellip;]","protected":false},"author":2,"featured_media":0,"parent":12,"menu_order":0,"comment_status":"closed","ping_status":"closed","template":"","meta":{"footnotes":""},"class_list":["post-94","page","type-page","status-publish","hentry"],"_links":{"self":[{"href":"https:\/\/consmontreal.esteri.it\/it\/wp-json\/wp\/v2\/pages\/94","targetHints":{"allow":["GET"]}}],"collection":[{"href":"https:\/\/consmontreal.esteri.it\/it\/wp-json\/wp\/v2\/pages"}],"about":[{"href":"https:\/\/consmontreal.esteri.it\/it\/wp-json\/wp\/v2\/types\/page"}],"author":[{"embeddable":true,"href":"https:\/\/consmontreal.esteri.it\/it\/wp-json\/wp\/v2\/users\/2"}],"replies":[{"embeddable":true,"href":"https:\/\/consmontreal.esteri.it\/it\/wp-json\/wp\/v2\/comments?post=94"}],"version-history":[{"count":4,"href":"https:\/\/consmontreal.esteri.it\/it\/wp-json\/wp\/v2\/pages\/94\/revisions"}],"predecessor-version":[{"id":2645,"href":"https:\/\/consmontreal.esteri.it\/it\/wp-json\/wp\/v2\/pages\/94\/revisions\/2645"}],"up":[{"embeddable":true,"href":"https:\/\/consmontreal.esteri.it\/it\/wp-json\/wp\/v2\/pages\/12"}],"wp:attachment":[{"href":"https:\/\/consmontreal.esteri.it\/it\/wp-json\/wp\/v2\/media?parent=94"}],"curies":[{"name":"wp","href":"https:\/\/api.w.org\/{rel}","templated":true}]}}